{"id":77,"date":"2021-04-09T21:13:36","date_gmt":"2021-04-09T21:13:36","guid":{"rendered":"https:\/\/puceapex.puce.edu.ec\/web\/violencia-noviazgo\/?page_id=77"},"modified":"2021-10-19T19:46:30","modified_gmt":"2021-10-19T19:46:30","slug":"busca-ayuda","status":"publish","type":"page","link":"https:\/\/puceapex.puce.edu.ec\/web\/violencia-noviazgo\/busca-ayuda\/","title":{"rendered":"Busca ayuda"},"content":{"rendered":"<p>[et_pb_section fb_built=\u00bb1&#8243; _builder_version=\u00bb4.9.4&#8243; use_background_color_gradient=\u00bbon\u00bb background_color_gradient_start=\u00bbrgba(255,255,255,0.22)\u00bb background_color_gradient_end=\u00bb#ffffff\u00bb background_color_gradient_start_position=\u00bb63%\u00bb background_color_gradient_overlays_image=\u00bbon\u00bb background_image=\u00bbhttps:\/\/puceapex.puce.edu.ec\/web\/violencia-noviazgo\/wp-content\/uploads\/sites\/20\/2021\/04\/therapist-02.png\u00bb custom_margin=\u00bb||||false\u00bb custom_padding=\u00bb10vw||4vw||false|false\u00bb da_disable_devices=\u00bboff|off|off\u00bb da_is_popup=\u00bboff\u00bb da_exit_intent=\u00bboff\u00bb da_has_close=\u00bbon\u00bb da_alt_close=\u00bboff\u00bb da_dark_close=\u00bboff\u00bb da_not_modal=\u00bbon\u00bb da_is_singular=\u00bboff\u00bb da_with_loader=\u00bboff\u00bb da_has_shadow=\u00bbon\u00bb][et_pb_row _builder_version=\u00bb4.9.4&#8243; animation_style=\u00bbfade\u00bb animation_duration=\u00bb300ms\u00bb][et_pb_column type=\u00bb4_4&#8243; _builder_version=\u00bb3.25&#8243; custom_padding=\u00bb|||\u00bb custom_padding__hover=\u00bb|||\u00bb][et_pb_text _builder_version=\u00bb4.9.3&#8243; text_font=\u00bb||||||||\u00bb text_font_size=\u00bb18px\u00bb text_line_height=\u00bb2em\u00bb header_font=\u00bbMontserrat|500|||||||\u00bb header_text_color=\u00bb#04488c\u00bb header_font_size=\u00bb50px\u00bb header_line_height=\u00bb1.4em\u00bb text_orientation=\u00bbcenter\u00bb background_layout=\u00bbdark\u00bb max_width=\u00bb700px\u00bb module_alignment=\u00bbcenter\u00bb header_font_size_tablet=\u00bb40px\u00bb header_font_size_phone=\u00bb32px\u00bb header_font_size_last_edited=\u00bbon|desktop\u00bb]<\/p>\n<h1>Busca Ayuda<\/h1>\n<p>[\/et_pb_text][\/et_pb_column][\/et_pb_row][\/et_pb_section][et_pb_section fb_built=\u00bb1&#8243; admin_label=\u00bbFAQ\u00bb _builder_version=\u00bb4.9.3&#8243; background_color=\u00bb#00bfd8&#8243; custom_padding=\u00bb54px|0px|54px|0px|false|false\u00bb top_divider_style=\u00bbcurve\u00bb top_divider_color=\u00bb#FFFFFF\u00bb da_disable_devices=\u00bboff|off|off\u00bb da_is_popup=\u00bboff\u00bb da_exit_intent=\u00bboff\u00bb da_has_close=\u00bbon\u00bb da_alt_close=\u00bboff\u00bb da_dark_close=\u00bboff\u00bb da_not_modal=\u00bbon\u00bb da_is_singular=\u00bboff\u00bb da_with_loader=\u00bboff\u00bb da_has_shadow=\u00bbon\u00bb][et_pb_row column_structure=\u00bb1_2,1_2&#8243; use_custom_gutter=\u00bbon\u00bb gutter_width=\u00bb4&#8243; _builder_version=\u00bb4.9.3&#8243; custom_margin=\u00bb60px||||false|false\u00bb hover_enabled=\u00bb0&#8243; locked=\u00bboff\u00bb sticky_enabled=\u00bb0&#8243;][et_pb_column type=\u00bb1_2&#8243; _builder_version=\u00bb3.25&#8243; custom_padding=\u00bb|||\u00bb custom_padding__hover=\u00bb|||\u00bb][et_pb_text _builder_version=\u00bb4.9.10&#8243; text_font=\u00bb||||||||\u00bb text_font_size=\u00bb16px\u00bb text_line_height=\u00bb2em\u00bb header_font=\u00bb||||||||\u00bb header_4_font=\u00bbMontserrat|600|||||||\u00bb header_4_line_height=\u00bb1.4em\u00bb background_layout=\u00bbdark\u00bb max_width=\u00bb700px\u00bb module_alignment=\u00bbcenter\u00bb hover_enabled=\u00bb0&#8243; locked=\u00bboff\u00bb header_4_font_size=\u00bb20px\u00bb sticky_enabled=\u00bb0&#8243;]<\/p>\n<h4>\u00bfQu\u00e9 hacer en caso de exposici\u00f3n a la violencia?<\/h4>\n<p>Si se sufre o se ejerce violencia es necesario buscar ayuda. Es posible cambiar esta situaci\u00f3n, todas las personas tenemos derecho a recibir un asesoramiento para superar la violencia y evitar que se vuelva a presentar en nuestras vidas<\/p>\n<p>[\/et_pb_text][et_pb_text _builder_version=\u00bb4.9.10&#8243; text_font=\u00bb||||||||\u00bb text_font_size=\u00bb16px\u00bb text_line_height=\u00bb2em\u00bb header_font=\u00bb||||||||\u00bb header_4_font=\u00bbMontserrat|600|||||||\u00bb header_4_line_height=\u00bb1.4em\u00bb background_layout=\u00bbdark\u00bb max_width=\u00bb700px\u00bb module_alignment=\u00bbcenter\u00bb hover_enabled=\u00bb0&#8243; locked=\u00bboff\u00bb header_4_font_size=\u00bb20px\u00bb sticky_enabled=\u00bb0&#8243;]<\/p>\n<h4>\u00bfA qui\u00e9n recurrir?<\/h4>\n<p>Podemos recurrir a nuestra Familia, Unidades Educativas o Programas gubernamentales. Para recibir una orientaci\u00f3n inmediata sobre los servicios disponibles en Ecuador comun\u00edcate con nosotros a <span style=\"text-decoration: underline; color: #ffffff;\"><strong><a href=\"mailto:E-PREVIO@puce.edu.ec\" target=\"_blank\" rel=\"noopener noreferrer\" style=\"color: #ffffff; text-decoration: underline;\">E-PREVIO@puce.edu.ec<\/a><\/strong><\/span><\/p>\n<p>[\/et_pb_text][\/et_pb_column][et_pb_column type=\u00bb1_2&#8243; _builder_version=\u00bb3.25&#8243; custom_padding=\u00bb|||\u00bb custom_padding__hover=\u00bb|||\u00bb][et_pb_text _builder_version=\u00bb4.9.10&#8243; text_font=\u00bb||||||||\u00bb text_font_size=\u00bb16px\u00bb text_line_height=\u00bb2em\u00bb header_font=\u00bb||||||||\u00bb header_4_font=\u00bbMontserrat|600|||||||\u00bb header_4_line_height=\u00bb1.4em\u00bb background_layout=\u00bbdark\u00bb max_width=\u00bb700px\u00bb module_alignment=\u00bbcenter\u00bb custom_margin=\u00bb||10px||false|false\u00bb hover_enabled=\u00bb0&#8243; locked=\u00bboff\u00bb header_4_font_size=\u00bb20px\u00bb sticky_enabled=\u00bb0&#8243;]<\/p>\n<h4>\u00bfC\u00f3mo identificar gravedad del riesgo?<\/h4>\n<p>[\/et_pb_text][et_pb_text _builder_version=\u00bb4.9.4&#8243; text_font=\u00bb||||||||\u00bb text_text_color=\u00bb#000000&#8243; text_font_size=\u00bb16px\u00bb text_line_height=\u00bb2em\u00bb header_font=\u00bb||||||||\u00bb header_4_font=\u00bbMontserrat|600|||||||\u00bb header_4_line_height=\u00bb1.4em\u00bb background_color=\u00bb#e0c82f\u00bb background_layout=\u00bbdark\u00bb max_width=\u00bb700px\u00bb module_alignment=\u00bbcenter\u00bb custom_margin=\u00bb||||false|false\u00bb custom_padding=\u00bb10px|10px|10px|10px|true|true\u00bb border_radii=\u00bbon|10px|10px|10px|10px\u00bb border_width_all=\u00bb4px\u00bb border_color_all=\u00bb#016796&#8243; locked=\u00bboff\u00bb]<\/p>\n<p><b>En riesgo leve:<\/b> Si cambiamos nuestra forma de vestir para complacer a nuestra pareja, si cambiamos nuestras diversiones por las diversiones de nuestra pareja, si tenemos que estar disponible para nuestra pareja a cualquier hora por mensajes o llamadas.<\/p>\n<p>[\/et_pb_text][et_pb_text _builder_version=\u00bb4.9.4&#8243; text_font=\u00bb||||||||\u00bb text_text_color=\u00bb#000000&#8243; text_font_size=\u00bb16px\u00bb text_line_height=\u00bb2em\u00bb header_font=\u00bb||||||||\u00bb header_4_font=\u00bbMontserrat|600|||||||\u00bb header_4_line_height=\u00bb1.4em\u00bb background_color=\u00bb#ff9d35&#8243; background_layout=\u00bbdark\u00bb max_width=\u00bb700px\u00bb module_alignment=\u00bbcenter\u00bb custom_margin=\u00bb||||false|false\u00bb custom_padding=\u00bb10px|10px|10px|10px|true|true\u00bb border_radii=\u00bbon|10px|10px|10px|10px\u00bb border_width_all=\u00bb4px\u00bb border_color_all=\u00bb#016796&#8243; locked=\u00bboff\u00bb]<\/p>\n<p><b> En riesgo moderado:<\/b> Si cambiamos nuestra forma de ser para agradar a nuestra pareja, si nos aislamos (no pasamos tiempo con nuestras amistades), si tenemos que dar las claves de nuestras redes, si nos culpamos, si sufrimos por amor.<\/p>\n<p>[\/et_pb_text][et_pb_text _builder_version=\u00bb4.9.4&#8243; text_font=\u00bb||||||||\u00bb text_text_color=\u00bb#000000&#8243; text_font_size=\u00bb16px\u00bb text_line_height=\u00bb2em\u00bb header_font=\u00bb||||||||\u00bb header_4_font=\u00bbMontserrat|600|||||||\u00bb header_4_line_height=\u00bb1.4em\u00bb background_color=\u00bb#ed6363&#8243; background_layout=\u00bbdark\u00bb max_width=\u00bb700px\u00bb module_alignment=\u00bbcenter\u00bb custom_margin=\u00bb||||false|false\u00bb custom_padding=\u00bb10px|10px|10px|10px|true|true\u00bb border_radii=\u00bbon|10px|10px|10px|10px\u00bb border_width_all=\u00bb4px\u00bb border_color_all=\u00bb#016796&#8243; locked=\u00bboff\u00bb]<\/p>\n<p><b>En riesgo grave:<\/b> Si nos humillan, si nos ofenden, si nos golpean, si tenemos que mantener relaciones sexuales sin un convencimiento pleno, si nuestra pareja nos amenaza con quitarse la vida, quitarme la vida o amenaza con matar a mi familia.<\/p>\n<p>[\/et_pb_text][\/et_pb_column][\/et_pb_row][\/et_pb_section][et_pb_section fb_built=\u00bb1&#8243; prev_background_color=\u00bb#00bfd8&#8243; _builder_version=\u00bb4.9.10&#8243; _module_preset=\u00bbdefault\u00bb custom_padding=\u00bb150px||150px||true|false\u00bb top_divider_style=\u00bbslant\u00bb bottom_divider_style=\u00bbwave2&#8243; bottom_divider_color=\u00bb#00bfd8&#8243; da_disable_devices=\u00bboff|off|off\u00bb da_is_popup=\u00bboff\u00bb da_exit_intent=\u00bboff\u00bb da_has_close=\u00bbon\u00bb da_alt_close=\u00bboff\u00bb da_dark_close=\u00bboff\u00bb da_not_modal=\u00bbon\u00bb da_is_singular=\u00bboff\u00bb da_with_loader=\u00bboff\u00bb da_has_shadow=\u00bbon\u00bb][et_pb_row column_structure=\u00bb1_2,1_2&#8243; _builder_version=\u00bb4.9.10&#8243; _module_preset=\u00bbdefault\u00bb][et_pb_column type=\u00bb1_2&#8243; _builder_version=\u00bb4.9.10&#8243; _module_preset=\u00bbdefault\u00bb][et_pb_image src=\u00bbhttps:\/\/puceapex.puce.edu.ec\/web\/violencia-noviazgo\/wp-content\/uploads\/sites\/20\/2021\/10\/ecu911.png\u00bb alt=\u00bbecu911&#8243; title_text=\u00bbecu911&#8243; _builder_version=\u00bb4.9.10&#8243; _module_preset=\u00bbdefault\u00bb][\/et_pb_image][\/et_pb_column][et_pb_column type=\u00bb1_2&#8243; _builder_version=\u00bb4.9.10&#8243; _module_preset=\u00bbdefault\u00bb][et_pb_text _builder_version=\u00bb4.9.10&#8243; _module_preset=\u00bbdefault\u00bb custom_margin=\u00bb70px||||false|false\u00bb]<\/p>\n<h2>En caso de emergencia, una situaci\u00f3n inesperada y dif\u00edcil o peligrosa. Llama al 911<\/h2>\n<p>[\/et_pb_text][et_pb_button button_url=\u00bbhttps:\/\/www.ecu911.gob.ec\/como-reportar-al-9-1-1\/\u00bb url_new_window=\u00bbon\u00bb button_text=\u00bbComo reportar al 911&#8243; button_alignment=\u00bbcenter\u00bb _builder_version=\u00bb4.9.10&#8243; _module_preset=\u00bbdefault\u00bb custom_button=\u00bbon\u00bb button_text_size=\u00bb14px\u00bb button_text_color=\u00bb#ffffff\u00bb button_bg_color=\u00bb#00bfd8&#8243; button_border_color=\u00bbrgba(0,0,0,0)\u00bb button_border_radius=\u00bb100px\u00bb button_letter_spacing=\u00bb2px\u00bb button_font=\u00bbMontserrat|||on|||||\u00bb custom_padding=\u00bb16px|30px|16px|30px|true|true\u00bb animation_style=\u00bbbounce\u00bb box_shadow_style=\u00bbpreset3&#8243; box_shadow_color=\u00bbrgba(0,146,166,0.7)\u00bb button_letter_spacing__hover=\u00bb2px\u00bb button_letter_spacing__hover_enabled=\u00bbon\u00bb][\/et_pb_button][\/et_pb_column][\/et_pb_row][\/et_pb_section]<\/p>\n","protected":false},"excerpt":{"rendered":"<p>Busca Ayuda\u00bfQu\u00e9 hacer en caso de exposici\u00f3n a la violencia? Si se sufre o se ejerce violencia es necesario buscar ayuda. Es posible cambiar esta situaci\u00f3n, todas las personas tenemos derecho a recibir un asesoramiento para superar la violencia y evitar que se vuelva a presentar en nuestras vidas\u00bfA qui\u00e9n recurrir? Podemos recurrir a nuestra [&hellip;]<\/p>\n","protected":false},"author":7,"featured_media":0,"parent":0,"menu_order":0,"comment_status":"closed","ping_status":"closed","template":"","meta":{"_et_pb_use_builder":"on","_et_pb_old_content":"","_et_gb_content_width":"","inline_featured_image":false,"footnotes":""},"_links":{"self":[{"href":"https:\/\/puceapex.puce.edu.ec\/web\/violencia-noviazgo\/wp-json\/wp\/v2\/pages\/77"}],"collection":[{"href":"https:\/\/puceapex.puce.edu.ec\/web\/violencia-noviazgo\/wp-json\/wp\/v2\/pages"}],"about":[{"href":"https:\/\/puceapex.puce.edu.ec\/web\/violencia-noviazgo\/wp-json\/wp\/v2\/types\/page"}],"author":[{"embeddable":true,"href":"https:\/\/puceapex.puce.edu.ec\/web\/violencia-noviazgo\/wp-json\/wp\/v2\/users\/7"}],"replies":[{"embeddable":true,"href":"https:\/\/puceapex.puce.edu.ec\/web\/violencia-noviazgo\/wp-json\/wp\/v2\/comments?post=77"}],"version-history":[{"count":17,"href":"https:\/\/puceapex.puce.edu.ec\/web\/violencia-noviazgo\/wp-json\/wp\/v2\/pages\/77\/revisions"}],"predecessor-version":[{"id":392,"href":"https:\/\/puceapex.puce.edu.ec\/web\/violencia-noviazgo\/wp-json\/wp\/v2\/pages\/77\/revisions\/392"}],"wp:attachment":[{"href":"https:\/\/puceapex.puce.edu.ec\/web\/violencia-noviazgo\/wp-json\/wp\/v2\/media?parent=77"}],"curies":[{"name":"wp","href":"https:\/\/api.w.org\/{rel}","templated":true}]}}