{"id":309,"date":"2021-10-06T19:05:15","date_gmt":"2021-10-06T19:05:15","guid":{"rendered":"https:\/\/puceapex.puce.edu.ec\/web\/violencia-noviazgo\/?page_id=309"},"modified":"2021-10-12T22:55:36","modified_gmt":"2021-10-12T22:55:36","slug":"publicaciones","status":"publish","type":"page","link":"https:\/\/puceapex.puce.edu.ec\/web\/violencia-noviazgo\/inicio\/publicaciones\/","title":{"rendered":"Publicaciones"},"content":{"rendered":"<p>[et_pb_section fb_built=\u00bb1&#8243; admin_label=\u00bbBlog\u00bb _builder_version=\u00bb4.9.10&#8243; use_background_color_gradient=\u00bbon\u00bb background_color_gradient_start=\u00bb#ffffff\u00bb background_color_gradient_end=\u00bb#00bfd8&#8243; custom_padding=\u00bb53px|1px|53.4688px|0px|false|false\u00bb da_disable_devices=\u00bboff|off|off\u00bb da_is_popup=\u00bboff\u00bb da_exit_intent=\u00bboff\u00bb da_has_close=\u00bbon\u00bb da_alt_close=\u00bboff\u00bb da_dark_close=\u00bboff\u00bb da_not_modal=\u00bbon\u00bb da_is_singular=\u00bboff\u00bb da_with_loader=\u00bboff\u00bb da_has_shadow=\u00bbon\u00bb][et_pb_row _builder_version=\u00bb4.9.4&#8243; animation_style=\u00bbfade\u00bb animation_duration=\u00bb300ms\u00bb locked=\u00bboff\u00bb][et_pb_column type=\u00bb4_4&#8243; _builder_version=\u00bb3.25&#8243; custom_padding=\u00bb|||\u00bb custom_padding__hover=\u00bb|||\u00bb][et_pb_text _builder_version=\u00bb4.9.10&#8243; text_font=\u00bb||||||||\u00bb text_font_size=\u00bb18px\u00bb text_line_height=\u00bb2em\u00bb header_font=\u00bbMontserrat|300|||||||\u00bb header_font_size=\u00bb50px\u00bb header_line_height=\u00bb1.4em\u00bb text_orientation=\u00bbcenter\u00bb max_width=\u00bb700px\u00bb module_alignment=\u00bbcenter\u00bb header_font_size_tablet=\u00bb40px\u00bb header_font_size_phone=\u00bb32px\u00bb header_font_size_last_edited=\u00bbon|desktop\u00bb]<\/p>\n<h1>Publicaciones<\/h1>\n<p>[\/et_pb_text][et_pb_text _builder_version=\u00bb4.9.10&#8243; text_font=\u00bb||||||||\u00bb text_font_size=\u00bb18px\u00bb text_line_height=\u00bb2em\u00bb header_font=\u00bbMontserrat|500|||||||\u00bb header_text_align=\u00bbcenter\u00bb header_text_color=\u00bb#04488c\u00bb header_font_size=\u00bb33px\u00bb header_line_height=\u00bb1.4em\u00bb background_layout=\u00bbdark\u00bb max_width=\u00bb700px\u00bb module_alignment=\u00bbcenter\u00bb header_font_size_tablet=\u00bb40px\u00bb header_font_size_phone=\u00bb32px\u00bb header_font_size_last_edited=\u00bbon|desktop\u00bb]<\/p>\n<h1>Art\u00edculos cient\u00edficos<\/h1>\n<p>[\/et_pb_text][et_pb_blurb title=\u00bbC\u00e1rdenas, R., Moreno, J., &#038; Medina-Maldonado, V. (2021)\u00bb use_icon=\u00bbon\u00bb font_icon=\u00bb%%209%%\u00bb icon_color=\u00bb#0C71C3&#8243; _builder_version=\u00bb4.9.10&#8243; _module_preset=\u00bbdefault\u00bb header_font=\u00bbMontserrat|600|||||||\u00bb header_text_align=\u00bbleft\u00bb header_line_height=\u00bb1.4em\u00bb body_text_align=\u00bbleft\u00bb body_text_color=\u00bb#40424d\u00bb body_font_size=\u00bb16px\u00bb hover_enabled=\u00bb0&#8243; custom_css_main_element=\u00bbdisplay:block:\u00bb sticky_enabled=\u00bb0&#8243; border_color_all=\u00bb#7CDA24&#8243; icon_placement=\u00bbleft\u00bb use_icon_font_size=\u00bbon\u00bb icon_font_size=\u00bb70px\u00bb content_max_width=\u00bb100%\u00bb background_color=\u00bb#FFFFFF\u00bb box_shadow_style=\u00bbpreset3&#8243; custom_padding=\u00bb20px|20px|20px|20px|true|true\u00bb border_radii=\u00bbon|7px|7px|7px|7px\u00bb locked=\u00bboff\u00bb link_option_url=\u00bbhttp:\/\/ciberindex.com\/index.php\/ec\/article\/view\/e13442&#8243; link_option_url_new_window=\u00bbon\u00bb disabled_on=\u00bbon|on|on\u00bb disabled=\u00bbon\u00bb]Perpetraci\u00f3n de la violencia durante el noviazgo de adolescentes y su importancia para el ejercicio de la enfermer\u00eda. Enfermer\u00eda Comunitaria, 17(1), e13442.[\/et_pb_blurb][\/et_pb_column][\/et_pb_row][et_pb_row column_structure=\u00bb1_3,1_3,1_3&#8243; _builder_version=\u00bb4.9.10&#8243; _module_preset=\u00bbdefault\u00bb disabled_on=\u00bbon|on|on\u00bb disabled=\u00bbon\u00bb][et_pb_column type=\u00bb1_3&#8243; _builder_version=\u00bb4.9.10&#8243; _module_preset=\u00bbdefault\u00bb][et_pb_blurb title=\u00bbC\u00e1rdenas, R., Moreno, J., &#038; Medina-Maldonado, V. (2021)\u00bb use_icon=\u00bbon\u00bb font_icon=\u00bb%%72%%\u00bb icon_color=\u00bb#FFFFFF\u00bb use_circle=\u00bbon\u00bb circle_color=\u00bb#0c99f0&#8243; _builder_version=\u00bb4.9.10&#8243; _module_preset=\u00bbdefault\u00bb header_font=\u00bbMontserrat|600|||||||\u00bb header_text_align=\u00bbcenter\u00bb header_line_height=\u00bb1.4em\u00bb body_text_align=\u00bbcenter\u00bb body_text_color=\u00bb#40424d\u00bb body_font_size=\u00bb16px\u00bb text_orientation=\u00bbjustified\u00bb hover_enabled=\u00bb0&#8243; custom_css_main_element=\u00bbdisplay:block:\u00bb sticky_enabled=\u00bb0&#8243; content_max_width=\u00bb100%\u00bb link_option_url_new_window=\u00bbon\u00bb link_option_url=\u00bbhttp:\/\/ciberindex.com\/index.php\/ec\/article\/view\/e13442&#8243;]<\/p>\n<p>Perpetraci\u00f3n de la violencia durante el noviazgo de adolescentes y su importancia para el ejercicio de la enfermer\u00eda. Enfermer\u00eda Comunitaria, 17(1), e13442.<\/p>\n<p><!--\n\n\n<p><b><a href=\"http:\/\/ciberindex.com\/index.php\/ec\/article\/view\/e13442\" target=\"_blank\" style=\"color: #2e4673;\" rel=\"noopener\">http:\/\/ciberindex.com\/index.php\/ec\/article\/view\/e13442<\/a><\/b><\/p>\n\n-->[\/et_pb_blurb][\/et_pb_column][et_pb_column type=\u00bb1_3&#8243; _builder_version=\u00bb4.9.10&#8243; _module_preset=\u00bbdefault\u00bb][et_pb_blurb title=\u00bbMedina-Maldonado, V., del Mar Pastor-Bravo, M., Vargas, E., Francisco, J., &#038; Ruiz, I. J. (2021)\u00bb use_icon=\u00bbon\u00bb font_icon=\u00bb%%72%%\u00bb icon_color=\u00bb#FFFFFF\u00bb use_circle=\u00bbon\u00bb circle_color=\u00bb#0c99f0&#8243; _builder_version=\u00bb4.9.10&#8243; _module_preset=\u00bbdefault\u00bb header_font=\u00bbMontserrat|600|||||||\u00bb header_text_align=\u00bbcenter\u00bb header_line_height=\u00bb1.4em\u00bb body_text_align=\u00bbcenter\u00bb body_text_color=\u00bb#40424d\u00bb body_font_size=\u00bb16px\u00bb text_orientation=\u00bbjustified\u00bb hover_enabled=\u00bb0&#8243; locked=\u00bboff\u00bb content_max_width=\u00bb100%\u00bb sticky_enabled=\u00bb0&#8243; link_option_url=\u00bbhttps:\/\/doi.org\/10.1177\/08862605211001471&#8243; link_option_url_new_window=\u00bbon\u00bb]<\/p>\n<p>Adolescent Dating Violence: Results of a Mixed Study in Quito, Ecuador. <i>Journal of Interpersonal Violence.<\/i><\/p>\n<p><!--\n\n\n<p><b><a href=\"https:\/\/doi.org\/10.1177\/08862605211001471\" target=\"_blank\" style=\"color: #2e4673;\" rel=\"noopener\">https:\/\/doi.org\/10.1177\/08862605211001471<\/a><\/b><\/p>\n\n-->[\/et_pb_blurb][\/et_pb_column][et_pb_column type=\u00bb1_3&#8243; _builder_version=\u00bb4.9.10&#8243; _module_preset=\u00bbdefault\u00bb][et_pb_blurb title=\u00bbFruto Pla, A. E., &#038; Torres Torres, L. M. (2019)\u00bb use_icon=\u00bbon\u00bb font_icon=\u00bb%%72%%\u00bb icon_color=\u00bb#FFFFFF\u00bb use_circle=\u00bbon\u00bb circle_color=\u00bb#0c99f0&#8243; _builder_version=\u00bb4.9.10&#8243; _module_preset=\u00bbdefault\u00bb header_font=\u00bbMontserrat|600|||||||\u00bb header_text_align=\u00bbcenter\u00bb header_line_height=\u00bb1.4em\u00bb body_text_align=\u00bbcenter\u00bb body_text_color=\u00bb#40424d\u00bb body_font_size=\u00bb16px\u00bb text_orientation=\u00bbjustified\u00bb hover_enabled=\u00bb0&#8243; locked=\u00bboff\u00bb content_max_width=\u00bb100%\u00bb sticky_enabled=\u00bb0&#8243; link_option_url_new_window=\u00bbon\u00bb link_option_url=\u00bbhttp:\/\/revistaitsl.itslibertad.edu.ec\/index.php\/ITSL\/article\/view\/109&#8243;]<\/p>\n<p>Perspectiva del adolescente en la violencia de g\u00e9nero, desde el imaginario social de los pueblos andinos. <i>Revista Cient\u00edfica \u2019\u2019Conecta Libertad\u2019\u2019<\/i>, 3(3), 1\u201311.<\/p>\n<p><!--\n\n\n<p><b><a href=\"http:\/\/revistaitsl.itslibertad.edu.ec\/index.php\/ITSL\/article\/view\/109\" target=\"_blank\" style=\"color: #2e4673;\" rel=\"noopener\">http:\/\/revistaitsl.itslibertad.edu.ec\/index.php\/ITSL\/article\/view\/109<\/a><\/b><\/p>\n\n-->[\/et_pb_blurb][\/et_pb_column][\/et_pb_row][et_pb_row column_structure=\u00bb1_3,1_3,1_3&#8243; _builder_version=\u00bb4.9.10&#8243; _module_preset=\u00bbdefault\u00bb hover_enabled=\u00bb0&#8243; sticky_enabled=\u00bb0&#8243;][et_pb_column type=\u00bb1_3&#8243; _builder_version=\u00bb4.9.10&#8243; _module_preset=\u00bbdefault\u00bb][et_pb_blurb title=\u00bbC\u00e1rdenas, R., Moreno, J., &#038; Medina-Maldonado, V. (2021)\u00bb use_icon=\u00bbon\u00bb font_icon=\u00bb%%72%%\u00bb icon_color=\u00bb#FFFFFF\u00bb use_circle=\u00bbon\u00bb circle_color=\u00bb#0c99f0&#8243; _builder_version=\u00bb4.9.10&#8243; _module_preset=\u00bbdefault\u00bb header_font=\u00bbMontserrat|600|||||||\u00bb header_text_align=\u00bbcenter\u00bb header_line_height=\u00bb1.4em\u00bb body_text_align=\u00bbcenter\u00bb body_text_color=\u00bb#40424d\u00bb body_font_size=\u00bb16px\u00bb text_orientation=\u00bbjustified\u00bb hover_enabled=\u00bb0&#8243; custom_css_main_element=\u00bbdisplay:block:\u00bb sticky_enabled=\u00bb0&#8243; content_max_width=\u00bb100%\u00bb link_option_url_new_window=\u00bbon\u00bb link_option_url=\u00bbhttp:\/\/ciberindex.com\/index.php\/ec\/article\/view\/e13442&#8243; background_color=\u00bb#ffffff\u00bb custom_padding=\u00bb20px|20px|20px|20px|true|true\u00bb border_radii=\u00bbon|7px|7px|7px|7px\u00bb background__hover_enabled=\u00bbon|hover\u00bb background_color__hover=\u00bbrgba(255,255,255,0.85)\u00bb background_enable_color__hover=\u00bbon\u00bb box_shadow_style=\u00bbpreset3&#8243;]<\/p>\n<p>Perpetraci\u00f3n de la violencia durante el noviazgo de adolescentes y su importancia para el ejercicio de la enfermer\u00eda. Enfermer\u00eda Comunitaria, 17(1), e13442.<\/p>\n<p><!--<b><a href=\"http:\/\/ciberindex.com\/index.php\/ec\/article\/view\/e13442\" target=\"_blank\" style=\"color: #2e4673;\" rel=\"noopener\">http:\/\/ciberindex.com\/index.php\/ec\/article\/view\/e13442<\/a><\/b><\/p>\n\n\n\n\n<p>--><\/p>\n<p>[\/et_pb_blurb][\/et_pb_column][et_pb_column type=\u00bb1_3&#8243; _builder_version=\u00bb4.9.10&#8243; _module_preset=\u00bbdefault\u00bb][et_pb_blurb title=\u00bbMedina-Maldonado, V., del Mar Pastor-Bravo, M., Vargas, E., Francisco, J., &#038; Ruiz, I. J. (2021)\u00bb use_icon=\u00bbon\u00bb font_icon=\u00bb%%72%%\u00bb icon_color=\u00bb#FFFFFF\u00bb use_circle=\u00bbon\u00bb circle_color=\u00bb#0c99f0&#8243; _builder_version=\u00bb4.9.10&#8243; _module_preset=\u00bbdefault\u00bb header_font=\u00bbMontserrat|600|||||||\u00bb header_text_align=\u00bbcenter\u00bb header_line_height=\u00bb1.4em\u00bb body_text_align=\u00bbcenter\u00bb body_text_color=\u00bb#40424d\u00bb body_font_size=\u00bb16px\u00bb text_orientation=\u00bbjustified\u00bb locked=\u00bboff\u00bb content_max_width=\u00bb100%\u00bb sticky_enabled=\u00bb0&#8243; link_option_url=\u00bbhttps:\/\/doi.org\/10.1177\/08862605211001471&#8243; link_option_url_new_window=\u00bbon\u00bb custom_css_main_element=\u00bbdisplay:block:\u00bb background_color=\u00bb#ffffff\u00bb background_color__hover=\u00bbrgba(255,255,255,0.85)\u00bb background__hover_enabled=\u00bbon|hover\u00bb custom_padding=\u00bb20px|20px|20px|20px|true|true\u00bb border_radii=\u00bbon|7px|7px|7px|7px\u00bb box_shadow_style=\u00bbpreset3&#8243; background_enable_color__hover=\u00bbon\u00bb]<\/p>\n<p>Adolescent Dating Violence: Results of a Mixed Study in Quito, Ecuador. <i>Journal of Interpersonal Violence.<\/i><\/p>\n<p><!--\n\n\n<p><b><a href=\"https:\/\/doi.org\/10.1177\/08862605211001471\" target=\"_blank\" style=\"color: #2e4673;\" rel=\"noopener\">https:\/\/doi.org\/10.1177\/08862605211001471<\/a><\/b><\/p>\n\n-->[\/et_pb_blurb][\/et_pb_column][et_pb_column type=\u00bb1_3&#8243; _builder_version=\u00bb4.9.10&#8243; _module_preset=\u00bbdefault\u00bb][et_pb_blurb title=\u00bbFruto Pla, A. E., &#038; Torres Torres, L. M. (2019)\u00bb use_icon=\u00bbon\u00bb font_icon=\u00bb%%72%%\u00bb icon_color=\u00bb#FFFFFF\u00bb use_circle=\u00bbon\u00bb circle_color=\u00bb#0c99f0&#8243; _builder_version=\u00bb4.9.10&#8243; _module_preset=\u00bbdefault\u00bb header_font=\u00bbMontserrat|600|||||||\u00bb header_text_align=\u00bbcenter\u00bb header_line_height=\u00bb1.4em\u00bb body_text_align=\u00bbcenter\u00bb body_text_color=\u00bb#40424d\u00bb body_font_size=\u00bb16px\u00bb text_orientation=\u00bbjustified\u00bb locked=\u00bboff\u00bb content_max_width=\u00bb100%\u00bb sticky_enabled=\u00bb0&#8243; link_option_url_new_window=\u00bbon\u00bb link_option_url=\u00bbhttp:\/\/revistaitsl.itslibertad.edu.ec\/index.php\/ITSL\/article\/view\/109&#8243; custom_css_main_element=\u00bbdisplay:block:\u00bb background_color=\u00bb#ffffff\u00bb background_color__hover=\u00bbrgba(255,255,255,0.85)\u00bb background__hover_enabled=\u00bbon|hover\u00bb custom_padding=\u00bb20px|20px|20px|20px|true|true\u00bb border_radii=\u00bbon|7px|7px|7px|7px\u00bb box_shadow_style=\u00bbpreset3&#8243; background_enable_color__hover=\u00bbon\u00bb]<\/p>\n<p>Perspectiva del adolescente en la violencia de g\u00e9nero, desde el imaginario social de los pueblos andinos. <i>Revista Cient\u00edfica \u2019\u2019Conecta Libertad\u2019\u2019<\/i>, 3(3), 1\u201311.<\/p>\n<p><!--\n\n\n<p><b><a href=\"http:\/\/revistaitsl.itslibertad.edu.ec\/index.php\/ITSL\/article\/view\/109\" target=\"_blank\" style=\"color: #2e4673;\" rel=\"noopener\">http:\/\/revistaitsl.itslibertad.edu.ec\/index.php\/ITSL\/article\/view\/109<\/a><\/b><\/p>\n\n-->[\/et_pb_blurb][\/et_pb_column][\/et_pb_row][et_pb_row _builder_version=\u00bb4.9.10&#8243; _module_preset=\u00bbdefault\u00bb][et_pb_column type=\u00bb4_4&#8243; _builder_version=\u00bb4.9.10&#8243; _module_preset=\u00bbdefault\u00bb][et_pb_divider color=\u00bb#FFFFFF\u00bb _builder_version=\u00bb4.9.10&#8243; _module_preset=\u00bbdefault\u00bb][\/et_pb_divider][\/et_pb_column][\/et_pb_row][et_pb_row _builder_version=\u00bb4.9.4&#8243; animation_style=\u00bbfade\u00bb animation_duration=\u00bb300ms\u00bb locked=\u00bboff\u00bb][et_pb_column type=\u00bb4_4&#8243; _builder_version=\u00bb3.25&#8243; custom_padding=\u00bb|||\u00bb custom_padding__hover=\u00bb|||\u00bb][et_pb_text _builder_version=\u00bb4.9.10&#8243; text_font=\u00bb||||||||\u00bb text_font_size=\u00bb18px\u00bb text_line_height=\u00bb2em\u00bb header_font=\u00bbMontserrat|500|||||||\u00bb header_text_align=\u00bbcenter\u00bb header_text_color=\u00bb#FFFFFF\u00bb header_font_size=\u00bb33px\u00bb header_line_height=\u00bb1.4em\u00bb background_layout=\u00bbdark\u00bb max_width=\u00bb700px\u00bb module_alignment=\u00bbcenter\u00bb header_font_size_tablet=\u00bb40px\u00bb header_font_size_phone=\u00bb32px\u00bb header_font_size_last_edited=\u00bbon|desktop\u00bb]<\/p>\n<h1>Otras publicaciones<\/h1>\n<p>[\/et_pb_text][et_pb_blurb title=\u00bbAviso a parejas adolescentes:\u00bb use_icon=\u00bbon\u00bb font_icon=\u00bb%%208%%\u00bb icon_color=\u00bb#0C71C3&#8243; _builder_version=\u00bb4.9.10&#8243; _module_preset=\u00bbdefault\u00bb header_font=\u00bbMontserrat|600|||||||\u00bb header_text_align=\u00bbleft\u00bb header_line_height=\u00bb1.4em\u00bb body_text_align=\u00bbleft\u00bb body_text_color=\u00bb#40424d\u00bb body_font_size=\u00bb16px\u00bb hover_enabled=\u00bb0&#8243; custom_css_main_element=\u00bbdisplay:block:\u00bb sticky_enabled=\u00bb0&#8243; border_color_all=\u00bb#7CDA24&#8243; icon_placement=\u00bbleft\u00bb use_icon_font_size=\u00bbon\u00bb icon_font_size=\u00bb60px\u00bb content_max_width=\u00bb100%\u00bb background_color=\u00bb#ffffff\u00bb box_shadow_style=\u00bbpreset3&#8243; custom_padding=\u00bb20px|20px|20px|20px|true|true\u00bb border_radii=\u00bbon|7px|7px|7px|7px\u00bb locked=\u00bboff\u00bb link_option_url=\u00bbhttps:\/\/theconversation.com\/aviso-a-parejas-adolescentes-no-confundir-amor-con-dependencia-142773&#8243; link_option_url_new_window=\u00bbon\u00bb background__hover_enabled=\u00bbon|hover\u00bb background_color__hover=\u00bbrgba(255,255,255,0.85)\u00bb background_enable_color__hover=\u00bbon\u00bb]<\/p>\n<p>No confundir amor con dependencia<\/p>\n<p>[\/et_pb_blurb][\/et_pb_column][\/et_pb_row][et_pb_row _builder_version=\u00bb4.9.10&#8243; _module_preset=\u00bbdefault\u00bb locked=\u00bboff\u00bb][et_pb_column type=\u00bb4_4&#8243; _builder_version=\u00bb4.9.10&#8243; _module_preset=\u00bbdefault\u00bb][et_pb_blurb use_icon=\u00bbon\u00bb font_icon=\u00bb%%216%%\u00bb icon_color=\u00bb#FFFFFF\u00bb icon_placement=\u00bbleft\u00bb use_icon_font_size=\u00bbon\u00bb icon_font_size=\u00bb93px\u00bb _builder_version=\u00bb4.9.10&#8243; _module_preset=\u00bbdefault\u00bb header_level=\u00bbh1&#8243; header_font=\u00bbMontserrat|600|||||||\u00bb header_text_align=\u00bbleft\u00bb header_line_height=\u00bb1.4em\u00bb body_text_align=\u00bbleft\u00bb body_text_color=\u00bb#606b58&#8243; body_font_size=\u00bb16px\u00bb body_link_font=\u00bb||||on|||#024e8c|solid\u00bb body_link_text_color=\u00bb#024e8c\u00bb hover_enabled=\u00bb0&#8243; sticky_enabled=\u00bb0&#8243; disabled_on=\u00bbon|on|on\u00bb disabled=\u00bbon\u00bb]<\/p>\n<p><a href=\"https:\/\/theconversation.com\/aviso-a-parejas-adolescentes-no-confundir-amor-con-dependencia-142773\" target=\"_blank\" rel=\"noopener\"><b>Aviso a parejas adolescentes:<\/b> No confundir amor con dependencia \u00bb<\/a><br \/><!--\n\n\n<b><a href=\"https:\/\/theconversation.com\/aviso-a-parejas-adolescentes-no-confundir-amor-con-dependencia-142773\" target=\"_blank\" style=\"color: #2e4673;\" rel=\"noopener\">https:\/\/theconversation.com\/aviso-a-parejas-adolescentes-no-confundir-amor-con-dependencia-142773<\/a><\/b>--><\/p>\n<p>[\/et_pb_blurb][\/et_pb_column][\/et_pb_row][\/et_pb_section]<\/p>\n","protected":false},"excerpt":{"rendered":"<p>PublicacionesArt\u00edculos cient\u00edficosPerpetraci\u00f3n de la violencia durante el noviazgo de adolescentes y su importancia para el ejercicio de la enfermer\u00eda. Enfermer\u00eda Comunitaria, 17(1), e13442.Perpetraci\u00f3n de la violencia durante el noviazgo de adolescentes y su importancia para el ejercicio de la enfermer\u00eda. Enfermer\u00eda Comunitaria, 17(1), e13442.Adolescent Dating Violence: Results of a Mixed Study in Quito, Ecuador. Journal [&hellip;]<\/p>\n","protected":false},"author":7,"featured_media":0,"parent":5,"menu_order":0,"comment_status":"closed","ping_status":"closed","template":"","meta":{"_et_pb_use_builder":"on","_et_pb_old_content":"","_et_gb_content_width":"","inline_featured_image":false,"footnotes":""},"_links":{"self":[{"href":"https:\/\/puceapex.puce.edu.ec\/web\/violencia-noviazgo\/wp-json\/wp\/v2\/pages\/309"}],"collection":[{"href":"https:\/\/puceapex.puce.edu.ec\/web\/violencia-noviazgo\/wp-json\/wp\/v2\/pages"}],"about":[{"href":"https:\/\/puceapex.puce.edu.ec\/web\/violencia-noviazgo\/wp-json\/wp\/v2\/types\/page"}],"author":[{"embeddable":true,"href":"https:\/\/puceapex.puce.edu.ec\/web\/violencia-noviazgo\/wp-json\/wp\/v2\/users\/7"}],"replies":[{"embeddable":true,"href":"https:\/\/puceapex.puce.edu.ec\/web\/violencia-noviazgo\/wp-json\/wp\/v2\/comments?post=309"}],"version-history":[{"count":16,"href":"https:\/\/puceapex.puce.edu.ec\/web\/violencia-noviazgo\/wp-json\/wp\/v2\/pages\/309\/revisions"}],"predecessor-version":[{"id":380,"href":"https:\/\/puceapex.puce.edu.ec\/web\/violencia-noviazgo\/wp-json\/wp\/v2\/pages\/309\/revisions\/380"}],"up":[{"embeddable":true,"href":"https:\/\/puceapex.puce.edu.ec\/web\/violencia-noviazgo\/wp-json\/wp\/v2\/pages\/5"}],"wp:attachment":[{"href":"https:\/\/puceapex.puce.edu.ec\/web\/violencia-noviazgo\/wp-json\/wp\/v2\/media?parent=309"}],"curies":[{"name":"wp","href":"https:\/\/api.w.org\/{rel}","templated":true}]}}