{"id":814,"date":"2023-10-19T16:50:35","date_gmt":"2023-10-19T16:50:35","guid":{"rendered":"https:\/\/puceapex.puce.edu.ec\/web\/fideicomiso\/?page_id=814"},"modified":"2026-03-18T20:54:13","modified_gmt":"2026-03-18T20:54:13","slug":"creditos","status":"publish","type":"page","link":"https:\/\/puceapex.puce.edu.ec\/web\/fideicomiso\/creditos\/","title":{"rendered":"Cr\u00e9ditos"},"content":{"rendered":"<p>[et_pb_section fb_built=\u00bb1&#8243; admin_label=\u00bbFeatures\u00bb _builder_version=\u00bb4.16&#8243; background_color=\u00bb#efedef\u00bb da_disable_devices=\u00bboff|off|off\u00bb global_colors_info=\u00bb{}\u00bb da_is_popup=\u00bboff\u00bb da_exit_intent=\u00bboff\u00bb da_has_close=\u00bbon\u00bb da_alt_close=\u00bboff\u00bb da_dark_close=\u00bboff\u00bb da_not_modal=\u00bbon\u00bb da_is_singular=\u00bboff\u00bb da_with_loader=\u00bboff\u00bb da_has_shadow=\u00bbon\u00bb][et_pb_row _builder_version=\u00bb4.16&#8243; custom_padding=\u00bb||\u00bb locked=\u00bboff\u00bb global_colors_info=\u00bb{}\u00bb][et_pb_column type=\u00bb4_4&#8243; _builder_version=\u00bb4.16&#8243; custom_padding=\u00bb|||\u00bb global_colors_info=\u00bb{}\u00bb custom_padding__hover=\u00bb|||\u00bb][et_pb_text _builder_version=\u00bb4.16&#8243; text_font=\u00bb||||||||\u00bb text_font_size=\u00bb15px\u00bb text_line_height=\u00bb2em\u00bb header_2_font=\u00bbGlegoo||||||||\u00bb header_2_font_size=\u00bb40px\u00bb header_2_line_height=\u00bb1.4em\u00bb header_4_font=\u00bb|700||on|||||\u00bb header_4_text_color=\u00bb#1d48c0&#8243; header_4_font_size=\u00bb16px\u00bb header_4_letter_spacing=\u00bb2px\u00bb header_4_line_height=\u00bb1.6em\u00bb text_orientation=\u00bbcenter\u00bb max_width=\u00bb600px\u00bb module_alignment=\u00bbcenter\u00bb header_2_font_size_tablet=\u00bb30px\u00bb header_2_font_size_phone=\u00bb22px\u00bb header_2_font_size_last_edited=\u00bbon|phone\u00bb header_4_font_size_tablet=\u00bb\u00bb header_4_font_size_phone=\u00bb14px\u00bb header_4_font_size_last_edited=\u00bbon|phone\u00bb locked=\u00bboff\u00bb global_colors_info=\u00bb{}\u00bb]<\/p>\n<h2>Nuestros Cr\u00e9ditos<\/h2>\n<p>[\/et_pb_text][et_pb_text _builder_version=\u00bb4.23.1&#8243; _module_preset=\u00bbdefault\u00bb global_colors_info=\u00bb{}\u00bb]<\/p>\n<p style=\"text-align: center;\"><strong>Aplican a partir de las 12 aportaciones en el fondo.<\/strong><\/p>\n<p>[\/et_pb_text][\/et_pb_column][\/et_pb_row][et_pb_row column_structure=\u00bb1_2,1_2&#8243; _builder_version=\u00bb4.16&#8243; custom_margin=\u00bb60px||\u00bb global_colors_info=\u00bb{}\u00bb][et_pb_column type=\u00bb1_2&#8243; _builder_version=\u00bb4.16&#8243; custom_padding=\u00bb|||\u00bb global_colors_info=\u00bb{}\u00bb custom_padding__hover=\u00bb|||\u00bb][et_pb_image src=\u00bbhttps:\/\/puceapex.puce.edu.ec\/web\/fideicomiso\/wp-content\/uploads\/sites\/14\/2023\/10\/hipotecario.jpg\u00bb module_id=\u00bbquirquirografario\u00bb _builder_version=\u00bb4.25.0&#8243; animation_style=\u00bbslide\u00bb animation_direction=\u00bbbottom\u00bb border_width_top=\u00bb8px\u00bb border_color_top=\u00bb#164284&#8243; always_center_on_mobile=\u00bboff\u00bb global_colors_info=\u00bb{}\u00bb][\/et_pb_image][et_pb_text _builder_version=\u00bb4.25.0&#8243; text_font=\u00bb||||||||\u00bb text_line_height=\u00bb1.9em\u00bb header_font=\u00bb||||||||\u00bb header_2_font=\u00bbRoboto|700|||||||\u00bb header_2_text_color=\u00bb#00a0dd\u00bb header_2_font_size=\u00bb19px\u00bb header_2_line_height=\u00bb1.4em\u00bb header_3_font=\u00bbGlegoo|700|||||||\u00bb header_3_line_height=\u00bb1.5em\u00bb header_4_font=\u00bb|700||on|||||\u00bb header_4_text_color=\u00bb#1d48c0&#8243; header_4_font_size=\u00bb16px\u00bb header_4_letter_spacing=\u00bb2px\u00bb header_4_line_height=\u00bb1.6em\u00bb header_2_font_size_tablet=\u00bb30px\u00bb header_2_font_size_phone=\u00bb22px\u00bb header_2_font_size_last_edited=\u00bbon|phone\u00bb header_3_font_size_tablet=\u00bb30px\u00bb header_3_font_size_phone=\u00bb22px\u00bb header_3_font_size_last_edited=\u00bboff|desktop\u00bb header_4_font_size_tablet=\u00bb\u00bb header_4_font_size_phone=\u00bb14px\u00bb header_4_font_size_last_edited=\u00bbon|phone\u00bb locked=\u00bboff\u00bb global_colors_info=\u00bb{}\u00bb]<\/p>\n<h4>QUIROGRAFARIOS<\/h4>\n<p>TASAS DE INTER\u00c9S REAJUSTABLE SEMESTRALMENTE en base a la Tasa Activa Referencial Segmento Educativo BCE:<br \/>Tasas seg\u00fan el plazo vigentes del 15 de octubre de 2025 al 15 de abril de 2026<\/p>\n<ul>\n<li>Hasta 36 meses : 8,86%<\/li>\n<li>37 \u2013 48 meses: 9,11%<\/li>\n<li>49 \u2013 60 meses 9,36%<\/li>\n<li>61 \u2013 72 meses: 9,61%<\/li>\n<li>73 \u2013 84 meses: 9,86%<\/li>\n<\/ul>\n<h2><strong><a href=\"https:\/\/puceeduec.sharepoint.com\/:f:\/s\/DGAd\/FIDEICOMISO\/EgDYwg-OzU9EhHzVEO9vfbkBR-pMSaWq-7CJAfyYfQBPPw?e=NnEZsH\" target=\"_blank\" rel=\"noopener\">Descargar Formularios \u00bb<\/a><\/strong><\/h2>\n<p>[\/et_pb_text][et_pb_button button_url=\u00bbhttps:\/\/puceapex.puce.edu.ec\/web\/fideicomiso\/wp-content\/uploads\/sites\/14\/2020\/09\/POLITICA-DE-CREDITOS-QUIROGRAFARIOS-JUL-2020.pdf\u00bb url_new_window=\u00bbon\u00bb button_text=\u00bbPOL\u00cdTICA\u00bb disabled_on=\u00bbon|on|on\u00bb _builder_version=\u00bb4.16&#8243; custom_button=\u00bbon\u00bb button_text_size=\u00bb12px\u00bb button_text_color=\u00bb#ffffff\u00bb button_bg_color=\u00bb#1d48c0&#8243; button_border_color=\u00bb#1d48c0&#8243; button_border_radius=\u00bb0px\u00bb button_letter_spacing=\u00bb2px\u00bb button_font=\u00bb|700||on|||||\u00bb custom_margin=\u00bb40px||||false\u00bb custom_padding=\u00bb14px|40px|14px|40px|true|true\u00bb box_shadow_style=\u00bbpreset7&#8243; box_shadow_horizontal=\u00bb0px\u00bb box_shadow_vertical=\u00bb0px\u00bb box_shadow_color=\u00bb#ffffff\u00bb disabled=\u00bbon\u00bb locked=\u00bboff\u00bb global_colors_info=\u00bb{}\u00bb button_bg_color__hover_enabled=\u00bbon\u00bb box_shadow_vertical__hover=\u00bb200px\u00bb box_shadow_horizontal__hover_enabled=\u00bbon\u00bb box_shadow_horizontal__hover=\u00bb350px\u00bb button_text_color__hover_enabled=\u00bbon\u00bb button_text_color__hover=\u00bb#1d48c0&#8243; button_bg_color__hover=\u00bb#1d48c0&#8243;][\/et_pb_button][\/et_pb_column][et_pb_column type=\u00bb1_2&#8243; _builder_version=\u00bb4.16&#8243; custom_padding=\u00bb|||\u00bb global_colors_info=\u00bb{}\u00bb custom_padding__hover=\u00bb|||\u00bb][et_pb_image src=\u00bbhttps:\/\/puceapex.puce.edu.ec\/web\/fideicomiso\/wp-content\/uploads\/sites\/14\/2023\/10\/quirografario.jpg\u00bb _builder_version=\u00bb4.17.4&#8243; animation_style=\u00bbslide\u00bb animation_direction=\u00bbbottom\u00bb border_width_top=\u00bb8px\u00bb border_color_top=\u00bb#164284&#8243; always_center_on_mobile=\u00bboff\u00bb global_colors_info=\u00bb{}\u00bb][\/et_pb_image][et_pb_text _builder_version=\u00bb4.25.0&#8243; text_font=\u00bb||||||||\u00bb text_line_height=\u00bb1.9em\u00bb header_font=\u00bb||||||||\u00bb header_2_font=\u00bbRoboto|700|||||||\u00bb header_2_text_color=\u00bb#00a0dd\u00bb header_2_font_size=\u00bb19px\u00bb header_2_line_height=\u00bb1.4em\u00bb header_3_font=\u00bbGlegoo|700|||||||\u00bb header_3_line_height=\u00bb1.5em\u00bb header_4_font=\u00bb|700||on|||||\u00bb header_4_text_color=\u00bb#1d48c0&#8243; header_4_font_size=\u00bb16px\u00bb header_4_letter_spacing=\u00bb2px\u00bb header_4_line_height=\u00bb1.6em\u00bb header_2_font_size_tablet=\u00bb30px\u00bb header_2_font_size_phone=\u00bb22px\u00bb header_2_font_size_last_edited=\u00bbon|phone\u00bb header_4_font_size_tablet=\u00bb\u00bb header_4_font_size_phone=\u00bb14px\u00bb header_4_font_size_last_edited=\u00bbon|phone\u00bb locked=\u00bboff\u00bb global_colors_info=\u00bb{}\u00bb]<\/p>\n<h4>HIPOTECARIOS<\/h4>\n<ul>\n<li><b>MONTO M\u00c1X:<\/b> $150.000,00<\/li>\n<li><b>PLAZO M\u00c1X:<\/b> 25 a\u00f1os<\/li>\n<li><b>FINANCIAMIENTO:<\/b> Hasta el 80% del aval\u00fao<\/li>\n<li><b>TASA DE INTER\u00c9S:<\/b> 9%<\/li>\n<\/ul>\n<h2><strong><a href=\"https:\/\/puceeduec.sharepoint.com\/:f:\/s\/DGAd\/FIDEICOMISO\/EvAwJ17C82JEtRRbv_DMJF0Bb3bY0znO2W21Wx5M_ba-pA?e=LzGFQl\" target=\"_blank\" rel=\"noopener\">Descargar Formularios \u00bb<\/a><\/strong><\/h2>\n<p>[\/et_pb_text][et_pb_button button_url=\u00bbhttps:\/\/puceapex.puce.edu.ec\/web\/fideicomiso\/wp-content\/uploads\/sites\/14\/2020\/09\/MANUAL-DE-PRESTAMOS-HIPOTECARIOS-JUL-20.pdf\u00bb button_text=\u00bbMANUAL DE MUTUOS HIPOTECARIO\u00bb disabled_on=\u00bbon|on|on\u00bb _builder_version=\u00bb4.16&#8243; custom_button=\u00bbon\u00bb button_text_size=\u00bb12px\u00bb button_text_color=\u00bb#ffffff\u00bb button_bg_color=\u00bb#1d48c0&#8243; button_border_color=\u00bb#1d48c0&#8243; button_border_radius=\u00bb0px\u00bb button_letter_spacing=\u00bb2px\u00bb button_font=\u00bb|700||on|||||\u00bb custom_margin=\u00bb40px||||false\u00bb custom_padding=\u00bb14px|40px|14px|40px|true|true\u00bb box_shadow_style=\u00bbpreset7&#8243; box_shadow_horizontal=\u00bb0px\u00bb box_shadow_vertical=\u00bb0px\u00bb box_shadow_color=\u00bb#ffffff\u00bb disabled=\u00bbon\u00bb locked=\u00bboff\u00bb global_colors_info=\u00bb{}\u00bb button_bg_color__hover_enabled=\u00bbon\u00bb box_shadow_vertical__hover=\u00bb200px\u00bb box_shadow_horizontal__hover_enabled=\u00bbon\u00bb box_shadow_horizontal__hover=\u00bb350px\u00bb button_text_color__hover_enabled=\u00bbon\u00bb button_text_color__hover=\u00bb#1d48c0&#8243; button_bg_color__hover=\u00bb#1d48c0&#8243;][\/et_pb_button][et_pb_button button_url=\u00bbhttps:\/\/puceapex.puce.edu.ec\/web\/fideicomiso\/wp-content\/uploads\/sites\/14\/2020\/09\/POLITICA-DE-CREDITOS-HIPOTECARIO-JUL-20-FINAL.pdf\u00bb button_text=\u00bbPol\u00edtica de mutuos hipotecario\u00bb disabled_on=\u00bbon|on|on\u00bb _builder_version=\u00bb4.16&#8243; custom_button=\u00bbon\u00bb button_text_size=\u00bb12px\u00bb button_text_color=\u00bb#ffffff\u00bb button_bg_color=\u00bb#1d48c0&#8243; button_border_color=\u00bb#1d48c0&#8243; button_border_radius=\u00bb0px\u00bb button_letter_spacing=\u00bb2px\u00bb button_font=\u00bb|700||on|||||\u00bb custom_margin=\u00bb40px||||false\u00bb custom_padding=\u00bb14px|40px|14px|40px|true|true\u00bb box_shadow_style=\u00bbpreset7&#8243; box_shadow_horizontal=\u00bb0px\u00bb box_shadow_vertical=\u00bb0px\u00bb box_shadow_color=\u00bb#ffffff\u00bb disabled=\u00bbon\u00bb locked=\u00bboff\u00bb global_colors_info=\u00bb{}\u00bb button_bg_color__hover_enabled=\u00bbon\u00bb box_shadow_vertical__hover=\u00bb200px\u00bb box_shadow_horizontal__hover_enabled=\u00bbon\u00bb box_shadow_horizontal__hover=\u00bb350px\u00bb button_text_color__hover_enabled=\u00bbon\u00bb button_text_color__hover=\u00bb#1d48c0&#8243; button_bg_color__hover=\u00bb#1d48c0&#8243;][\/et_pb_button][\/et_pb_column][\/et_pb_row][et_pb_row column_structure=\u00bb1_2,1_2&#8243; _builder_version=\u00bb4.16&#8243; custom_margin=\u00bb60px||\u00bb global_colors_info=\u00bb{}\u00bb][et_pb_column type=\u00bb1_2&#8243; _builder_version=\u00bb4.16&#8243; custom_padding=\u00bb|||\u00bb global_colors_info=\u00bb{}\u00bb custom_padding__hover=\u00bb|||\u00bb][et_pb_image src=\u00bbhttps:\/\/puceapex.puce.edu.ec\/web\/fideicomiso\/wp-content\/uploads\/sites\/14\/2023\/10\/primera-vivienda.jpg\u00bb _builder_version=\u00bb4.17.4&#8243; animation_style=\u00bbslide\u00bb animation_direction=\u00bbbottom\u00bb border_width_top=\u00bb8px\u00bb border_color_top=\u00bb#164284&#8243; always_center_on_mobile=\u00bboff\u00bb locked=\u00bboff\u00bb global_colors_info=\u00bb{}\u00bb][\/et_pb_image][et_pb_text _builder_version=\u00bb4.23.1&#8243; text_font=\u00bb||||||||\u00bb text_line_height=\u00bb1.9em\u00bb header_font=\u00bb||||||||\u00bb header_2_font=\u00bbRoboto|700|||||||\u00bb header_2_text_color=\u00bb#00a0dd\u00bb header_2_font_size=\u00bb19px\u00bb header_2_line_height=\u00bb1.4em\u00bb header_3_font=\u00bbGlegoo|700|||||||\u00bb header_3_line_height=\u00bb1.5em\u00bb header_4_font=\u00bb|700||on|||||\u00bb header_4_text_color=\u00bb#1d48c0&#8243; header_4_font_size=\u00bb16px\u00bb header_4_letter_spacing=\u00bb2px\u00bb header_4_line_height=\u00bb1.6em\u00bb header_2_font_size_tablet=\u00bb30px\u00bb header_2_font_size_phone=\u00bb22px\u00bb header_2_font_size_last_edited=\u00bbon|phone\u00bb header_4_font_size_tablet=\u00bb\u00bb header_4_font_size_phone=\u00bb14px\u00bb header_4_font_size_last_edited=\u00bbon|phone\u00bb locked=\u00bboff\u00bb global_colors_info=\u00bb{}\u00bb]<\/p>\n<h4>Hipotecario: Mi primera Vivienda<\/h4>\n<ul>\n<li><b>Precio m\u00e1ximo del inmueble: <\/b> $ 95.000,00<\/li>\n<li><b>Monto m\u00e1ximo a financiar:<\/b> $ 95.000,00<\/li>\n<li><b>Plazo m\u00e1ximo:<\/b> 25 a\u00f1os<\/li>\n<li><b>TASA DE INTER\u00c9S:<\/b>\n<ul>\n<li><b>1 &#8211; 120 meses:<\/b> 4,50%<\/li>\n<li><b>120 &#8211; 180 meses:<\/b> 5,00%<\/li>\n<li><b>180 &#8211; 300 meses:<\/b> 5,99%<\/li>\n<\/ul>\n<\/li>\n<li><b>Presentar:<\/b> Certificado del Registro de la Propiedad de no tener ninguna propiedad<\/li>\n<\/ul>\n<h2><strong><a href=\"https:\/\/puceeduec.sharepoint.com\/:f:\/s\/DGAd\/FIDEICOMISO\/EvAwJ17C82JEtRRbv_DMJF0Bb3bY0znO2W21Wx5M_ba-pA?e=LzGFQl\" target=\"_blank\" rel=\"noopener\">Descargar Formularios \u00bb<\/a><\/strong><\/h2>\n<p>[\/et_pb_text][\/et_pb_column][et_pb_column type=\u00bb1_2&#8243; _builder_version=\u00bb4.16&#8243; custom_padding=\u00bb|||\u00bb global_colors_info=\u00bb{}\u00bb custom_padding__hover=\u00bb|||\u00bb][et_pb_image src=\u00bbhttps:\/\/puceapex.puce.edu.ec\/web\/fideicomiso\/wp-content\/uploads\/sites\/14\/2023\/10\/estudiantil.jpg\u00bb _builder_version=\u00bb4.17.4&#8243; animation_style=\u00bbslide\u00bb animation_direction=\u00bbbottom\u00bb border_width_top=\u00bb8px\u00bb border_color_top=\u00bb#164284&#8243; always_center_on_mobile=\u00bboff\u00bb global_colors_info=\u00bb{}\u00bb][\/et_pb_image][et_pb_text _builder_version=\u00bb4.25.0&#8243; text_font=\u00bb||||||||\u00bb text_line_height=\u00bb1.9em\u00bb header_font=\u00bb||||||||\u00bb header_2_font=\u00bbRoboto|700|||||||\u00bb header_2_text_color=\u00bb#00a0dd\u00bb header_2_font_size=\u00bb19px\u00bb header_2_line_height=\u00bb1.4em\u00bb header_3_font=\u00bbGlegoo|700|||||||\u00bb header_3_line_height=\u00bb1.5em\u00bb header_4_font=\u00bb|700||on|||||\u00bb header_4_text_color=\u00bb#1d48c0&#8243; header_4_font_size=\u00bb16px\u00bb header_4_letter_spacing=\u00bb2px\u00bb header_4_line_height=\u00bb1.6em\u00bb header_2_font_size_tablet=\u00bb30px\u00bb header_2_font_size_phone=\u00bb22px\u00bb header_2_font_size_last_edited=\u00bbon|phone\u00bb header_4_font_size_tablet=\u00bb\u00bb header_4_font_size_phone=\u00bb14px\u00bb header_4_font_size_last_edited=\u00bbon|phone\u00bb locked=\u00bboff\u00bb global_colors_info=\u00bb{}\u00bb]<\/p>\n<h4>Quirografario Estudiantil<\/h4>\n<ul>\n<li><b>MONTO M\u00c1X:<\/b> valor del comprobante<\/li>\n<li><b>PLAZO M\u00c1X:<\/b> 60 meses<\/li>\n<li><b>TASA DE INTER\u00c9S:<\/b> 8%<\/li>\n<li><b>A PARTIR DEL:<\/b> Tercer semestre de tu carrera<\/li>\n<\/ul>\n<p>Adicionalmente no olvides adjuntar el comprobante de pago de la <strong>PUCE<\/strong><\/p>\n<h2><strong><a href=\"https:\/\/puceeduec.sharepoint.com\/:f:\/s\/DGAd\/FIDEICOMISO\/Eii_f8ZdVdFMpyTcz-BcrjQBrlvzImPaJ7ET3Bc7jR_Zdw?e=RDY24l\" target=\"_blank\" rel=\"noopener\">Descargar Formularios \u00bb<\/a><\/strong><\/h2>\n<p>[\/et_pb_text][\/et_pb_column][\/et_pb_row][et_pb_row _builder_version=\u00bb4.23.1&#8243; _module_preset=\u00bbdefault\u00bb global_colors_info=\u00bb{}\u00bb][et_pb_column type=\u00bb4_4&#8243; _builder_version=\u00bb4.23.1&#8243; _module_preset=\u00bbdefault\u00bb global_colors_info=\u00bb{}\u00bb][et_pb_text _builder_version=\u00bb4.23.1&#8243; _module_preset=\u00bbdefault\u00bb text_font=\u00bb||||||||\u00bb text_font_size=\u00bb15px\u00bb text_line_height=\u00bb2em\u00bb header_2_font=\u00bbGlegoo||||||||\u00bb header_2_font_size=\u00bb40px\u00bb header_2_line_height=\u00bb1.4em\u00bb header_4_font=\u00bb|700||on|||||\u00bb header_4_text_color=\u00bb#1d48c0&#8243; header_4_font_size=\u00bb16px\u00bb header_4_letter_spacing=\u00bb2px\u00bb header_4_line_height=\u00bb1.6em\u00bb text_orientation=\u00bbcenter\u00bb max_width=\u00bb600px\u00bb module_alignment=\u00bbcenter\u00bb header_2_font_size_tablet=\u00bb30px\u00bb header_2_font_size_phone=\u00bb22px\u00bb header_2_font_size_last_edited=\u00bbon|phone\u00bb header_4_font_size_tablet=\u00bb16px\u00bb header_4_font_size_phone=\u00bb14px\u00bb header_4_font_size_last_edited=\u00bbon|phone\u00bb global_colors_info=\u00bb{}\u00bb]<\/p>\n<h2>Tus cr\u00e9ditos cuentan con las siguientes coberturas<\/h2>\n<p>[\/et_pb_text][\/et_pb_column][\/et_pb_row][et_pb_row column_structure=\u00bb1_2,1_2&#8243; _builder_version=\u00bb4.16&#8243; custom_margin=\u00bb60px||\u00bb global_colors_info=\u00bb{}\u00bb][et_pb_column type=\u00bb1_2&#8243; _builder_version=\u00bb4.16&#8243; custom_padding=\u00bb|||\u00bb global_colors_info=\u00bb{}\u00bb custom_padding__hover=\u00bb|||\u00bb][et_pb_image src=\u00bbhttps:\/\/puceapex.puce.edu.ec\/web\/fideicomiso\/wp-content\/uploads\/sites\/14\/2023\/10\/cobertura.jpg\u00bb _builder_version=\u00bb4.17.4&#8243; animation_style=\u00bbslide\u00bb animation_direction=\u00bbbottom\u00bb border_width_top=\u00bb8px\u00bb border_color_top=\u00bb#164284&#8243; always_center_on_mobile=\u00bboff\u00bb global_colors_info=\u00bb{}\u00bb][\/et_pb_image][et_pb_text _builder_version=\u00bb4.25.0&#8243; text_font=\u00bb||||||||\u00bb text_line_height=\u00bb1.9em\u00bb header_font=\u00bb||||||||\u00bb header_2_font=\u00bbGlegoo||||||||\u00bb header_2_font_size=\u00bb40px\u00bb header_2_line_height=\u00bb1.4em\u00bb header_3_font=\u00bbGlegoo|700|||||||\u00bb header_3_line_height=\u00bb1.5em\u00bb header_4_font=\u00bb|700||on|||||\u00bb header_4_text_color=\u00bb#1d48c0&#8243; header_4_font_size=\u00bb16px\u00bb header_4_letter_spacing=\u00bb2px\u00bb header_4_line_height=\u00bb1.6em\u00bb header_2_font_size_tablet=\u00bb30px\u00bb header_2_font_size_phone=\u00bb22px\u00bb header_2_font_size_last_edited=\u00bbon|phone\u00bb header_3_font_size_tablet=\u00bb30px\u00bb header_3_font_size_phone=\u00bb22px\u00bb header_3_font_size_last_edited=\u00bboff|desktop\u00bb header_4_font_size_tablet=\u00bb\u00bb header_4_font_size_phone=\u00bb14px\u00bb header_4_font_size_last_edited=\u00bbon|phone\u00bb locked=\u00bboff\u00bb global_colors_info=\u00bb{}\u00bb]<\/p>\n<h4>Coberturas<\/h4>\n<p><!--<b style=\"color:#164284;\">Vida (Muerte por cualquier causa):<\/b><\/p>\n\n\n\n\n<ul>\n\n\n<li><b>Plan Actual:<\/b> No aplica<\/li>\n\n\n<\/ul>\n\n\n\n\n<p>--><br \/><b style=\"color: #164284;\">Muerte Accidental y\/o Desmembraci\u00f3n Accidental:<\/b><\/p>\n<ul>\n<li><b>Plan Actual:<\/b> $15.000,00<\/li>\n<\/ul>\n<p><b style=\"color: #164284;\">Incapacidad Total y Permanente por Accidente<\/b><\/p>\n<ul>\n<li><b>Plan Actual:<\/b> $15.000,00<\/li>\n<\/ul>\n<p>[\/et_pb_text][\/et_pb_column][et_pb_column type=\u00bb1_2&#8243; _builder_version=\u00bb4.16&#8243; custom_padding=\u00bb|||\u00bb global_colors_info=\u00bb{}\u00bb custom_padding__hover=\u00bb|||\u00bb][et_pb_text disabled_on=\u00bbon|on|on\u00bb _builder_version=\u00bb4.23.1&#8243; text_font=\u00bb||||||||\u00bb text_line_height=\u00bb1.9em\u00bb header_font=\u00bb||||||||\u00bb header_2_font=\u00bbGlegoo||||||||\u00bb header_2_font_size=\u00bb40px\u00bb header_2_line_height=\u00bb1.4em\u00bb header_3_font=\u00bbGlegoo|700|||||||\u00bb header_3_line_height=\u00bb1.5em\u00bb header_4_font=\u00bb|700||on|||||\u00bb header_4_text_color=\u00bb#1d48c0&#8243; header_4_font_size=\u00bb16px\u00bb header_4_letter_spacing=\u00bb2px\u00bb header_4_line_height=\u00bb1.6em\u00bb header_2_font_size_tablet=\u00bb30px\u00bb header_2_font_size_phone=\u00bb22px\u00bb header_2_font_size_last_edited=\u00bbon|phone\u00bb header_3_font_size_tablet=\u00bb30px\u00bb header_3_font_size_phone=\u00bb22px\u00bb header_3_font_size_last_edited=\u00bboff|desktop\u00bb header_4_font_size_tablet=\u00bb\u00bb header_4_font_size_phone=\u00bb14px\u00bb header_4_font_size_last_edited=\u00bbon|phone\u00bb disabled=\u00bbon\u00bb locked=\u00bboff\u00bb global_colors_info=\u00bb{}\u00bb]<b style=\"color:#164284;\">Incapacidad Total y Permanente por Enfermedad<\/b><\/p>\n<ul>\n<li><b>Plan Actual:<\/b> No aplica<\/li>\n<\/ul>\n<p><b style=\"color:#164284;\">Servicio Exequial<\/b><\/p>\n<ul>\n<li><b>Plan Actual:<\/b> No aplica<\/li>\n<\/ul>\n<p><b style=\"color:#164284;\">Anticipo por Enfermedad Terminal<\/b><\/p>\n<ul>\n<li><b>Plan Actual:<\/b> No aplica<\/li>\n<\/ul>\n<p>[\/et_pb_text][et_pb_blurb title=\u00bbP\u00d3LIZA DE SEGURO DE DESGRAVAMEN\u00bb use_icon=\u00bbon\u00bb font_icon=\u00bb&#xe092;||divi||400&#8243; icon_color=\u00bb#00c1de\u00bb icon_placement=\u00bbleft\u00bb image_icon_width=\u00bb29px\u00bb _builder_version=\u00bb4.25.0&#8243; header_font=\u00bbGlegoo|700|||||||\u00bb header_text_color=\u00bb#3d404c\u00bb header_font_size=\u00bb14px\u00bb header_line_height=\u00bb1.4em\u00bb body_font=\u00bbGlegoo||||||||\u00bb background_color=\u00bb#FFFFFF\u00bb text_orientation=\u00bbcenter\u00bb background_layout=\u00bbdark\u00bb custom_padding=\u00bb18px|20px|10px|20px|false|true\u00bb link_option_url=\u00bbhttps:\/\/puceapex.puce.edu.ec\/web\/fideicomiso\/wp-content\/uploads\/sites\/14\/2026\/03\/SEGURODESGRAVAMENHIPOTECARIOSQUIROGRAFARIOSPOLIZA50597.pdf\u00bb link_option_url_new_window=\u00bbon\u00bb hover_enabled=\u00bb0&#8243; border_width_all=\u00bb2px\u00bb border_color_all=\u00bb#164284&#8243; icon_font_size=\u00bb35px\u00bb locked=\u00bboff\u00bb global_colors_info=\u00bb{}\u00bb sticky_enabled=\u00bb0&#8243;][\/et_pb_blurb][et_pb_blurb title=\u00bbP\u00d3LIZA DE SEGURO DE DESGRAVAMEN\u00bb use_icon=\u00bbon\u00bb font_icon=\u00bb&#xe092;||divi||400&#8243; icon_color=\u00bb#00c1de\u00bb icon_placement=\u00bbleft\u00bb image_icon_width=\u00bb29px\u00bb disabled_on=\u00bbon|on|on\u00bb _builder_version=\u00bb4.17.4&#8243; header_font=\u00bbGlegoo|700|||||||\u00bb header_text_color=\u00bb#3d404c\u00bb header_font_size=\u00bb14px\u00bb header_line_height=\u00bb1.4em\u00bb body_font=\u00bbGlegoo||||||||\u00bb background_color=\u00bb#FFFFFF\u00bb text_orientation=\u00bbcenter\u00bb background_layout=\u00bbdark\u00bb custom_padding=\u00bb18px|20px|10px|20px|false|true\u00bb link_option_url=\u00bbhttp:\/\/www.puce.edu.ec\/docs\/fispuce\/poliza-seguros.pdf\u00bb link_option_url_new_window=\u00bbon\u00bb border_width_all=\u00bb2px\u00bb border_color_all=\u00bb#164284&#8243; icon_font_size=\u00bb35px\u00bb disabled=\u00bbon\u00bb locked=\u00bboff\u00bb global_colors_info=\u00bb{}\u00bb][\/et_pb_blurb][et_pb_blurb title=\u00bbPOLIZA DE SEGUROS DE INCENDIOS\u00bb use_icon=\u00bbon\u00bb font_icon=\u00bb&#xe092;||divi||400&#8243; icon_color=\u00bb#00c1de\u00bb icon_placement=\u00bbleft\u00bb image_icon_width=\u00bb29px\u00bb _builder_version=\u00bb4.25.0&#8243; header_font=\u00bbGlegoo|700|||||||\u00bb header_text_color=\u00bb#3d404c\u00bb header_font_size=\u00bb14px\u00bb header_line_height=\u00bb1.4em\u00bb body_font=\u00bbGlegoo||||||||\u00bb background_color=\u00bb#FFFFFF\u00bb text_orientation=\u00bbcenter\u00bb background_layout=\u00bbdark\u00bb custom_padding=\u00bb18px|20px|10px|20px|false|true\u00bb link_option_url=\u00bbhttps:\/\/puceapex.puce.edu.ec\/web\/fideicomiso\/wp-content\/uploads\/sites\/14\/2026\/03\/SEGUROINCENDIOPOLIZA55900.pdf\u00bb link_option_url_new_window=\u00bbon\u00bb hover_enabled=\u00bb0&#8243; border_width_all=\u00bb2px\u00bb border_color_all=\u00bb#164284&#8243; icon_font_size=\u00bb35px\u00bb locked=\u00bboff\u00bb global_colors_info=\u00bb{}\u00bb sticky_enabled=\u00bb0&#8243;][\/et_pb_blurb][\/et_pb_column][\/et_pb_row][\/et_pb_section]<\/p>\n","protected":false},"excerpt":{"rendered":"<p>Nuestros Cr\u00e9ditosAplican a partir de las 12 aportaciones en el fondo.QUIROGRAFARIOS TASAS DE INTER\u00c9S REAJUSTABLE SEMESTRALMENTE en base a la Tasa Activa Referencial Segmento Educativo BCE:Tasas seg\u00fan el plazo vigentes del 15 de octubre de 2025 al 15 de abril de 2026 Hasta 36 meses : 8,86% 37 \u2013 48 meses: 9,11% 49 \u2013 60 [&hellip;]<\/p>\n","protected":false},"author":7,"featured_media":0,"parent":0,"menu_order":0,"comment_status":"closed","ping_status":"closed","template":"","meta":{"_et_pb_use_builder":"on","_et_pb_old_content":"","_et_gb_content_width":"","inline_featured_image":false,"footnotes":""},"_links":{"self":[{"href":"https:\/\/puceapex.puce.edu.ec\/web\/fideicomiso\/wp-json\/wp\/v2\/pages\/814"}],"collection":[{"href":"https:\/\/puceapex.puce.edu.ec\/web\/fideicomiso\/wp-json\/wp\/v2\/pages"}],"about":[{"href":"https:\/\/puceapex.puce.edu.ec\/web\/fideicomiso\/wp-json\/wp\/v2\/types\/page"}],"author":[{"embeddable":true,"href":"https:\/\/puceapex.puce.edu.ec\/web\/fideicomiso\/wp-json\/wp\/v2\/users\/7"}],"replies":[{"embeddable":true,"href":"https:\/\/puceapex.puce.edu.ec\/web\/fideicomiso\/wp-json\/wp\/v2\/comments?post=814"}],"version-history":[{"count":51,"href":"https:\/\/puceapex.puce.edu.ec\/web\/fideicomiso\/wp-json\/wp\/v2\/pages\/814\/revisions"}],"predecessor-version":[{"id":1251,"href":"https:\/\/puceapex.puce.edu.ec\/web\/fideicomiso\/wp-json\/wp\/v2\/pages\/814\/revisions\/1251"}],"wp:attachment":[{"href":"https:\/\/puceapex.puce.edu.ec\/web\/fideicomiso\/wp-json\/wp\/v2\/media?parent=814"}],"curies":[{"name":"wp","href":"https:\/\/api.w.org\/{rel}","templated":true}]}}