{"id":209,"date":"2020-07-16T23:39:31","date_gmt":"2020-07-16T23:39:31","guid":{"rendered":"https:\/\/puceapex.puce.edu.ec\/web\/fideicomiso\/?page_id=209"},"modified":"2023-07-18T15:06:49","modified_gmt":"2023-07-18T15:06:49","slug":"formularios","status":"publish","type":"page","link":"https:\/\/puceapex.puce.edu.ec\/web\/fideicomiso\/formularios\/","title":{"rendered":"Formularios"},"content":{"rendered":"<p>[et_pb_section fb_built=\u00bb1&#8243; admin_label=\u00bbHeader\u00bb _builder_version=\u00bb4.16&#8243; background_image=\u00bbhttps:\/\/puceapex.puce.edu.ec\/web\/fideicomiso\/wp-content\/uploads\/sites\/14\/2020\/06\/investing-15.jpg\u00bb background_size=\u00bbinitial\u00bb background_position=\u00bbtop_center\u00bb custom_padding=\u00bb8vw||6vw||false|false\u00bb da_disable_devices=\u00bboff|off|off\u00bb global_colors_info=\u00bb{}\u00bb da_is_popup=\u00bboff\u00bb da_exit_intent=\u00bboff\u00bb da_has_close=\u00bbon\u00bb da_alt_close=\u00bboff\u00bb da_dark_close=\u00bboff\u00bb da_not_modal=\u00bbon\u00bb da_is_singular=\u00bboff\u00bb da_with_loader=\u00bboff\u00bb da_has_shadow=\u00bbon\u00bb][et_pb_row _builder_version=\u00bb4.16&#8243; custom_width_px__hover=\u00bb1080px\u00bb custom_width_px__hover_enabled=\u00bb1080px\u00bb custom_width_percent__hover=\u00bb80%\u00bb custom_width_percent__hover_enabled=\u00bb80%\u00bb collapsed=\u00bbon\u00bb global_colors_info=\u00bb{}\u00bb gutter_width__hover=\u00bb3&#8243; gutter_width__hover_enabled=\u00bb3&#8243; parallax_1__hover=\u00bboff\u00bb parallax_1__hover_enabled=\u00bboff\u00bb parallax_2__hover=\u00bboff\u00bb parallax_2__hover_enabled=\u00bboff\u00bb parallax_3__hover=\u00bboff\u00bb parallax_3__hover_enabled=\u00bboff\u00bb parallax_4__hover=\u00bboff\u00bb parallax_4__hover_enabled=\u00bboff\u00bb parallax_5__hover=\u00bboff\u00bb parallax_5__hover_enabled=\u00bboff\u00bb parallax_6__hover=\u00bboff\u00bb parallax_6__hover_enabled=\u00bboff\u00bb parallax_method_1__hover=\u00bbon\u00bb parallax_method_1__hover_enabled=\u00bbon\u00bb parallax_method_2__hover=\u00bbon\u00bb parallax_method_2__hover_enabled=\u00bbon\u00bb parallax_method_3__hover=\u00bbon\u00bb parallax_method_3__hover_enabled=\u00bbon\u00bb parallax_method_4__hover=\u00bbon\u00bb parallax_method_4__hover_enabled=\u00bbon\u00bb parallax_method_5__hover=\u00bbon\u00bb parallax_method_5__hover_enabled=\u00bbon\u00bb parallax_method_6__hover=\u00bbon\u00bb parallax_method_6__hover_enabled=\u00bbon\u00bb use_background_color_gradient__hover=\u00bboff\u00bb use_background_color_gradient__hover_enabled=\u00bboff\u00bb background_color_gradient_start__hover=\u00bb#2b87da\u00bb background_color_gradient_start__hover_enabled=\u00bb#2b87da\u00bb background_color_gradient_end__hover=\u00bb#29c4a9&#8243; background_color_gradient_end__hover_enabled=\u00bb#29c4a9&#8243; background_color_gradient_type__hover=\u00bblinear\u00bb background_color_gradient_type__hover_enabled=\u00bblinear\u00bb background_color_gradient_direction__hover=\u00bb180deg\u00bb background_color_gradient_direction__hover_enabled=\u00bb180deg\u00bb background_color_gradient_direction_radial__hover=\u00bbcenter\u00bb background_color_gradient_direction_radial__hover_enabled=\u00bbcenter\u00bb background_color_gradient_start_position__hover=\u00bb0%\u00bb background_color_gradient_start_position__hover_enabled=\u00bb0%\u00bb background_color_gradient_end_position__hover=\u00bb100%\u00bb background_color_gradient_end_position__hover_enabled=\u00bb100%\u00bb background_color_gradient_overlays_image__hover=\u00bboff\u00bb background_color_gradient_overlays_image__hover_enabled=\u00bboff\u00bb parallax__hover=\u00bboff\u00bb parallax__hover_enabled=\u00bboff\u00bb parallax_method__hover=\u00bbon\u00bb parallax_method__hover_enabled=\u00bbon\u00bb background_size__hover=\u00bbcover\u00bb background_size__hover_enabled=\u00bbcover\u00bb background_position__hover=\u00bbcenter\u00bb background_position__hover_enabled=\u00bbcenter\u00bb background_repeat__hover=\u00bbno-repeat\u00bb background_repeat__hover_enabled=\u00bbno-repeat\u00bb background_blend__hover=\u00bbnormal\u00bb background_blend__hover_enabled=\u00bbnormal\u00bb allow_player_pause__hover=\u00bboff\u00bb allow_player_pause__hover_enabled=\u00bboff\u00bb background_video_pause_outside_viewport__hover=\u00bbon\u00bb background_video_pause_outside_viewport__hover_enabled=\u00bbon\u00bb make_fullwidth__hover=\u00bboff\u00bb make_fullwidth__hover_enabled=\u00bboff\u00bb use_custom_width__hover=\u00bboff\u00bb use_custom_width__hover_enabled=\u00bboff\u00bb width_unit__hover=\u00bbon\u00bb width_unit__hover_enabled=\u00bbon\u00bb use_custom_gutter__hover=\u00bboff\u00bb use_custom_gutter__hover_enabled=\u00bboff\u00bb make_equal__hover=\u00bboff\u00bb make_equal__hover_enabled=\u00bboff\u00bb border_radii__hover=\u00bbon||||\u00bb border_radii__hover_enabled=\u00bbon||||\u00bb box_shadow_style__hover=\u00bbnone\u00bb box_shadow_style__hover_enabled=\u00bbnone\u00bb box_shadow_color__hover=\u00bbrgba(0,0,0,0.3)\u00bb box_shadow_color__hover_enabled=\u00bbrgba(0,0,0,0.3)\u00bb filter_hue_rotate__hover=\u00bb0deg\u00bb filter_hue_rotate__hover_enabled=\u00bb0deg\u00bb filter_saturate__hover=\u00bb100%\u00bb filter_saturate__hover_enabled=\u00bb100%\u00bb filter_brightness__hover=\u00bb100%\u00bb filter_brightness__hover_enabled=\u00bb100%\u00bb filter_contrast__hover=\u00bb100%\u00bb filter_contrast__hover_enabled=\u00bb100%\u00bb filter_invert__hover=\u00bb0%\u00bb filter_invert__hover_enabled=\u00bb0%\u00bb filter_sepia__hover=\u00bb0%\u00bb filter_sepia__hover_enabled=\u00bb0%\u00bb filter_opacity__hover=\u00bb100%\u00bb filter_opacity__hover_enabled=\u00bb100%\u00bb filter_blur__hover=\u00bb0px\u00bb filter_blur__hover_enabled=\u00bb0px\u00bb mix_blend_mode__hover=\u00bbnormal\u00bb mix_blend_mode__hover_enabled=\u00bbnormal\u00bb animation_style__hover=\u00bbnone\u00bb animation_style__hover_enabled=\u00bbnone\u00bb animation_repeat__hover=\u00bbonce\u00bb animation_repeat__hover_enabled=\u00bbonce\u00bb animation_direction__hover=\u00bbcenter\u00bb animation_direction__hover_enabled=\u00bbcenter\u00bb animation_duration__hover=\u00bb1000ms\u00bb animation_duration__hover_enabled=\u00bb1000ms\u00bb animation_delay__hover=\u00bb0ms\u00bb animation_delay__hover_enabled=\u00bb0ms\u00bb animation_intensity_slide__hover=\u00bb50%\u00bb animation_intensity_slide__hover_enabled=\u00bb50%\u00bb animation_intensity_zoom__hover=\u00bb50%\u00bb animation_intensity_zoom__hover_enabled=\u00bb50%\u00bb animation_intensity_flip__hover=\u00bb50%\u00bb animation_intensity_flip__hover_enabled=\u00bb50%\u00bb animation_intensity_fold__hover=\u00bb50%\u00bb animation_intensity_fold__hover_enabled=\u00bb50%\u00bb animation_intensity_roll__hover=\u00bb50%\u00bb animation_intensity_roll__hover_enabled=\u00bb50%\u00bb animation_starting_opacity__hover=\u00bb0%\u00bb animation_starting_opacity__hover_enabled=\u00bb0%\u00bb animation_speed_curve__hover=\u00bbease-in-out\u00bb animation_speed_curve__hover_enabled=\u00bbease-in-out\u00bb hover_transition_duration__hover=\u00bb300ms\u00bb hover_transition_duration__hover_enabled=\u00bb300ms\u00bb hover_transition_delay__hover=\u00bb0ms\u00bb hover_transition_delay__hover_enabled=\u00bb0ms\u00bb hover_transition_speed_curve__hover=\u00bbease\u00bb hover_transition_speed_curve__hover_enabled=\u00bbease\u00bb background_color_gradient_stops__hover=\u00bb#2b87da 0%|#29c4a9 100%\u00bb][et_pb_column type=\u00bb4_4&#8243; _builder_version=\u00bb4.16&#8243; custom_padding=\u00bb|||\u00bb global_colors_info=\u00bb{}\u00bb custom_padding__hover=\u00bb|||\u00bb][et_pb_text _builder_version=\u00bb4.16&#8243; text_font=\u00bb||||||||\u00bb header_font=\u00bbGlegoo|700|||||||\u00bb header_font_size=\u00bb80px\u00bb header_line_height=\u00bb1.3em\u00bb background_color_gradient_direction=\u00bb150deg\u00bb custom_margin=\u00bb|-49px||||\u00bb custom_padding=\u00bb70px|70px|70px|70px|true|true\u00bb custom_padding_tablet=\u00bb40px|40px|40px|40px|true|true\u00bb custom_padding_phone=\u00bb20px|20px|20px|20px|true|true\u00bb custom_padding_last_edited=\u00bbon|phone\u00bb animation_style=\u00bbflip\u00bb header_font_size_tablet=\u00bb50px\u00bb header_font_size_phone=\u00bb30px\u00bb header_font_size_last_edited=\u00bbon|phone\u00bb box_shadow_style=\u00bbpreset1&#8243; box_shadow_vertical=\u00bb40px\u00bb box_shadow_blur=\u00bb200px\u00bb box_shadow_spread=\u00bb-10px\u00bb box_shadow_color=\u00bbrgba(0,0,0,0.08)\u00bb global_colors_info=\u00bb{}\u00bb box_shadow_style__hover=\u00bbnone\u00bb box_shadow_style__hover_enabled=\u00bbnone\u00bb box_shadow_color__hover=\u00bbrgba(0,0,0,0.3)\u00bb box_shadow_color__hover_enabled=\u00bbrgba(0,0,0,0.3)\u00bb]<\/p>\n<h1>Formularios<\/h1>\n<p>[\/et_pb_text][et_pb_text _builder_version=\u00bb4.17.4&#8243; _module_preset=\u00bbdefault\u00bb global_colors_info=\u00bb{}\u00bb]<\/p>\n<p>La documentaci\u00f3n se recibe firmada y completa de manera presencial en nuestra oficina, ubicada el el Edificio Administrativo, Piso 3, Oficina 319 de Lunes a Viernes, de 08H00 a 16H00.<\/p>\n<p><strong>Para la Solicitud del Cr\u00e9dito Quirografario, se recibe <span style=\"color: #800000;\">solo dentro de los primeros 15 d\u00edas de cada mes.<\/span><\/strong><\/p>\n<p>[\/et_pb_text][\/et_pb_column][\/et_pb_row][et_pb_row _builder_version=\u00bb4.17.4&#8243; _module_preset=\u00bbdefault\u00bb global_colors_info=\u00bb{}\u00bb][et_pb_column type=\u00bb4_4&#8243; _builder_version=\u00bb4.17.4&#8243; _module_preset=\u00bbdefault\u00bb global_colors_info=\u00bb{}\u00bb][et_pb_code admin_label=\u00bbJS BOTON CERRAR\u00bb _builder_version=\u00bb4.17.4&#8243; _module_preset=\u00bbdefault\u00bb global_colors_info=\u00bb{}\u00bb]<script><!-- [et_pb_line_break_holder] -->jQuery(function($){<!-- [et_pb_line_break_holder] -->  $('.et_pb_toggle_title').click(function(){<!-- [et_pb_line_break_holder] -->    var $toggle = $(this).closest('.et_pb_toggle');<!-- [et_pb_line_break_holder] -->    if (!$toggle.hasClass('et_pb_accordion_toggling')) {<!-- [et_pb_line_break_holder] -->      var $accordion = $toggle.closest('.et_pb_accordion');<!-- [et_pb_line_break_holder] -->      if ($toggle.hasClass('et_pb_toggle_open')) {<!-- [et_pb_line_break_holder] -->        $accordion.addClass('et_pb_accordion_toggling');<!-- [et_pb_line_break_holder] -->        $toggle.find('.et_pb_toggle_content').slideToggle(700, function() { <!-- [et_pb_line_break_holder] -->          $toggle.removeClass('et_pb_toggle_open').addClass('et_pb_toggle_close'); <!-- [et_pb_line_break_holder] -->\t\t\t\t\t<!-- [et_pb_line_break_holder] -->        });<!-- [et_pb_line_break_holder] -->      }<!-- [et_pb_line_break_holder] -->      setTimeout(function(){ <!-- [et_pb_line_break_holder] -->        $accordion.removeClass('et_pb_accordion_toggling'); <!-- [et_pb_line_break_holder] -->      }, 750);<!-- [et_pb_line_break_holder] -->    }<!-- [et_pb_line_break_holder] -->  });<!-- [et_pb_line_break_holder] -->});<!-- [et_pb_line_break_holder] --><\/script><!-- [et_pb_line_break_holder] --><\/p>\n<style><!-- [et_pb_line_break_holder] -->.et_pb_toggle_open .et_pb_toggle_title:before {<!-- [et_pb_line_break_holder] -->\tdisplay: block !important;<!-- [et_pb_line_break_holder] -->\tcontent: \"\\e04f\";<!-- [et_pb_line_break_holder] -->}<!-- [et_pb_line_break_holder] --><\/style>\n<p>[\/et_pb_code][et_pb_accordion open_toggle_text_color=\u00bb#0C71C3&#8243; closed_toggle_background_color=\u00bb#FFFFFF\u00bb icon_color=\u00bb#888888&#8243; use_icon_font_size=\u00bbon\u00bb icon_font_size=\u00bb24px\u00bb _builder_version=\u00bb4.17.4&#8243; _module_preset=\u00bbdefault\u00bb toggle_font=\u00bbGlegoo|700|||||||\u00bb toggle_font_size=\u00bb24px\u00bb hover_enabled=\u00bb0&#8243; global_colors_info=\u00bb{}\u00bb sticky_enabled=\u00bb0&#8243;][et_pb_accordion_item title=\u00bbEMPTY\u00bb open=\u00bbon\u00bb _builder_version=\u00bb4.17.4&#8243; _module_preset=\u00bbdefault\u00bb custom_css_main_element=\u00bbdisplay:none;\u00bb global_colors_info=\u00bb{}\u00bb][\/et_pb_accordion_item][et_pb_accordion_item title=\u00bbSOLICITUD DE ADHESI\u00d3N AL FIDEICOMISO\u00bb _builder_version=\u00bb4.17.4&#8243; _module_preset=\u00bbdefault\u00bb body_link_text_color=\u00bb#00a0dd\u00bb global_colors_info=\u00bb{}\u00bb open=\u00bboff\u00bb]<\/p>\n<p>Debe completar todos los siguientes formularios para poder iniciar el tr\u00e1mite correspondiente a su adhesi\u00f3n al Fideicomiso de Inversi\u00f3n PUCE:<\/p>\n<ul>\n<li><strong>Convenio de Adhesi\u00f3n<\/strong><\/li>\n<li><strong>Formulario conozca a su cliente<\/strong><\/li>\n<li><strong>Registro de datos personales<\/strong><\/li>\n<\/ul>\n<h4><strong><a href=\"https:\/\/puceeduec.sharepoint.com\/:f:\/s\/DGAd\/FIDEICOMISO\/EqYKElCClQ9AnFqWsYkvRyYBcWmLkI3q-bTB4W_Hn7O0ZA?e=khSv8X\" target=\"_blank\" rel=\"noopener\">Descargar Formularios \u00bb<\/a><\/strong><\/h4>\n<p>[\/et_pb_accordion_item][et_pb_accordion_item title=\u00bbSOLICITUD DE CR\u00c9DITO HIPOTECARIO\u00bb _builder_version=\u00bb4.17.4&#8243; _module_preset=\u00bbdefault\u00bb body_link_text_color=\u00bb#00a0dd\u00bb hover_enabled=\u00bb0&#8243; global_colors_info=\u00bb{}\u00bb open=\u00bboff\u00bb sticky_enabled=\u00bb0&#8243;]Debe completar los siguientes formularios para poder iniciar el tr\u00e1mite correspondiente a la pre calificaci\u00f3n de su solicitud de cr\u00e9dito hipotecario:<\/p>\n<ul>\n<li><strong>Solicitud de Cr\u00e9dito Deudor<\/strong><\/li>\n<li><strong>Formulario Aseguradora<\/strong><\/li>\n<li><strong><a href=\"https:\/\/puceeduec.sharepoint.com\/:b:\/r\/sites\/DGAd\/FIDEICOMISO\/Documentos%20compartidos\/SOLICITUDES\/CR%C3%89DITO%20HIPOTECARIO\/requisitos%20-%202021.pdf?csf=1&#038;web=1&#038;e=Omcd8h\" target=\"_blank\" rel=\"noopener\">Requisitos<\/a><\/strong><\/li>\n<\/ul>\n<h4><strong><a href=\"https:\/\/puceeduec.sharepoint.com\/:f:\/s\/DGAd\/FIDEICOMISO\/EvAwJ17C82JEtRRbv_DMJF0Bb3bY0znO2W21Wx5M_ba-pA?e=LzGFQl\" target=\"_blank\" rel=\"noopener\">Descargar Formularios \u00bb<\/a><\/strong><\/h4>\n<p>[\/et_pb_accordion_item][et_pb_accordion_item title=\u00bbACTUALIZACI\u00d3N BENEFICIARIOS POR MUERTE\u00bb _builder_version=\u00bb4.17.4&#8243; _module_preset=\u00bbdefault\u00bb body_link_text_color=\u00bb#00a0dd\u00bb global_colors_info=\u00bb{}\u00bb open=\u00bboff\u00bb]<\/p>\n<p>Debe completar el siguiente formulario para que se realice la actualizaci\u00f3n de datos en el sistema del Fideicomiso:<\/p>\n<ul>\n<li><strong>Formulario Beneficiarios por Muerte<\/strong><strong><\/strong><\/li>\n<\/ul>\n<h4><strong><a href=\"https:\/\/puceeduec.sharepoint.com\/:f:\/s\/DGAd\/FIDEICOMISO\/EuIgiW590flGsdSyknejQ7sBA6FZ2941ByNloFIa95NKAg?e=Lfd5cz\" target=\"_blank\" rel=\"noopener\">Descargar Formularios \u00bb<\/a><\/strong><\/h4>\n<p>[\/et_pb_accordion_item][et_pb_accordion_item title=\u00bbSOLICITUD DE CR\u00c9DITO QUIROGRAFARIO\u00bb _builder_version=\u00bb4.17.4&#8243; _module_preset=\u00bbdefault\u00bb body_link_text_color=\u00bb#00a0dd\u00bb hover_enabled=\u00bb0&#8243; global_colors_info=\u00bb{}\u00bb open=\u00bboff\u00bb sticky_enabled=\u00bb0&#8243;]<\/p>\n<p>Debe completar los siguientes formularios<span style=\"color: #800000;\"><strong>**<\/strong><\/span> para poder iniciar el tr\u00e1mite correspondiente a la calificaci\u00f3n de su solicitud de cr\u00e9dito quirografario:<\/p>\n<ul>\n<li><strong>Solicitud de Cr\u00e9dito Deudor<\/strong><\/li>\n<li><strong>Solicitud de Cr\u00e9dito Garante*<br \/><\/strong><\/li>\n<li><strong>Formulario Aseguradora<\/strong><\/li>\n<li><strong><a href=\"https:\/\/puceeduec.sharepoint.com\/:b:\/r\/sites\/DGAd\/FIDEICOMISO\/Documentos%20compartidos\/SOLICITUDES\/CR%C3%89DITO%20QUIROGRAFARIO\/REQUISITOS%202021.pdf?csf=1&#038;web=1&#038;e=fp1hjd\" target=\"_blank\" rel=\"noopener\">Requisitos<\/a><\/strong><\/li>\n<\/ul>\n<p><small>*Cuando aplique<\/small><\/p>\n<p><span style=\"color: #800000;\"><strong>**Esta documentaci\u00f3n se recibe solo dentro de los primeros 15 d\u00edas de cada mes.<\/strong><\/span><\/p>\n<h4><strong><a href=\"https:\/\/puceeduec.sharepoint.com\/:f:\/s\/DGAd\/FIDEICOMISO\/EgDYwg-OzU9EhHzVEO9vfbkBR-pMSaWq-7CJAfyYfQBPPw?e=NnEZsH\" target=\"_blank\" rel=\"noopener\">Descargar Formularios \u00bb<\/a><\/strong><\/h4>\n<p>&nbsp;<\/p>\n<p>[\/et_pb_accordion_item][et_pb_accordion_item title=\u00bbSOLICITUD DE JUBILACI\u00d3N\u00bb _builder_version=\u00bb4.17.4&#8243; _module_preset=\u00bbdefault\u00bb body_link_text_color=\u00bb#00a0dd\u00bb global_colors_info=\u00bb{}\u00bb open=\u00bboff\u00bb]<\/p>\n<p>Debe completar el siguiente formulario para poder iniciar el tr\u00e1mite correspondiente a la solicitud de jubilaci\u00f3n:<\/p>\n<ul>\n<li><strong>Solicitud de Jubilaci\u00f3n<\/strong><strong><\/strong><strong><\/strong><\/li>\n<\/ul>\n<h4><strong><a href=\"https:\/\/puceeduec.sharepoint.com\/:f:\/s\/DGAd\/FIDEICOMISO\/Ehj7lniVfmxBrRil32R_SCcBDtjbsaAcT9hrz6CRa9OeTw?e=xBLflL\" target=\"_blank\" rel=\"noopener\">Descargar Formularios \u00bb<\/a><\/strong><\/h4>\n<p>[\/et_pb_accordion_item][et_pb_accordion_item title=\u00bbTR\u00c1MITE BENEFICIO POR MUERTE\u00bb _builder_version=\u00bb4.17.4&#8243; _module_preset=\u00bbdefault\u00bb body_link_text_color=\u00bb#00a0dd\u00bb global_colors_info=\u00bb{}\u00bb open=\u00bboff\u00bb]<\/p>\n<p>Debe completar el siguiente formulario para poder iniciar el tr\u00e1mite correspondiente:<\/p>\n<ul>\n<li><strong>Formulario Beneficio por Muerte<\/strong><strong><\/strong><strong><\/strong><\/li>\n<\/ul>\n<h4><strong><a href=\"https:\/\/puceeduec.sharepoint.com\/:f:\/s\/DGAd\/FIDEICOMISO\/El2urbYbPnJEtfs9Xe9yhGcBpIq8qniCySqnagY9QGT1AA?e=d4Pl9D\" target=\"_blank\" rel=\"noopener\">Descargar Formularios \u00bb<\/a><\/strong><\/h4>\n<p>[\/et_pb_accordion_item][et_pb_accordion_item title=\u00bbDEVOLUCI\u00d3N DE APORTES\u00bb _builder_version=\u00bb4.17.4&#8243; _module_preset=\u00bbdefault\u00bb body_link_text_color=\u00bb#00a0dd\u00bb global_colors_info=\u00bb{}\u00bb open=\u00bboff\u00bb]<\/p>\n<p>Debe completar el siguiente formulario para poder iniciar el tr\u00e1mite correspondiente a la devoluci\u00f3n de sus aportes personales:<\/p>\n<ul>\n<li><strong>Formulario Devoluci\u00f3n de Aportes<\/strong><strong><\/strong><strong><\/strong><\/li>\n<\/ul>\n<h4><strong><a href=\"https:\/\/puceeduec.sharepoint.com\/:f:\/s\/DGAd\/FIDEICOMISO\/EsxTAixnMclBs92wOirPn6wB6W8fPXorRgJ88KwUORdb6A?e=4sVlbQ\" target=\"_blank\" rel=\"noopener\">Descargar Formularios \u00bb<\/a><\/strong><\/h4>\n<p>[\/et_pb_accordion_item][\/et_pb_accordion][\/et_pb_column][\/et_pb_row][\/et_pb_section][et_pb_section fb_built=\u00bb1&#8243; disabled_on=\u00bboff|off|off\u00bb _builder_version=\u00bb4.16&#8243; custom_padding=\u00bb0|0px|0|0px|false|false\u00bb da_disable_devices=\u00bboff|off|off\u00bb global_colors_info=\u00bb{}\u00bb da_is_popup=\u00bboff\u00bb da_exit_intent=\u00bboff\u00bb da_has_close=\u00bbon\u00bb da_alt_close=\u00bboff\u00bb da_dark_close=\u00bboff\u00bb da_not_modal=\u00bbon\u00bb da_is_singular=\u00bboff\u00bb da_with_loader=\u00bboff\u00bb da_has_shadow=\u00bbon\u00bb][et_pb_row disabled_on=\u00bbon|on|on\u00bb admin_label=\u00bbResources\u00bb _builder_version=\u00bb4.17.4&#8243; background_color=\u00bb#ffffff\u00bb custom_padding=\u00bb40px|60px|40px|60px|false|true\u00bb animation_style=\u00bbfold\u00bb animation_direction=\u00bbtop\u00bb disabled=\u00bbon\u00bb locked=\u00bboff\u00bb collapsed=\u00bboff\u00bb global_colors_info=\u00bb{}\u00bb parallax_1__hover=\u00bboff\u00bb parallax_1__hover_enabled=\u00bboff\u00bb parallax_2__hover=\u00bboff\u00bb parallax_2__hover_enabled=\u00bboff\u00bb parallax_3__hover=\u00bboff\u00bb parallax_3__hover_enabled=\u00bboff\u00bb parallax_4__hover=\u00bboff\u00bb parallax_4__hover_enabled=\u00bboff\u00bb parallax_method_1__hover=\u00bbon\u00bb parallax_method_1__hover_enabled=\u00bbon\u00bb parallax_method_2__hover=\u00bbon\u00bb parallax_method_2__hover_enabled=\u00bbon\u00bb parallax_method_3__hover=\u00bbon\u00bb parallax_method_3__hover_enabled=\u00bbon\u00bb parallax_method_4__hover=\u00bbon\u00bb parallax_method_4__hover_enabled=\u00bbon\u00bb use_background_color_gradient__hover=\u00bboff\u00bb use_background_color_gradient__hover_enabled=\u00bboff\u00bb background_color_gradient_start__hover=\u00bb#2b87da\u00bb background_color_gradient_start__hover_enabled=\u00bb#2b87da\u00bb background_color_gradient_end__hover=\u00bb#29c4a9&#8243; background_color_gradient_end__hover_enabled=\u00bb#29c4a9&#8243; background_color_gradient_type__hover=\u00bblinear\u00bb background_color_gradient_type__hover_enabled=\u00bblinear\u00bb background_color_gradient_direction__hover=\u00bb180deg\u00bb background_color_gradient_direction__hover_enabled=\u00bb180deg\u00bb background_color_gradient_direction_radial__hover=\u00bbcenter\u00bb background_color_gradient_direction_radial__hover_enabled=\u00bbcenter\u00bb background_color_gradient_start_position__hover=\u00bb0%\u00bb background_color_gradient_start_position__hover_enabled=\u00bb0%\u00bb background_color_gradient_end_position__hover=\u00bb100%\u00bb background_color_gradient_end_position__hover_enabled=\u00bb100%\u00bb background_color_gradient_overlays_image__hover=\u00bboff\u00bb background_color_gradient_overlays_image__hover_enabled=\u00bboff\u00bb parallax__hover=\u00bboff\u00bb parallax__hover_enabled=\u00bboff\u00bb parallax_method__hover=\u00bbon\u00bb parallax_method__hover_enabled=\u00bbon\u00bb background_size__hover=\u00bbcover\u00bb background_size__hover_enabled=\u00bbcover\u00bb background_position__hover=\u00bbcenter\u00bb background_position__hover_enabled=\u00bbcenter\u00bb background_repeat__hover=\u00bbno-repeat\u00bb background_repeat__hover_enabled=\u00bbno-repeat\u00bb background_blend__hover=\u00bbnormal\u00bb background_blend__hover_enabled=\u00bbnormal\u00bb allow_player_pause__hover=\u00bboff\u00bb allow_player_pause__hover_enabled=\u00bboff\u00bb background_video_pause_outside_viewport__hover=\u00bbon\u00bb background_video_pause_outside_viewport__hover_enabled=\u00bbon\u00bb background_color_gradient_stops__hover=\u00bb#2b87da 0%|#29c4a9 100%\u00bb][et_pb_column type=\u00bb4_4&#8243; _builder_version=\u00bb4.16&#8243; custom_padding=\u00bb|||\u00bb global_colors_info=\u00bb{}\u00bb custom_padding__hover=\u00bb|||\u00bb][et_pb_text _builder_version=\u00bb4.16&#8243; text_font=\u00bb||||||||\u00bb text_font_size=\u00bb15px\u00bb text_line_height=\u00bb2em\u00bb header_font=\u00bb||||||||\u00bb header_3_font=\u00bbGlegoo||||||||\u00bb header_3_font_size=\u00bb30px\u00bb header_3_line_height=\u00bb1.4em\u00bb header_4_font=\u00bb|700||on|||||\u00bb header_4_text_color=\u00bb#1d48c0&#8243; header_4_font_size=\u00bb22px\u00bb header_4_letter_spacing=\u00bb2px\u00bb header_4_line_height=\u00bb1.6em\u00bb background_layout=\u00bbdark\u00bb header_3_font_size_tablet=\u00bb30px\u00bb header_3_font_size_phone=\u00bb22px\u00bb header_3_font_size_last_edited=\u00bbon|phone\u00bb header_4_font_size_tablet=\u00bb\u00bb header_4_font_size_phone=\u00bb16px\u00bb header_4_font_size_last_edited=\u00bbon|tablet\u00bb locked=\u00bboff\u00bb global_colors_info=\u00bb{}\u00bb header_2_font_size__hover=\u00bb26px\u00bb header_2_font_size__hover_enabled=\u00bb26px\u00bb header_2_letter_spacing__hover=\u00bb0px\u00bb header_2_letter_spacing__hover_enabled=\u00bb0px\u00bb header_2_line_height__hover=\u00bb1em\u00bb header_2_line_height__hover_enabled=\u00bb1em\u00bb header_2_text_shadow_style__hover=\u00bbnone\u00bb header_2_text_shadow_style__hover_enabled=\u00bbnone\u00bb header_2_text_shadow_color__hover=\u00bbrgba(0,0,0,0.4)\u00bb header_2_text_shadow_color__hover_enabled=\u00bbrgba(0,0,0,0.4)\u00bb]<iframe loading=\"lazy\" src=\"https:\/\/www.cognitoforms.com\/f\/ORV8hwL0ek-uWVokH_QmNA?id=53\" style=\"position:relative;width:1px;min-width:100%;*width:100%;\" frameborder=\"0\" scrolling=\"yes\" seamless=\"seamless\" height=\"1129\" width=\"100%\"><\/iframe><script src=\"https:\/\/www.cognitoforms.com\/scripts\/embed.js\"><\/script>[\/et_pb_text][\/et_pb_column][\/et_pb_row][\/et_pb_section]<\/p>\n","protected":false},"excerpt":{"rendered":"<p>FormulariosLa documentaci\u00f3n se recibe firmada y completa de manera presencial en nuestra oficina, ubicada el el Edificio Administrativo, Piso 3, Oficina 319 de Lunes a Viernes, de 08H00 a 16H00. Para la Solicitud del Cr\u00e9dito Quirografario, se recibe solo dentro de los primeros 15 d\u00edas de cada mes.Debe completar todos los siguientes formularios para poder [&hellip;]<\/p>\n","protected":false},"author":7,"featured_media":0,"parent":0,"menu_order":0,"comment_status":"closed","ping_status":"closed","template":"","meta":{"_et_pb_use_builder":"on","_et_pb_old_content":"","_et_gb_content_width":"","inline_featured_image":false,"footnotes":""},"_links":{"self":[{"href":"https:\/\/puceapex.puce.edu.ec\/web\/fideicomiso\/wp-json\/wp\/v2\/pages\/209"}],"collection":[{"href":"https:\/\/puceapex.puce.edu.ec\/web\/fideicomiso\/wp-json\/wp\/v2\/pages"}],"about":[{"href":"https:\/\/puceapex.puce.edu.ec\/web\/fideicomiso\/wp-json\/wp\/v2\/types\/page"}],"author":[{"embeddable":true,"href":"https:\/\/puceapex.puce.edu.ec\/web\/fideicomiso\/wp-json\/wp\/v2\/users\/7"}],"replies":[{"embeddable":true,"href":"https:\/\/puceapex.puce.edu.ec\/web\/fideicomiso\/wp-json\/wp\/v2\/comments?post=209"}],"version-history":[{"count":27,"href":"https:\/\/puceapex.puce.edu.ec\/web\/fideicomiso\/wp-json\/wp\/v2\/pages\/209\/revisions"}],"predecessor-version":[{"id":755,"href":"https:\/\/puceapex.puce.edu.ec\/web\/fideicomiso\/wp-json\/wp\/v2\/pages\/209\/revisions\/755"}],"wp:attachment":[{"href":"https:\/\/puceapex.puce.edu.ec\/web\/fideicomiso\/wp-json\/wp\/v2\/media?parent=209"}],"curies":[{"name":"wp","href":"https:\/\/api.w.org\/{rel}","templated":true}]}}