{"id":1175,"date":"2025-06-11T22:20:08","date_gmt":"2025-06-11T22:20:08","guid":{"rendered":"https:\/\/puceapex.puce.edu.ec\/web\/fideicomiso\/?page_id=1175"},"modified":"2025-06-16T17:23:47","modified_gmt":"2025-06-16T17:23:47","slug":"aportes-extraordinarios","status":"publish","type":"page","link":"https:\/\/puceapex.puce.edu.ec\/web\/fideicomiso\/aportes-extraordinarios\/","title":{"rendered":"Aportes extraordinarios"},"content":{"rendered":"<p>[et_pb_section fb_built=\u00bb1&#8243; admin_label=\u00bbHero\u00bb _builder_version=\u00bb4.25.0&#8243; background_color=\u00bbrgba(22,66,132,0.6)\u00bb background_image=\u00bbhttps:\/\/puceapex.puce.edu.ec\/web\/fideicomiso\/wp-content\/uploads\/sites\/14\/2025\/06\/piggy-banks-with-coins-scaled.jpg\u00bb background_blend=\u00bboverlay\u00bb custom_padding=\u00bb5vw||||false|false\u00bb background_last_edited=\u00bboff|desktop\u00bb da_disable_devices=\u00bboff|off|off\u00bb locked=\u00bboff\u00bb global_colors_info=\u00bb{}\u00bb da_is_popup=\u00bboff\u00bb da_exit_intent=\u00bboff\u00bb da_has_close=\u00bbon\u00bb da_alt_close=\u00bboff\u00bb da_dark_close=\u00bboff\u00bb da_not_modal=\u00bbon\u00bb da_is_singular=\u00bboff\u00bb da_with_loader=\u00bboff\u00bb da_has_shadow=\u00bbon\u00bb][et_pb_row _builder_version=\u00bb4.16&#8243; global_colors_info=\u00bb{}\u00bb][et_pb_column type=\u00bb4_4&#8243; _builder_version=\u00bb4.16&#8243; custom_padding=\u00bb|||\u00bb global_colors_info=\u00bb{}\u00bb custom_padding__hover=\u00bb|||\u00bb][et_pb_text _builder_version=\u00bb4.25.0&#8243; text_font=\u00bb||||||||\u00bb header_font=\u00bbGlegoo|700|||||||\u00bb header_font_size=\u00bb60px\u00bb header_line_height=\u00bb1.3em\u00bb use_background_color_gradient=\u00bbon\u00bb background_color_gradient_direction=\u00bb150deg\u00bb background_color_gradient_stops=\u00bbrgba(0,174,255,0.16) 0%|rgba(29,72,192,0) 100%\u00bb background_color_gradient_start=\u00bbrgba(0,174,255,0.16)\u00bb background_color_gradient_end=\u00bbrgba(29,72,192,0)\u00bb text_orientation=\u00bbright\u00bb background_layout=\u00bbdark\u00bb custom_padding=\u00bb70px|70px|70px|70px|true|true\u00bb custom_padding_tablet=\u00bb40px|40px|40px|40px|true|true\u00bb custom_padding_phone=\u00bb20px|20px|20px|20px|true|true\u00bb custom_padding_last_edited=\u00bbon|phone\u00bb animation_style=\u00bbflip\u00bb header_font_size_tablet=\u00bb50px\u00bb header_font_size_phone=\u00bb30px\u00bb header_font_size_last_edited=\u00bbon|phone\u00bb box_shadow_style=\u00bbpreset1&#8243; box_shadow_vertical=\u00bb40px\u00bb box_shadow_blur=\u00bb200px\u00bb box_shadow_spread=\u00bb-10px\u00bb global_colors_info=\u00bb{}\u00bb]<\/p>\n<h1>Aportes Extraordinarios<\/h1>\n<p><!--\n\n\n<h3>Incrementa tu patrimonio con aportes extraordinarios a partir de USD 500,00<\/h3>\n\n-->[\/et_pb_text][\/et_pb_column][\/et_pb_row][\/et_pb_section][et_pb_section fb_built=\u00bb1&#8243; admin_label=\u00bbFeatures\u00bb module_id=\u00bbquienes-somos\u00bb _builder_version=\u00bb4.16&#8243; da_popup_slug=\u00bbquienes-somos\u00bb da_disable_devices=\u00bboff|off|off\u00bb locked=\u00bboff\u00bb collapsed=\u00bbon\u00bb global_colors_info=\u00bb{}\u00bb da_is_popup=\u00bboff\u00bb da_exit_intent=\u00bboff\u00bb da_has_close=\u00bbon\u00bb da_alt_close=\u00bboff\u00bb da_dark_close=\u00bboff\u00bb da_not_modal=\u00bbon\u00bb da_is_singular=\u00bboff\u00bb da_with_loader=\u00bboff\u00bb da_has_shadow=\u00bbon\u00bb][et_pb_row admin_label=\u00bbTitulo 1&#8243; _builder_version=\u00bb4.25.0&#8243; custom_padding=\u00bb||\u00bb locked=\u00bboff\u00bb global_colors_info=\u00bb{}\u00bb][et_pb_column type=\u00bb4_4&#8243; _builder_version=\u00bb4.16&#8243; custom_padding=\u00bb|||\u00bb global_colors_info=\u00bb{}\u00bb custom_padding__hover=\u00bb|||\u00bb][et_pb_text disabled_on=\u00bboff|off|off\u00bb _builder_version=\u00bb4.25.0&#8243; text_font=\u00bb||||||||\u00bb text_font_size=\u00bb15px\u00bb text_line_height=\u00bb2em\u00bb header_2_font=\u00bbGlegoo||||||||\u00bb header_2_font_size=\u00bb40px\u00bb header_2_line_height=\u00bb1.4em\u00bb header_4_font=\u00bb|700||on|||||\u00bb header_4_text_color=\u00bb#1d48c0&#8243; header_4_font_size=\u00bb16px\u00bb header_4_letter_spacing=\u00bb2px\u00bb header_4_line_height=\u00bb1.6em\u00bb text_orientation=\u00bbcenter\u00bb module_alignment=\u00bbcenter\u00bb header_2_font_size_tablet=\u00bb30px\u00bb header_2_font_size_phone=\u00bb22px\u00bb header_2_font_size_last_edited=\u00bbon|phone\u00bb header_4_font_size_tablet=\u00bb\u00bb header_4_font_size_phone=\u00bb14px\u00bb header_4_font_size_last_edited=\u00bbon|phone\u00bb locked=\u00bboff\u00bb global_colors_info=\u00bb{}\u00bb]<\/p>\n<h2><strong>Potencia tu Inversi\u00f3n con Aportes Extraordinarios<\/strong><\/h2>\n<p>[\/et_pb_text][\/et_pb_column][\/et_pb_row][et_pb_row column_structure=\u00bb1_4,3_4&#8243; admin_label=\u00bbTitulo 1&#8243; _builder_version=\u00bb4.25.0&#8243; custom_padding=\u00bb||\u00bb locked=\u00bboff\u00bb global_colors_info=\u00bb{}\u00bb][et_pb_column type=\u00bb1_4&#8243; _builder_version=\u00bb4.16&#8243; custom_padding=\u00bb|||\u00bb global_colors_info=\u00bb{}\u00bb custom_padding__hover=\u00bb|||\u00bb][et_pb_blurb use_icon=\u00bbon\u00bb font_icon=\u00bb&#xe0f3;||divi||400&#8243; icon_color=\u00bb#0c71c3&#8243; _builder_version=\u00bb4.25.0&#8243; _module_preset=\u00bbdefault\u00bb global_colors_info=\u00bb{}\u00bb][\/et_pb_blurb][\/et_pb_column][et_pb_column type=\u00bb3_4&#8243; _builder_version=\u00bb4.16&#8243; custom_padding=\u00bb|||\u00bb global_colors_info=\u00bb{}\u00bb custom_padding__hover=\u00bb|||\u00bb][et_pb_text _builder_version=\u00bb4.25.0&#8243; text_font=\u00bb||||||||\u00bb text_font_size=\u00bb15px\u00bb text_line_height=\u00bb2em\u00bb header_2_font=\u00bbGlegoo||||||||\u00bb header_2_font_size=\u00bb32px\u00bb header_2_line_height=\u00bb1.4em\u00bb header_4_font=\u00bb|700||on|||||\u00bb header_4_text_color=\u00bb#1d48c0&#8243; header_4_font_size=\u00bb16px\u00bb header_4_letter_spacing=\u00bb2px\u00bb header_4_line_height=\u00bb1.6em\u00bb text_orientation=\u00bbjustified\u00bb header_2_font_size_tablet=\u00bb30px\u00bb header_2_font_size_phone=\u00bb22px\u00bb header_2_font_size_last_edited=\u00bbon|phone\u00bb header_4_font_size_tablet=\u00bb\u00bb header_4_font_size_phone=\u00bb14px\u00bb header_4_font_size_last_edited=\u00bbon|phone\u00bb global_colors_info=\u00bb{}\u00bb]<\/p>\n<h2 style=\"text-align: left;\">Aprovecha la oportunidad de incrementar tu patrimonio con aportes extraordinarios a partir de USD 500, generando un rendimiento mensual similar al que obtiene el aporte personal gestionado por el Fideicomiso PUCE.<\/h2>\n<p>[\/et_pb_text][\/et_pb_column][\/et_pb_row][et_pb_row column_structure=\u00bb1_4,3_4&#8243; admin_label=\u00bbTitulo 1&#8243; _builder_version=\u00bb4.25.0&#8243; custom_padding=\u00bb||\u00bb locked=\u00bboff\u00bb global_colors_info=\u00bb{}\u00bb][et_pb_column type=\u00bb1_4&#8243; _builder_version=\u00bb4.16&#8243; custom_padding=\u00bb|||\u00bb global_colors_info=\u00bb{}\u00bb custom_padding__hover=\u00bb|||\u00bb][et_pb_blurb use_icon=\u00bbon\u00bb font_icon=\u00bb&#xe06b;||divi||400&#8243; icon_color=\u00bb#0c71c3&#8243; _builder_version=\u00bb4.25.0&#8243; _module_preset=\u00bbdefault\u00bb global_colors_info=\u00bb{}\u00bb][\/et_pb_blurb][\/et_pb_column][et_pb_column type=\u00bb3_4&#8243; _builder_version=\u00bb4.16&#8243; custom_padding=\u00bb|||\u00bb global_colors_info=\u00bb{}\u00bb custom_padding__hover=\u00bb|||\u00bb][et_pb_text _builder_version=\u00bb4.25.0&#8243; text_font=\u00bb||||||||\u00bb text_font_size=\u00bb15px\u00bb text_line_height=\u00bb2em\u00bb header_2_font=\u00bbGlegoo||||||||\u00bb header_2_font_size=\u00bb32px\u00bb header_2_line_height=\u00bb1.4em\u00bb header_4_font=\u00bb|700||on|||||\u00bb header_4_text_color=\u00bb#1d48c0&#8243; header_4_font_size=\u00bb16px\u00bb header_4_letter_spacing=\u00bb2px\u00bb header_4_line_height=\u00bb1.6em\u00bb text_orientation=\u00bbjustified\u00bb header_2_font_size_tablet=\u00bb30px\u00bb header_2_font_size_phone=\u00bb22px\u00bb header_2_font_size_last_edited=\u00bbon|phone\u00bb header_4_font_size_tablet=\u00bb\u00bb header_4_font_size_phone=\u00bb14px\u00bb header_4_font_size_last_edited=\u00bbon|phone\u00bb global_colors_info=\u00bb{}\u00bb]<\/p>\n<h2 style=\"text-align: left;\">Disfruta de la flexibilidad de acceder a tus fondos cada 90 d\u00edas despu\u00e9s de un per\u00edodo inicial de permanencia de 180 d\u00edas.<\/h2>\n<p>[\/et_pb_text][\/et_pb_column][\/et_pb_row][\/et_pb_section][et_pb_section fb_built=\u00bb1&#8243; disabled_on=\u00bboff|off|off\u00bb admin_label=\u00bbFeatures\u00bb _builder_version=\u00bb4.25.0&#8243; background_color=\u00bb#143180&#8243; custom_margin=\u00bb||||false|false\u00bb custom_padding=\u00bb2vh||1vh||false|false\u00bb da_disable_devices=\u00bboff|off|off\u00bb locked=\u00bboff\u00bb global_colors_info=\u00bb{}\u00bb da_is_popup=\u00bboff\u00bb da_exit_intent=\u00bboff\u00bb da_has_close=\u00bbon\u00bb da_alt_close=\u00bboff\u00bb da_dark_close=\u00bboff\u00bb da_not_modal=\u00bbon\u00bb da_is_singular=\u00bboff\u00bb da_with_loader=\u00bboff\u00bb da_has_shadow=\u00bbon\u00bb][et_pb_row column_structure=\u00bb1_3,2_3&#8243; _builder_version=\u00bb4.16&#8243; custom_padding=\u00bb||\u00bb locked=\u00bboff\u00bb global_colors_info=\u00bb{}\u00bb][et_pb_column type=\u00bb1_3&#8243; _builder_version=\u00bb4.16&#8243; custom_padding=\u00bb|||\u00bb global_colors_info=\u00bb{}\u00bb custom_padding__hover=\u00bb|||\u00bb][et_pb_text disabled_on=\u00bboff|off|off\u00bb _builder_version=\u00bb4.25.0&#8243; text_font=\u00bb||||||||\u00bb text_font_size=\u00bb15px\u00bb text_line_height=\u00bb2em\u00bb header_2_font=\u00bbGlegoo||||||||\u00bb header_2_text_color=\u00bb#FFFFFF\u00bb header_2_font_size=\u00bb40px\u00bb header_2_line_height=\u00bb1.4em\u00bb header_4_font=\u00bb|700||on|||||\u00bb header_4_text_color=\u00bb#1d48c0&#8243; header_4_font_size=\u00bb16px\u00bb header_4_letter_spacing=\u00bb2px\u00bb header_4_line_height=\u00bb1.6em\u00bb text_orientation=\u00bbcenter\u00bb module_alignment=\u00bbcenter\u00bb header_2_font_size_tablet=\u00bb30px\u00bb header_2_font_size_phone=\u00bb22px\u00bb header_2_font_size_last_edited=\u00bbon|phone\u00bb header_4_font_size_tablet=\u00bb\u00bb header_4_font_size_phone=\u00bb14px\u00bb header_4_font_size_last_edited=\u00bbon|phone\u00bb locked=\u00bboff\u00bb global_colors_info=\u00bb{}\u00bb]<\/p>\n<h2><strong>Hist\u00f3rico Rendimiento 2025<\/strong><\/h2>\n<p>[\/et_pb_text][\/et_pb_column][et_pb_column type=\u00bb2_3&#8243; _builder_version=\u00bb4.16&#8243; custom_padding=\u00bb|||\u00bb global_colors_info=\u00bb{}\u00bb custom_padding__hover=\u00bb|||\u00bb][et_pb_code _builder_version=\u00bb4.25.0&#8243; _module_preset=\u00bbdefault\u00bb global_colors_info=\u00bb{}\u00bb]<\/p>\n<table style=\"background:white;\"><!-- [et_pb_line_break_holder] -->    <\/p>\n<thead><!-- [et_pb_line_break_holder] -->        <\/p>\n<tr><!-- [et_pb_line_break_holder] -->          <\/p>\n<th>Mes<\/th>\n<p><!-- [et_pb_line_break_holder] -->            <\/p>\n<th>Rendimiento operativo anual <\/th>\n<p><!-- [et_pb_line_break_holder] -->            <\/p>\n<th>Rendimiento neto anual<\/th>\n<p><!-- [et_pb_line_break_holder] -->        <\/tr>\n<p><!-- [et_pb_line_break_holder] -->    <\/thead>\n<p><!-- [et_pb_line_break_holder] -->    <\/p>\n<tbody><!-- [et_pb_line_break_holder] -->        <\/p>\n<tr><!-- [et_pb_line_break_holder] -->            <\/p>\n<td>ene-25<\/td>\n<p><!-- [et_pb_line_break_holder] -->            <\/p>\n<td>7,10%<\/td>\n<p><!-- [et_pb_line_break_holder] -->            <\/p>\n<td>6,10%<\/td>\n<p><!-- [et_pb_line_break_holder] -->        <\/tr>\n<p><!-- [et_pb_line_break_holder] -->        <\/p>\n<tr><!-- [et_pb_line_break_holder] -->            <\/p>\n<td>feb-25<\/td>\n<p><!-- [et_pb_line_break_holder] -->            <\/p>\n<td>6,70%<\/td>\n<p><!-- [et_pb_line_break_holder] -->            <\/p>\n<td>5,60%<\/td>\n<p><!-- [et_pb_line_break_holder] -->        <\/tr>\n<p><!-- [et_pb_line_break_holder] -->        <\/p>\n<tr><!-- [et_pb_line_break_holder] -->            <\/p>\n<td>mar-25<\/td>\n<p><!-- [et_pb_line_break_holder] -->            <\/p>\n<td>6,50%<\/td>\n<p><!-- [et_pb_line_break_holder] -->            <\/p>\n<td>5,50%<\/td>\n<p><!-- [et_pb_line_break_holder] -->        <\/tr>\n<p><!-- [et_pb_line_break_holder] -->        <\/p>\n<tr><!-- [et_pb_line_break_holder] -->            <\/p>\n<td>abr-25<\/td>\n<p><!-- [et_pb_line_break_holder] -->            <\/p>\n<td>7,00%<\/td>\n<p><!-- [et_pb_line_break_holder] -->            <\/p>\n<td>6,10%<\/td>\n<p><!-- [et_pb_line_break_holder] -->        <\/tr>\n<p><!-- [et_pb_line_break_holder] -->    <\/tbody>\n<p><!-- [et_pb_line_break_holder] --><\/table>\n<p>[\/et_pb_code][\/et_pb_column][\/et_pb_row][\/et_pb_section][et_pb_section fb_built=\u00bb1&#8243; _builder_version=\u00bb4.25.0&#8243; _module_preset=\u00bbdefault\u00bb da_disable_devices=\u00bboff|off|off\u00bb global_colors_info=\u00bb{}\u00bb da_is_popup=\u00bboff\u00bb da_exit_intent=\u00bboff\u00bb da_has_close=\u00bbon\u00bb da_alt_close=\u00bboff\u00bb da_dark_close=\u00bboff\u00bb da_not_modal=\u00bbon\u00bb da_is_singular=\u00bboff\u00bb da_with_loader=\u00bboff\u00bb da_has_shadow=\u00bbon\u00bb][et_pb_row _builder_version=\u00bb4.25.0&#8243; _module_preset=\u00bbdefault\u00bb global_colors_info=\u00bb{}\u00bb][et_pb_column type=\u00bb4_4&#8243; _builder_version=\u00bb4.25.0&#8243; _module_preset=\u00bbdefault\u00bb global_colors_info=\u00bb{}\u00bb][et_pb_text _builder_version=\u00bb4.25.0&#8243; _module_preset=\u00bbdefault\u00bb header_3_font=\u00bbGlegoo|700|||||||\u00bb header_3_text_align=\u00bbcenter\u00bb header_3_font_size=\u00bb32px\u00bb global_colors_info=\u00bb{}\u00bb]<\/p>\n<h3>M\u00e1s informaci\u00f3n en las oficinas de Jubilaci\u00f3n Patronal<\/h3>\n<p>[\/et_pb_text][\/et_pb_column][\/et_pb_row][\/et_pb_section]<\/p>\n","protected":false},"excerpt":{"rendered":"<p>Aportes ExtraordinariosPotencia tu Inversi\u00f3n con Aportes ExtraordinariosAprovecha la oportunidad de incrementar tu patrimonio con aportes extraordinarios a partir de USD 500, generando un rendimiento mensual similar al que obtiene el aporte personal gestionado por el Fideicomiso PUCE.Disfruta de la flexibilidad de acceder a tus fondos cada 90 d\u00edas despu\u00e9s de un per\u00edodo inicial de permanencia [&hellip;]<\/p>\n","protected":false},"author":8,"featured_media":0,"parent":0,"menu_order":0,"comment_status":"closed","ping_status":"closed","template":"","meta":{"_et_pb_use_builder":"on","_et_pb_old_content":"","_et_gb_content_width":"","inline_featured_image":false,"footnotes":""},"_links":{"self":[{"href":"https:\/\/puceapex.puce.edu.ec\/web\/fideicomiso\/wp-json\/wp\/v2\/pages\/1175"}],"collection":[{"href":"https:\/\/puceapex.puce.edu.ec\/web\/fideicomiso\/wp-json\/wp\/v2\/pages"}],"about":[{"href":"https:\/\/puceapex.puce.edu.ec\/web\/fideicomiso\/wp-json\/wp\/v2\/types\/page"}],"author":[{"embeddable":true,"href":"https:\/\/puceapex.puce.edu.ec\/web\/fideicomiso\/wp-json\/wp\/v2\/users\/8"}],"replies":[{"embeddable":true,"href":"https:\/\/puceapex.puce.edu.ec\/web\/fideicomiso\/wp-json\/wp\/v2\/comments?post=1175"}],"version-history":[{"count":7,"href":"https:\/\/puceapex.puce.edu.ec\/web\/fideicomiso\/wp-json\/wp\/v2\/pages\/1175\/revisions"}],"predecessor-version":[{"id":1193,"href":"https:\/\/puceapex.puce.edu.ec\/web\/fideicomiso\/wp-json\/wp\/v2\/pages\/1175\/revisions\/1193"}],"wp:attachment":[{"href":"https:\/\/puceapex.puce.edu.ec\/web\/fideicomiso\/wp-json\/wp\/v2\/media?parent=1175"}],"curies":[{"name":"wp","href":"https:\/\/api.w.org\/{rel}","templated":true}]}}