{"id":639,"date":"2020-06-18T17:44:56","date_gmt":"2020-06-18T17:44:56","guid":{"rendered":"https:\/\/puceapex.puce.edu.ec\/web\/cev\/?page_id=639"},"modified":"2020-07-14T23:06:36","modified_gmt":"2020-07-14T23:06:36","slug":"docentes-preguntas-frecuentes","status":"publish","type":"page","link":"https:\/\/puceapex.puce.edu.ec\/web\/cev\/docentes-preguntas-frecuentes\/","title":{"rendered":"Docentes &#8211; Preguntas frecuentes"},"content":{"rendered":"<p>[et_pb_section fb_built=\u00bb1&#8243; _builder_version=\u00bb4.4.8&#8243; custom_margin=\u00bb-2px|||||\u00bb custom_padding=\u00bb0px|||||\u00bb da_disable_devices=\u00bboff|off|off\u00bb da_is_popup=\u00bboff\u00bb da_exit_intent=\u00bboff\u00bb da_has_close=\u00bbon\u00bb da_alt_close=\u00bboff\u00bb da_dark_close=\u00bboff\u00bb da_not_modal=\u00bbon\u00bb da_is_singular=\u00bboff\u00bb da_with_loader=\u00bboff\u00bb da_has_shadow=\u00bbon\u00bb][et_pb_row _builder_version=\u00bb4.4.8&#8243; custom_padding=\u00bb4px|||||\u00bb][et_pb_column type=\u00bb4_4&#8243; _builder_version=\u00bb4.4.8&#8243;][et_pb_menu menu_id=\u00bb13&#8243; _builder_version=\u00bb4.4.8&#8243; hover_enabled=\u00bb0&#8243; custom_margin=\u00bb32px||||false|false\u00bb menu_style=\u00bbcentered\u00bb][\/et_pb_menu][et_pb_accordion _builder_version=\u00bb4.4.8&#8243; custom_margin=\u00bb1px|||||\u00bb hover_enabled=\u00bb0&#8243;][et_pb_accordion_item title=\u00bb\u00bfC\u00f3mo conseguir la clave de acceso al Campus Virtual?\u00bb open=\u00bbon\u00bb _builder_version=\u00bb4.4.8&#8243; hover_enabled=\u00bb0&#8243; closed_toggle_text_color=\u00bb#00c3db\u00bb closed_toggle_font=\u00bb|700|||||||\u00bb open_toggle_text_color=\u00bb#e8475c\u00bb toggle_font=\u00bb|700|||||||\u00bb border_radii=\u00bbon|10px|10px|10px|10px\u00bb icon_color=\u00bb#e8475c\u00bb]<\/p>\n<p><span>Si ingresa por primera vez, su nombre de usuario y contrase\u00f1a para acceder al Campus Virtual son los mismos del correo institucional de la Universidad. \u00c9stas son sus credenciales para acceder a otras aplicaciones, como al Banner, correo electr\u00f3nico, etc. si tienes dificultades de acceso puede usar la opci\u00f3n \u201cOlvid\u00f3 su contrase\u00f1a\u201d le llegar\u00e1 un correo electr\u00f3nico a la direcci\u00f3n institucional con una contrase\u00f1a temporal.<\/span><\/p>\n<p>[\/et_pb_accordion_item][et_pb_accordion_item title=\u00bb\u00bfC\u00f3mo compartir una videoconferencia grabada en su aula de Moodle?\u00bb _builder_version=\u00bb4.4.8&#8243; hover_enabled=\u00bb0&#8243; open=\u00bboff\u00bb closed_toggle_text_color=\u00bb#00c3db\u00bb closed_toggle_font=\u00bb|700|||||||\u00bb open_toggle_text_color=\u00bb#e8475c\u00bb toggle_font=\u00bb|700|||||||\u00bb border_radii=\u00bbon|10px|10px|10px|10px\u00bb icon_color=\u00bb#e8475c\u00bb]<\/p>\n<p><span>El espacio asignado por zoom en la nube es limitado, usted debe grabar en su computador y luego subirlo al onedrive para que comparta el link desde la plataforma EVA a los estudiantes, Revise el video tutorial de c\u00f3mo hacerlo, haga clic aqu\u00ed.<\/span><\/p>\n<p>[\/et_pb_accordion_item][et_pb_accordion_item title=\u00bb\u00bfPuedo guardar el material de una asignatura que este a\u00f1o no voy a impartir? va aqu\u00ed\u00bb _builder_version=\u00bb4.4.8&#8243; hover_enabled=\u00bb0&#8243; open=\u00bboff\u00bb closed_toggle_text_color=\u00bb#00c3db\u00bb closed_toggle_font=\u00bb|700|||||||\u00bb open_toggle_text_color=\u00bb#e8475c\u00bb toggle_font=\u00bb|700|||||||\u00bb border_radii=\u00bbon|10px|10px|10px|10px\u00bb icon_color=\u00bb#e8475c\u00bb]<\/p>\n<p><span>Puede realizar una copia de seguridad y guardarla en su ordenador por si la necesitara en otro momento. Para efectuar este proceso, siga las indicaciones contenidas en la gu\u00eda Copia de Seguridad y Restauraci\u00f3n de un aula virtual <\/span><\/p>\n<p>[\/et_pb_accordion_item][et_pb_accordion_item title=\u00bb\u00bfC\u00f3mo solicito la creaci\u00f3n de un Aula Virtual para el periodo acad\u00e9mico?\u00bb _builder_version=\u00bb4.4.8&#8243; hover_enabled=\u00bb0&#8243; open=\u00bboff\u00bb closed_toggle_text_color=\u00bb#00c3db\u00bb closed_toggle_font=\u00bb|700|||||||\u00bb open_toggle_text_color=\u00bb#e8475c\u00bb toggle_font=\u00bb|700|||||||\u00bb border_radii=\u00bbon|10px|10px|10px|10px\u00bb icon_color=\u00bb#e8475c\u00bb]<\/p>\n<p><span>Las aulas virtuales se generan autom\u00e1ticamente, producto del proceso de sincronizaci\u00f3n entre la programaci\u00f3n acad\u00e9mica y la plataforma virtual.<\/span><\/p>\n<p>[\/et_pb_accordion_item][et_pb_accordion_item title=\u00bbCuestionarios. \u00bfC\u00f3mo a\u00f1adir preguntas?\u00bb _builder_version=\u00bb4.4.8&#8243; link_option_url=\u00bbhttps:\/\/www.youtube.com\/watch?v=6hHoDtHMs3g\u00bb hover_enabled=\u00bb0&#8243; open=\u00bboff\u00bb closed_toggle_text_color=\u00bb#00c3db\u00bb closed_toggle_font=\u00bb|700|||||||\u00bb open_toggle_text_color=\u00bb#e8475c\u00bb toggle_font=\u00bb|700|||||||\u00bb border_radii=\u00bbon|10px|10px|10px|10px\u00bb icon_color=\u00bb#e8475c\u00bb][\/et_pb_accordion_item][et_pb_accordion_item title=\u00bbCuestionarios: Banco de Preguntas \u00bfC\u00f3mo crear categor\u00edas?\u00bb _builder_version=\u00bb4.4.8&#8243; hover_enabled=\u00bb0&#8243; open=\u00bboff\u00bb closed_toggle_text_color=\u00bb#00c3db\u00bb closed_toggle_font=\u00bb|700|||||||\u00bb open_toggle_text_color=\u00bb#e8475c\u00bb toggle_font=\u00bb|700|||||||\u00bb border_radii=\u00bbon|10px|10px|10px|10px\u00bb icon_color=\u00bb#e8475c\u00bb]<\/p>\n<p><span>A la hora de organizar las preguntas que va a utilizar en un cuestionario, es conveniente que est\u00e9n separadas en categor\u00edas, esto le ayudar\u00e1 a organizar su banco de preguntas categoriz\u00e1ndole bajo alg\u00fan criterio. <\/span><\/p>\n<p><span>Las distintas jerarqu\u00edas que puede definir le permite ordenar sus preguntas en categor\u00edas, subcategor\u00edas, etc. de forma ilimitada. Aparte de tener todas sus preguntas bien organizadas dentro de su asignatura, las categor\u00edas y sub categor\u00edas le pueden resultar efectivas cuando elabore cuestionarios con preguntas aleatorias, que podr\u00e1 seleccionar tanto de una categor\u00eda como de cualquiera de sus subcategor\u00edas.<\/span><\/p>\n<p>[\/et_pb_accordion_item][et_pb_accordion_item title=\u00bbC\u00f3mo crear y configurar cuestionarios\u00bb _builder_version=\u00bb4.4.8&#8243; hover_enabled=\u00bb0&#8243; open=\u00bboff\u00bb closed_toggle_text_color=\u00bb#00c3db\u00bb closed_toggle_font=\u00bb|700|||||||\u00bb open_toggle_text_color=\u00bb#e8475c\u00bb toggle_font=\u00bb|700|||||||\u00bb border_radii=\u00bbon|10px|10px|10px|10px\u00bb icon_color=\u00bb#e8475c\u00bb]<\/p>\n<p><iframe loading=\"lazy\" title=\"C\u00f3mo crear y configurar cuestionarios\" width=\"1080\" height=\"608\" src=\"https:\/\/www.youtube.com\/embed\/LQ_BCfh3D5E?feature=oembed\" frameborder=\"0\" allow=\"accelerometer; autoplay; encrypted-media; gyroscope; picture-in-picture\" allowfullscreen><\/iframe><\/p>\n<p>Your content goes here. Edit or remove this text inline or in the module Content settings. You can also style every aspect of this content in the module Design settings and even apply custom CSS to this text in the module Advanced settings.<\/p>\n<p>[\/et_pb_accordion_item][et_pb_accordion_item title=\u00bb\u00bfUn profesor puede dar de alta a alumno en su aula virtual?\u00bb _builder_version=\u00bb4.4.8&#8243; hover_enabled=\u00bb0&#8243; open=\u00bboff\u00bb closed_toggle_text_color=\u00bb#00c3db\u00bb closed_toggle_font=\u00bb|700|||||||\u00bb open_toggle_text_color=\u00bb#e8475c\u00bb toggle_font=\u00bb|700|||||||\u00bb border_radii=\u00bbon|10px|10px|10px|10px\u00bb icon_color=\u00bb#e8475c\u00bb]<\/p>\n<p><span>Los alumnos se dan de alta en las aulas virtuales con un proceso de sincronizaci\u00f3n entre el sistema acad\u00e9mico y el Entorno virtual de Aprendizaje.\u00a0 Si luego de un tiempo prudencial el estudiante que deber\u00eda estar en su aula no consta es necesario que informe a su Facultad para que revisen el estado de matr\u00edcula del estudiante y realice las gestiones necesarias para que se regularice el estado del estudiante.<\/span><\/p>\n<p>[\/et_pb_accordion_item][et_pb_accordion_item title=\u00bb\u00bfCu\u00e1ntas plataformas Moodle hay disponibles en la Universidad?\u00bb _builder_version=\u00bb4.4.8&#8243; hover_enabled=\u00bb0&#8243; open=\u00bboff\u00bb closed_toggle_text_color=\u00bb#00c3db\u00bb closed_toggle_font=\u00bb|700|||||||\u00bb border_radii=\u00bbon|10px|10px|10px|10px\u00bb open_toggle_text_color=\u00bb#e8475c\u00bb toggle_font=\u00bb|700|||||||\u00bb icon_color=\u00bb#e8475c\u00bb]<\/p>\n<p><span>Actualmente la Universidad dispone de tres plataformas:<\/span><\/p>\n<ul>\n<li><span> Aulas Virtuales per\u00edodo acad\u00e9mico: donde se encuentran todas las asignaturas de grados y postgrado impartidas en la Universidad <\/span><\/li>\n<\/ul>\n<p><span>\u00a0<\/span><\/p>\n<ul>\n<li><span> Aulas virtuales espec\u00edficas: destinados para evaluaciones de admisi\u00f3n, ex\u00e1menes complexivos, ex\u00e1menes integrales y espacio para cursos abiertos y de formaci\u00f3n continua. Para solicitar un aula de este tipo es necesario llenar el siguiente formulario, haga clic aqu\u00ed<\/span><\/li>\n<\/ul>\n<p><span>\u00a0<\/span><\/p>\n<ul>\n<li><span> Aulas virtuales de pr\u00e1ctica (Sandbox Puce) los docentes pueden tener un aula de pr\u00e1ctica, para solicitarla es necesario llenar el siguiente formulario, haga clic aqu\u00ed.<\/span><\/li>\n<\/ul>\n<p>[\/et_pb_accordion_item][et_pb_accordion_item title=\u00bb\u00bfD\u00f3nde puedo consultar mis dudas acerca de Moodle y la gesti\u00f3n de los recursos?\u00bb _builder_version=\u00bb4.4.8&#8243; hover_enabled=\u00bb0&#8243; open=\u00bboff\u00bb closed_toggle_text_color=\u00bb#00c3db\u00bb closed_toggle_font=\u00bb|700|||||||\u00bb open_toggle_text_color=\u00bb#e8475c\u00bb toggle_font=\u00bb|700|||||||\u00bb border_radii=\u00bbon|10px|10px|10px|10px\u00bb icon_color=\u00bb#e8475c\u00bb]<\/p>\n<p><span>Puede ponerse en contacto con soporte virtual a trav\u00e9s de:<\/span><\/p>\n<p><span>Correo electr\u00f3nico: soportevirtual@puce.edu.ec<\/span><\/p>\n<p><span>Tel\u00e9fono: 2991700 Ext. 1509, 1845<\/span><\/p>\n<p>[\/et_pb_accordion_item][et_pb_accordion_item title=\u00bb\u00bfPor qu\u00e9 en un tiempo inactivo dentro de la plataforma se corta la sesi\u00f3n?\u00bb _builder_version=\u00bb4.4.8&#8243; hover_enabled=\u00bb0&#8243; open=\u00bboff\u00bb closed_toggle_text_color=\u00bb#00c3db\u00bb closed_toggle_font=\u00bb|700|||||||\u00bb open_toggle_text_color=\u00bb#e8475c\u00bb toggle_font=\u00bb|700|||||||\u00bb border_radii=\u00bbon|10px|10px|10px|10px\u00bb icon_color=\u00bb#e8475c\u00bb]<\/p>\n<p><span>Todos los servicios web deben disponer de un contador de tiempo de inactividad para evitar que las sesiones inactivas perduren demasiado tiempo. Actualmente este l\u00edmite est\u00e1 establecido en 30 minutos.<\/span><\/p>\n<p>[\/et_pb_accordion_item][et_pb_accordion_item title=\u00bbEn el caso de encontrar una incidencia t\u00e9cnica, o comprobar un mal funcionamiento de la plataforma \u00bfA qui\u00e9n puedo dirigirme?\u00bb _builder_version=\u00bb4.4.8&#8243; hover_enabled=\u00bb0&#8243; open=\u00bboff\u00bb closed_toggle_text_color=\u00bb#00c3db\u00bb closed_toggle_font=\u00bb|700|||||||\u00bb icon_color=\u00bb#e8475c\u00bb open_toggle_text_color=\u00bb#e8475c\u00bb toggle_font=\u00bb|700|||||||\u00bb border_radii=\u00bbon|10px|10px|10px|10px\u00bb]<\/p>\n<p><span>Puede contactar directamente con las extensiones de servicio: 1509, 1845 o escribir a soportevirtual@puce.edu.ec\u00a0 <\/span><\/p>\n<p>[\/et_pb_accordion_item][et_pb_accordion_item title=\u00bb\u00bfQu\u00e9 navegador debo utilizar para trabajar con Moodle?\u00bb _builder_version=\u00bb4.4.8&#8243; hover_enabled=\u00bb0&#8243; open=\u00bboff\u00bb closed_toggle_text_color=\u00bb#00c3db\u00bb closed_toggle_font=\u00bb|700|||||||\u00bb icon_color=\u00bb#e8475c\u00bb open_toggle_text_color=\u00bb#e8475c\u00bb toggle_font=\u00bb|700|||||||\u00bb border_radii=\u00bbon|10px|10px|10px|10px\u00bb]<\/p>\n<p><span>Navegador\u00a0\u00a0\u00a0\u00a0\u00a0\u00a0\u00a0\u00a0\u00a0 Versi\u00f3n m\u00ednima Versi\u00f3n recomendada\u00a0\u00a0\u00a0\u00a0 Notas<\/span><\/p>\n<p><span>Google Chrome\u00a0\u00a0\u00a0\u00a0\u00a0\u00a0\u00a0\u00a0\u00a0\u00a0\u00a0\u00a0\u00a0\u00a0\u00a0 \u00daltima\u00a0\u00a0 versi\u00f3n\u00a0\u00a0\u00a0\u00a0\u00a0\u00a0\u00a0\u00a0\u00a0\u00a0\u00a0\u00a0\u00a0\u00a0\u00a0\u00a0 Navegador recomendado<\/span><\/p>\n<p><span>Mozilla Firefox\u00a0\u00a0\u00a0\u00a0\u00a0\u00a0\u00a0\u00a0\u00a0\u00a0\u00a0\u00a0\u00a0\u00a0\u00a0\u00a0\u00a0 \u00daltima\u00a0\u00a0 versi\u00f3n<\/span><\/p>\n<p><span>Apple Safari\u00a0\u00a0\u00a0\u00a0\u00a0\u00a0\u00a0\u00a0\u00a0\u00a0\u00a0\u00a0\u00a0\u00a0\u00a0\u00a0\u00a0\u00a0\u00a0\u00a0\u00a0\u00a0 \u00daltima\u00a0\u00a0 versi\u00f3n<\/span><\/p>\n<p><span>Edge\u00a0\u00a0\u00a0\u00a0\u00a0\u00a0\u00a0\u00a0\u00a0\u00a0\u00a0\u00a0\u00a0\u00a0\u00a0\u00a0\u00a0\u00a0\u00a0\u00a0\u00a0\u00a0\u00a0\u00a0\u00a0\u00a0\u00a0\u00a0\u00a0\u00a0\u00a0\u00a0\u00a0\u00a0\u00a0 \u00daltima versi\u00f3n<\/span><\/p>\n<p><span>Microsoft Internet Explorer\u00a0\u00a0\u00a0\u00a0\u00a0\u00a0\u00a0\u00a0 \u00faltima versi\u00f3n\u00a0\u00a0\u00a0 <\/span><\/p>\n<p>[\/et_pb_accordion_item][et_pb_accordion_item title=\u00bb\u00bfPor qu\u00e9 no me aparecen todas las asignaturas de las que soy profesor?\u00bb _builder_version=\u00bb4.4.8&#8243; hover_enabled=\u00bb0&#8243; open=\u00bboff\u00bb closed_toggle_text_color=\u00bb#00c3db\u00bb closed_toggle_font=\u00bb|700|||||||\u00bb icon_color=\u00bb#e8475c\u00bb open_toggle_text_color=\u00bb#e8475c\u00bb toggle_font=\u00bb|700|||||||\u00bb border_radii=\u00bbon|10px|10px|10px|10px\u00bb]<\/p>\n<p><span>Si no le aparece alguna asignatura de la que es docente, es posible que a\u00fan no tenga actualizado su programaci\u00f3n acad\u00e9mica en ese caso, debe ponerse en contacto con la secretar\u00eda de su Facultad. Una vez resuelto, debe esperar al menos 48 horas, entonces puede revisar la plataforma. Si no aparecen las aulas virtuales cont\u00e1ctese con\u00a0 <a href=\"mailto:soportevirtual@puce.edu.ec\">soportevirtual@puce.edu.ec<\/a> \u00a0indicando el nombre completo de la asignatura (incluya NRC y c\u00f3digo).<\/span><\/p>\n<p>[\/et_pb_accordion_item][et_pb_accordion_item title=\u00bb\u00bfC\u00f3mo incluyo a un profesor en mi aula virtual?\u00bb _builder_version=\u00bb4.4.8&#8243; hover_enabled=\u00bb0&#8243; open=\u00bboff\u00bb closed_toggle_text_color=\u00bb#00c3db\u00bb closed_toggle_font=\u00bb|700|||||||\u00bb icon_color=\u00bb#e8475c\u00bb open_toggle_text_color=\u00bb#e8475c\u00bb toggle_font=\u00bb|700|||||||\u00bb border_radii=\u00bbon|10px|10px|10px|10px\u00bb]<\/p>\n<p>La plataforma le permite matricular a un docente en su aula virtual con el rol de profesor sin permisos de edici\u00f3n.<\/p>\n<p>[\/et_pb_accordion_item][et_pb_accordion_item title=\u00bb\u00bfCu\u00e1l es el tama\u00f1o m\u00e1ximo permitido para los archivos subidos al Campus? \u00bfY si necesito subir alguno que excede?\u00bb _builder_version=\u00bb4.4.8&#8243; hover_enabled=\u00bb0&#8243; open=\u00bboff\u00bb closed_toggle_text_color=\u00bb#00c3db\u00bb closed_toggle_font=\u00bb|700|||||||\u00bb icon_color=\u00bb#e8475c\u00bb open_toggle_text_color=\u00bb#e8475c\u00bb toggle_font=\u00bb|700|||||||\u00bb border_radii=\u00bbon|10px|10px|10px|10px\u00bb]<\/p>\n<p><span>El tama\u00f1o m\u00e1ximo es de 50MB. Si necesita subir alg\u00fan archivo superior a este tama\u00f1o, puede ponerse en contacto <a href=\"mailto:soportevirtual@puce.edu.ec\">soportevirtual@puce.edu.ec<\/a> \u00a0\u00a0<\/span><\/p>\n<p><span>\u00a0<\/span><\/p>\n<p>[\/et_pb_accordion_item][et_pb_accordion_item title=\u00bb\u00bfC\u00f3mo visionar la calificaci\u00f3n oculta de un cuestionario en el Calificador?\u00bb _builder_version=\u00bb4.4.8&#8243; hover_enabled=\u00bb0&#8243; open=\u00bboff\u00bb closed_toggle_text_color=\u00bb#00c3db\u00bb closed_toggle_font=\u00bb|700|||||||\u00bb icon_color=\u00bb#e8475c\u00bb open_toggle_text_color=\u00bb#e8475c\u00bb border_radii=\u00bbon|10px|10px|10px|10px\u00bb]<\/p>\n<p><span>Para que la nota de un cuestionario sea visible en el calificador debe tener pulsado en el bloque Opciones de revisi\u00f3n (ubicado en los ajustes del cuestionario) que Despu\u00e9s de cerrar el cuestionario puedan verse los Puntos.<\/span><\/p>\n<p><span>\u00a0<\/span><\/p>\n<p><span>Tambi\u00e9n debe comprobar que, en el Calificador, la actividad tambi\u00e9n est\u00e9 visible. Eso lo puede confirmar activando la edici\u00f3n en Informe del Calificador y confirmar que todos los ojitos est\u00e1n abiertos.<\/span><\/p>\n<p>[\/et_pb_accordion_item][et_pb_accordion_item title=\u00bb\u00bfC\u00f3mo uso videoconferencia (ZOOM) desde una Aula Virtual?\u00bb _builder_version=\u00bb4.4.8&#8243; hover_enabled=\u00bb0&#8243; open=\u00bboff\u00bb closed_toggle_text_color=\u00bb#00c3db\u00bb closed_toggle_font=\u00bb|700|||||||\u00bb icon_color=\u00bb#e8475c\u00bb open_toggle_text_color=\u00bb#e8475c\u00bb toggle_font=\u00bb|700|||||||\u00bb border_radii=\u00bbon|10px|10px|10px|10px\u00bb]<\/p>\n<p><span>Ingresa a <a href=\"https:\/\/puce.zoom.us\">https:\/\/puce.zoom.us<\/a> usando las de acceso al correo electr\u00f3nico<\/span><\/p>\n<p><span>Descargue el cliente zoom Cloud meeting en todos los dispositivos que use, https:\/\/puce.zoom.us\/download , luego ingrese usando la opci\u00f3n \u201cIngresar con SSO\u201d, luego en dominio de la compa\u00f1\u00eda ingrese la palabra \u201cpuce\u201d, clic en continuar e ingrese las credenciales institucionales.<\/span><\/p>\n<p><span>Configura en el perfil la zona horaria y el idioma<\/span><\/p>\n<p><span>Para mayor informaci\u00f3n haz un clic AQU\u00cd<\/span><\/p>\n<p>[\/et_pb_accordion_item][et_pb_accordion_item title=\u00bb\u00bfQu\u00e9 instrucciones debo darles a mis estudiantes para participar en una sesi\u00f3n de videoconferencia (zoom)?\u00bb _builder_version=\u00bb4.4.8&#8243; hover_enabled=\u00bb0&#8243; open=\u00bboff\u00bb closed_toggle_text_color=\u00bb#00c3db\u00bb closed_toggle_font=\u00bb|700|||||||\u00bb open_toggle_text_color=\u00bb#e8475c\u00bb toggle_font=\u00bb|700|||||||\u00bb icon_color=\u00bb#e8475c\u00bb border_radii=\u00bbon|10px|10px|10px|10px\u00bb]<\/p>\n<p><span>Ingresa a <a href=\"https:\/\/puce.zoom.us\">https:\/\/puce.zoom.us<\/a> usando las de acceso al correo electr\u00f3nico<\/span><\/p>\n<p><span>Descargue el cliente zoom Cloud meeting en todos los dispositivos que use, https:\/\/puce.zoom.us\/download , luego ingrese usando la opci\u00f3n \u201cIngresar con SSO\u201d, luego en dominio de la compa\u00f1\u00eda ingrese la palabra \u201cpuce\u201d, clic en continuar e ingrese las credenciales institucionales.<\/span><\/p>\n<p><span>Configura en el perfil la zona horaria y el idioma<\/span><\/p>\n<p><span>Para mayor informaci\u00f3n haz un clic AQU\u00cd<\/span><\/p>\n<p>[\/et_pb_accordion_item][\/et_pb_accordion][\/et_pb_column][\/et_pb_row][\/et_pb_section]<\/p>\n","protected":false},"excerpt":{"rendered":"<p>Si ingresa por primera vez, su nombre de usuario y contrase\u00f1a para acceder al Campus Virtual son los mismos del correo institucional de la Universidad. \u00c9stas son sus credenciales para acceder a otras aplicaciones, como al Banner, correo electr\u00f3nico, etc. si tienes dificultades de acceso puede usar la opci\u00f3n \u201cOlvid\u00f3 su contrase\u00f1a\u201d le llegar\u00e1 un [&hellip;]<\/p>\n","protected":false},"author":13,"featured_media":0,"parent":0,"menu_order":0,"comment_status":"closed","ping_status":"closed","template":"","meta":{"_et_pb_use_builder":"on","_et_pb_old_content":"","_et_gb_content_width":"","inline_featured_image":false,"footnotes":""},"_links":{"self":[{"href":"https:\/\/puceapex.puce.edu.ec\/web\/cev\/wp-json\/wp\/v2\/pages\/639"}],"collection":[{"href":"https:\/\/puceapex.puce.edu.ec\/web\/cev\/wp-json\/wp\/v2\/pages"}],"about":[{"href":"https:\/\/puceapex.puce.edu.ec\/web\/cev\/wp-json\/wp\/v2\/types\/page"}],"author":[{"embeddable":true,"href":"https:\/\/puceapex.puce.edu.ec\/web\/cev\/wp-json\/wp\/v2\/users\/13"}],"replies":[{"embeddable":true,"href":"https:\/\/puceapex.puce.edu.ec\/web\/cev\/wp-json\/wp\/v2\/comments?post=639"}],"version-history":[{"count":12,"href":"https:\/\/puceapex.puce.edu.ec\/web\/cev\/wp-json\/wp\/v2\/pages\/639\/revisions"}],"predecessor-version":[{"id":2380,"href":"https:\/\/puceapex.puce.edu.ec\/web\/cev\/wp-json\/wp\/v2\/pages\/639\/revisions\/2380"}],"wp:attachment":[{"href":"https:\/\/puceapex.puce.edu.ec\/web\/cev\/wp-json\/wp\/v2\/media?parent=639"}],"curies":[{"name":"wp","href":"https:\/\/api.w.org\/{rel}","templated":true}]}}