{"id":582,"date":"2020-06-18T00:14:36","date_gmt":"2020-06-18T00:14:36","guid":{"rendered":"https:\/\/puceapex.puce.edu.ec\/web\/cev\/?page_id=582"},"modified":"2024-03-22T14:28:01","modified_gmt":"2024-03-22T14:28:01","slug":"docentes","status":"publish","type":"page","link":"https:\/\/puceapex.puce.edu.ec\/web\/cev\/docentes\/","title":{"rendered":"Docentes"},"content":{"rendered":"<p>[et_pb_section fb_built=\u00bb1&#8243; admin_label=\u00bbSection\u00bb _builder_version=\u00bb4.16&#8243; background_enable_color=\u00bboff\u00bb background_color_gradient_direction=\u00bb90deg\u00bb background_image=\u00bbhttps:\/\/puceapex.puce.edu.ec\/web\/cev\/wp-content\/uploads\/sites\/12\/2020\/06\/docentes-bg.jpg\u00bb parallax=\u00bbon\u00bb custom_margin=\u00bb2px||||false|false\u00bb custom_padding=\u00bb||2px|||\u00bb da_disable_devices=\u00bboff|off|off\u00bb global_colors_info=\u00bb{}\u00bb da_is_popup=\u00bboff\u00bb da_exit_intent=\u00bboff\u00bb da_has_close=\u00bbon\u00bb da_alt_close=\u00bboff\u00bb da_dark_close=\u00bboff\u00bb da_not_modal=\u00bbon\u00bb da_is_singular=\u00bboff\u00bb da_with_loader=\u00bboff\u00bb da_has_shadow=\u00bbon\u00bb][et_pb_row column_structure=\u00bb2_5,3_5&#8243; _builder_version=\u00bb4.16&#8243; custom_margin=\u00bb0px||0px||false|false\u00bb custom_padding=\u00bb0px||0px||false|false\u00bb global_colors_info=\u00bb{}\u00bb][et_pb_column type=\u00bb2_5&#8243; _builder_version=\u00bb4.16&#8243; global_colors_info=\u00bb{}\u00bb][et_pb_image src=\u00bbhttps:\/\/puceapex.puce.edu.ec\/web\/cev\/wp-content\/uploads\/sites\/12\/2020\/06\/logo-docentes.png\u00bb title_text=\u00bblogo-docentes\u00bb align=\u00bbcenter\u00bb _builder_version=\u00bb4.16&#8243; width=\u00bb120px\u00bb custom_margin=\u00bb29px||||false|false\u00bb global_colors_info=\u00bb{}\u00bb][\/et_pb_image][et_pb_text _builder_version=\u00bb4.16&#8243; text_font=\u00bb|800|||||||\u00bb text_text_color=\u00bb#ffffff\u00bb text_font_size=\u00bb32px\u00bb text_line_height=\u00bb32px\u00bb text_orientation=\u00bbright\u00bb text_orientation_tablet=\u00bbcenter\u00bb text_orientation_phone=\u00bbcenter\u00bb text_orientation_last_edited=\u00bbon|phone\u00bb text_text_shadow_style=\u00bbpreset3&#8243; global_colors_info=\u00bb{}\u00bb]<\/p>\n<p style=\"text-align: center;\">Docentes<\/p>\n<p>[\/et_pb_text][\/et_pb_column][et_pb_column type=\u00bb3_5&#8243; _builder_version=\u00bb4.16&#8243; global_colors_info=\u00bb{}\u00bb][et_pb_slider _builder_version=\u00bb4.16&#8243; _module_preset=\u00bbdefault\u00bb background_color=\u00bbrgba(0,0,0,0)\u00bb custom_margin=\u00bb||||false|false\u00bb custom_padding=\u00bb0px||||false|false\u00bb global_colors_info=\u00bb{}\u00bb][et_pb_slide url_new_window=\u00bbon\u00bb _builder_version=\u00bb4.16&#8243; _module_preset=\u00bbdefault\u00bb background_color=\u00bbrgba(0,0,0,0)\u00bb background_enable_color=\u00bbon\u00bb global_colors_info=\u00bb{}\u00bb sticky_transition=\u00bbon\u00bb]<\/p>\n<p style=\"text-align: justify; font-size:12px\" ><em>El curso de certificaci\u00f3n en ambientes virtuales fue una experiencia totalmente nueva, que me abri\u00f3 los ojos y la mente a un mundo que no lo hab\u00eda palpado directamente, pues al conocer una verdadera aula virtual, con su planificaci\u00f3n, sus recursos, sus actividades, sus tareas, sus cuestionarios, los cuales se hallan perfectamente organizados, observo que el aprendizaje se facilita much\u00edsimo, y el desarrollo de las habilidades necesarias para enfrentar el mundo y las relaciones sociales es una realidad. Felicito y agradezco al CEV por esta oportunidad y por la excelencia de los tutores, Nancy crespo, Francisco Pacheco, Cristhian Castillo, Alexander Urbina.<\/em><\/p>\n<p style=\"text-align: right;\">Vladimir Fernando Su\u00e1rez Andrade[\/et_pb_slide][et_pb_slide _builder_version=\u00bb4.16&#8243; _module_preset=\u00bbdefault\u00bb global_colors_info=\u00bb{}\u00bb sticky_transition=\u00bbon\u00bb]<\/p>\n<p style=\"text-align: justify; font-size:12px\" ><em>Muchas gracias por toda la ayuda y dedicaci\u00f3n mostrada durante el desarrollo del curso de certificaci\u00f3n, sin duda, un curso muy valioso que redundar\u00e1 en una mejor preparaci\u00f3n de nuestras clases virtuales y principalmente, en una mejor formaci\u00f3n acad\u00e9mica para nuestros estudiantes, nuestra raz\u00f3n para ser docentes.<br \/>\nUn fuerte abrazo.<\/em><\/p>\n<p style=\"text-align: right;\">Luis Gonz\u00e1lez<\/p>\n<p>[\/et_pb_slide][et_pb_slide _builder_version=\u00bb4.16&#8243; _module_preset=\u00bbdefault\u00bb global_colors_info=\u00bb{}\u00bb sticky_transition=\u00bbon\u00bb]<\/p>\n<p style=\"text-align: justify; font-size:12px\" ><em>Estimada Nancy, quiero expresar mi profundo agradecimiento a usted y todos quienes conforman su equipo. En el curso de certificaci\u00f3n he aprendido a utilizar nuevas herramientas virtuales, como el foro, cuestionario entre otras, subir archivos, videos e incrustarlos dentro de mi aula.<br \/>\nTodas las herramientas y actividades permitir\u00e1n la interacci\u00f3n con mis estudiantes mejorando el proceso de ense\u00f1anza-aprendizaje.<\/em><\/p>\n<p style=\"text-align: right;\">C\u00e9sar Michelena<\/p>\n<p>[\/et_pb_slide][et_pb_slide _builder_version=\u00bb4.16&#8243; _module_preset=\u00bbdefault\u00bb global_colors_info=\u00bb{}\u00bb sticky_transition=\u00bbon\u00bb]<\/p>\n<p style=\"text-align: justify; font-size:12px\" ><em>Quiero agradecer por la ense\u00f1anzas impartidas en el curso de certificaci\u00f3n en ambientes virtuales soy docente en la facultad de Medicina.<br \/>\nGracias por las ense\u00f1anzas impartidas<\/em><\/p>\n<p style=\"text-align: right;\">Vicente Mauricio Puente<\/p>\n<p>[\/et_pb_slide][et_pb_slide _builder_version=\u00bb4.16&#8243; _module_preset=\u00bbdefault\u00bb global_colors_info=\u00bb{}\u00bb sticky_transition=\u00bbon\u00bb]<\/p>\n<p style=\"text-align: justify; font-size:12px\" ><em>Quiero agradecer por ayudarnos a crecer profesionalmente a trav\u00e9s de capacitaciones y particularmente la certificaci\u00f3n en docencia virtual, me pareci\u00f3 muy adecuada dada la circunstancia mundial y como docente siempre vemos positivo todas las herramientas que nos puedan ayudar a mejorar nuestro sistema pedag\u00f3gico. <\/em><\/p>\n<p style=\"text-align: right;\">Rub\u00e9n Pozo <\/p>\n<p>[\/et_pb_slide][et_pb_slide _builder_version=\u00bb4.16&#8243; _module_preset=\u00bbdefault\u00bb global_colors_info=\u00bb{}\u00bb sticky_transition=\u00bbon\u00bb]<\/p>\n<p style=\"text-align: justify; font-size:12px\" ><em>Agradezco por  el curso realizado fue muy bueno y con los conocimientos adquiridos ha servido mucho para el desarrollo de las aulas virtuales en este momento son muy din\u00e1micas para docentes y estudiantes y se refleja en las actividades  que cada uno de los estudiantes presenta par su evaluaciones.<br \/>\nGracias por el conocimiento impartido. <\/em><\/p>\n<p style=\"text-align: right;\">Ximena Andino <\/p>\n<p>[\/et_pb_slide][et_pb_slide _builder_version=\u00bb4.16&#8243; _module_preset=\u00bbdefault\u00bb global_colors_info=\u00bb{}\u00bb sticky_transition=\u00bbon\u00bb]<\/p>\n<p style=\"text-align: justify; font-size:12px\" ><em>Quer\u00eda a trav\u00e9s del presente mensaje, agradecerles por todos los conocimientos y experiencias que nos transmitieron en el curso de Certificaci\u00f3n de Docencia en Ambientes Virtuales. Sin duda nos ha sido de mucha utilidad y nos dio herramientas para convertir a nuestra aula virtual en un espacio en el que nuestros estudiantes pueden sentirse parte activa del proceso de ense\u00f1anza aprendizaje que estamos empezando. Les cuento que en este momento empec\u00e9 a revisar la participaci\u00f3n de los estudiantes en un foro sobre la pertinencia o no del uso de alimentos transg\u00e9nicos y sinceramente, no me esper\u00e9 una respuesta tan positiva y enriquecedora como la que estoy obteniendo. Estoy feliz porque estoy constatando la potencialidad de esta herramienta, y la forma c\u00f3mo les ha motivado a interactuar. Se inici\u00f3 un debate sumamente interesante y los estudiantes han tenido que investigar intensamente sobre el tema, para poder as\u00ed defender su punto de vista, con argumentos cient\u00edficos. Seguir\u00e9 implementado todos los otros recursos a lo largo del curso, para lo cual estoy segura, tendr\u00e9 que acudir a ustedes en su ayuda (ji ji)<br \/>\nUn abrazo y nuevamente gracias<\/em><\/p>\n<p style=\"text-align: right;\">Miryan Rivera I. <\/p>\n<p>[\/et_pb_slide][et_pb_slide _builder_version=\u00bb4.16&#8243; _module_preset=\u00bbdefault\u00bb global_colors_info=\u00bb{}\u00bb sticky_transition=\u00bbon\u00bb]<\/p>\n<p style=\"text-align: justify; font-size:12px\" ><em>Reciba un saludo cordial, el agradecimiento por esta capacitaci\u00f3n de promover el aprendizaje on-line, nos ayuda a entender y utilizar todas las herramientas tecnol\u00f3gicas para nuestro proceso de ense\u00f1anza aprendizaje sea eficiente y eficaz.<br \/>\nHoy los docentes de este curso hemos planificado el aula virtual, indicamos los temas del silabus y aplicamos los recursos, las actividades y tareas que durante todo el semestre los vamos a aplicar. Estamos abiertos a los cambios que se dan en estos momentos y tenemos en la mira que somos facilitadores y gu\u00edas de nuestros estudiantes para quienes buscamos lograr los resultados positivos.<br \/>\nGracias a todos los tutores que hicieron posible nuestra capacitaci\u00f3n, estaremos atentos a un pr\u00f3ximo curso.<br \/>\nSaludos, se cuidan mucho y se portan bien.<\/em><\/p>\n<p style=\"text-align: right;\">Patricio Moncayo E. <\/p>\n<p>[\/et_pb_slide][\/et_pb_slider][\/et_pb_column][\/et_pb_row][\/et_pb_section][et_pb_section fb_built=\u00bb1&#8243; admin_label=\u00bbSection\u00bb _builder_version=\u00bb4.16&#8243; _module_preset=\u00bbdefault\u00bb background_color=\u00bb#623d72&#8243; custom_padding=\u00bb35px||35px|||\u00bb da_disable_devices=\u00bboff|off|off\u00bb global_colors_info=\u00bb{}\u00bb da_is_popup=\u00bboff\u00bb da_exit_intent=\u00bboff\u00bb da_has_close=\u00bbon\u00bb da_alt_close=\u00bboff\u00bb da_dark_close=\u00bboff\u00bb da_not_modal=\u00bbon\u00bb da_is_singular=\u00bboff\u00bb da_with_loader=\u00bboff\u00bb da_has_shadow=\u00bbon\u00bb][et_pb_row column_structure=\u00bb2_3,1_3&#8243; _builder_version=\u00bb4.16&#8243; _module_preset=\u00bbdefault\u00bb width=\u00bb70%\u00bb global_colors_info=\u00bb{}\u00bb][et_pb_column type=\u00bb2_3&#8243; _builder_version=\u00bb4.16&#8243; _module_preset=\u00bbdefault\u00bb global_colors_info=\u00bb{}\u00bb][et_pb_text _builder_version=\u00bb4.16&#8243; _module_preset=\u00bbdefault\u00bb global_colors_info=\u00bb{}\u00bb]<span style=\"font-size: 1.8em; color: #1BAABF; font-weight: bold;\">Proceso de inducci\u00f3n<\/span><br \/><span style=\"color: #FFFFFF;font-weight: bold; font-size: 1.8em;\">para docentes de maestr\u00edas <\/span>[\/et_pb_text][\/et_pb_column][et_pb_column type=\u00bb1_3&#8243; _builder_version=\u00bb4.16&#8243; _module_preset=\u00bbdefault\u00bb global_colors_info=\u00bb{}\u00bb][et_pb_button button_url=\u00bb@ET-DC@eyJkeW5hbWljIjp0cnVlLCJjb250ZW50IjoicG9zdF9saW5rX3VybF9wb3N0Iiwic2V0dGluZ3MiOnsicG9zdF9pZCI6IjMyNTEifX0=@\u00bb button_text=\u00bbm\u00e1s informaci\u00f3n\u00bb _builder_version=\u00bb4.16&#8243; _dynamic_attributes=\u00bbbutton_url\u00bb _module_preset=\u00bbdefault\u00bb custom_button=\u00bbon\u00bb button_text_color=\u00bb#ffffff\u00bb button_border_color=\u00bb#ffffff\u00bb button_border_radius=\u00bb60px\u00bb global_colors_info=\u00bb{}\u00bb button_border_color__hover_enabled=\u00bbon|hover\u00bb button_text_color__hover_enabled=\u00bbon|hover\u00bb button_text_color__hover=\u00bb#623d72&#8243; button_bg_color__hover_enabled=\u00bbon|hover\u00bb button_bg_color__hover=\u00bb#ffffff\u00bb button_bg_enable_color__hover=\u00bbon\u00bb button_border_color__hover=\u00bb#ffffff\u00bb][\/et_pb_button][\/et_pb_column][\/et_pb_row][\/et_pb_section][et_pb_section fb_built=\u00bb1&#8243; theme_builder_area=\u00bbpost_content\u00bb _builder_version=\u00bb4.24.2&#8243; _module_preset=\u00bbdefault\u00bb custom_padding=\u00bb0px|||||\u00bb da_is_popup=\u00bboff\u00bb da_exit_intent=\u00bboff\u00bb da_has_close=\u00bbon\u00bb da_alt_close=\u00bboff\u00bb da_dark_close=\u00bboff\u00bb da_not_modal=\u00bbon\u00bb da_is_singular=\u00bboff\u00bb da_with_loader=\u00bboff\u00bb da_has_shadow=\u00bbon\u00bb da_disable_devices=\u00bboff|off|off\u00bb][et_pb_row _builder_version=\u00bb4.24.2&#8243; _module_preset=\u00bbdefault\u00bb theme_builder_area=\u00bbpost_content\u00bb custom_padding=\u00bb||0px|||\u00bb][et_pb_column _builder_version=\u00bb4.24.2&#8243; _module_preset=\u00bbdefault\u00bb type=\u00bb4_4&#8243; theme_builder_area=\u00bbpost_content\u00bb][et_pb_text _builder_version=\u00bb4.24.2&#8243; _module_preset=\u00bbdefault\u00bb theme_builder_area=\u00bbpost_content\u00bb hover_enabled=\u00bb0&#8243; sticky_enabled=\u00bb0&#8243; header_2_font=\u00bbmontserrat-bold||||||||\u00bb header_2_text_align=\u00bbcenter\u00bb header_2_font_size=\u00bb2.4rem\u00bb header_2_text_color=\u00bb#333333&#8243; header_4_text_align=\u00bbcenter\u00bb header_4_font=\u00bbmontserrat-medium||||||||\u00bb header_4_text_color=\u00bb#00a0dd\u00bb]<\/p>\n<h4>Servicios y beneficios<\/h4>\n<h2>Docentes<\/h2>\n<p>[\/et_pb_text][\/et_pb_column][\/et_pb_row][\/et_pb_section][et_pb_section fb_built=\u00bb1&#8243; theme_builder_area=\u00bbpost_content\u00bb _builder_version=\u00bb4.24.2&#8243; _module_preset=\u00bbdefault\u00bb custom_padding=\u00bb0px|||||\u00bb da_is_popup=\u00bboff\u00bb da_exit_intent=\u00bboff\u00bb da_has_close=\u00bbon\u00bb da_alt_close=\u00bboff\u00bb da_dark_close=\u00bboff\u00bb da_not_modal=\u00bbon\u00bb da_is_singular=\u00bboff\u00bb da_with_loader=\u00bboff\u00bb da_has_shadow=\u00bbon\u00bb da_disable_devices=\u00bboff|off|off\u00bb][et_pb_row column_structure=\u00bb1_3,1_3,1_3&#8243; _builder_version=\u00bb4.24.2&#8243; _module_preset=\u00bbdefault\u00bb custom_padding=\u00bb0px|||||\u00bb global_colors_info=\u00bb{}\u00bb theme_builder_area=\u00bbpost_content\u00bb][et_pb_column type=\u00bb1_3&#8243; _builder_version=\u00bb4.24.2&#8243; _module_preset=\u00bbdefault\u00bb global_colors_info=\u00bb{}\u00bb theme_builder_area=\u00bbpost_content\u00bb][et_pb_blurb title=\u00bbTutoriales\u00bb url=\u00bb@ET-DC@eyJkeW5hbWljIjp0cnVlLCJjb250ZW50IjoicG9zdF9saW5rX3VybF9wYWdlIiwic2V0dGluZ3MiOnsicG9zdF9pZCI6IjE5NjIxIn19@\u00bb image=\u00bbhttps:\/\/puceapex.puce.edu.ec\/web\/cev\/wp-content\/uploads\/sites\/12\/2024\/03\/docentes-tutoriales.jpg\u00bb _builder_version=\u00bb4.24.2&#8243; _dynamic_attributes=\u00bburl,link_option_url\u00bb _module_preset=\u00bbdefault\u00bb header_font=\u00bbmontserrat-medium||||||||\u00bb header_text_align=\u00bbcenter\u00bb header_text_color=\u00bb#0c71c3&#8243; text_orientation=\u00bbcenter\u00bb link_option_url=\u00bb@ET-DC@eyJkeW5hbWljIjp0cnVlLCJjb250ZW50IjoicG9zdF9saW5rX3VybF9wYWdlIiwic2V0dGluZ3MiOnsicG9zdF9pZCI6IjE5NjIxIn19@\u00bb hover_enabled=\u00bb0&#8243; global_colors_info=\u00bb{}\u00bb theme_builder_area=\u00bbpost_content\u00bb sticky_enabled=\u00bb0&#8243; title_text=\u00bbdocentes-tutoriales\u00bb]<\/p>\n<p><span>Convi\u00e9rtete en un experto en el uso de Moodle 4.1 con nuestros tutoriales especializados, dise\u00f1ados para docentes<\/span><\/p>\n<p>[\/et_pb_blurb][\/et_pb_column][et_pb_column type=\u00bb1_3&#8243; _builder_version=\u00bb4.24.2&#8243; _module_preset=\u00bbdefault\u00bb global_colors_info=\u00bb{}\u00bb theme_builder_area=\u00bbpost_content\u00bb][et_pb_blurb title=\u00bbHerramientas\u00bb url=\u00bb@ET-DC@eyJkeW5hbWljIjp0cnVlLCJjb250ZW50IjoicG9zdF9saW5rX3VybF9wYWdlIiwic2V0dGluZ3MiOnsicG9zdF9pZCI6IjYxNiJ9fQ==@\u00bb image=\u00bbhttps:\/\/puceapex.puce.edu.ec\/web\/cev\/wp-content\/uploads\/sites\/12\/2024\/03\/docentes-herramientas.jpg\u00bb _builder_version=\u00bb4.24.2&#8243; _dynamic_attributes=\u00bburl,link_option_url\u00bb _module_preset=\u00bbdefault\u00bb header_font=\u00bbmontserrat-medium||||||||\u00bb header_text_align=\u00bbcenter\u00bb header_text_color=\u00bb#0c71c3&#8243; text_orientation=\u00bbcenter\u00bb link_option_url=\u00bb@ET-DC@eyJkeW5hbWljIjp0cnVlLCJjb250ZW50IjoicG9zdF9saW5rX3VybF9wYWdlIiwic2V0dGluZ3MiOnsicG9zdF9pZCI6IjYxNiJ9fQ==@\u00bb hover_enabled=\u00bb0&#8243; global_colors_info=\u00bb{}\u00bb theme_builder_area=\u00bbpost_content\u00bb sticky_enabled=\u00bb0&#8243; title_text=\u00bbdocentes-herramientas\u00bb]<\/p>\n<p><span>Explora un repertorio de herramientas en l\u00ednea dise\u00f1adas para enriquecer tus clases y potenciar tu experiencia educativa<\/span><\/p>\n<p>[\/et_pb_blurb][\/et_pb_column][et_pb_column type=\u00bb1_3&#8243; _builder_version=\u00bb4.24.2&#8243; _module_preset=\u00bbdefault\u00bb global_colors_info=\u00bb{}\u00bb theme_builder_area=\u00bbpost_content\u00bb][et_pb_blurb title=\u00bbRecomendaciones\u00bb url=\u00bb@ET-DC@eyJkeW5hbWljIjp0cnVlLCJjb250ZW50IjoicG9zdF9saW5rX3VybF9wYWdlIiwic2V0dGluZ3MiOnsicG9zdF9pZCI6Ijc1OCJ9fQ==@\u00bb image=\u00bbhttps:\/\/puceapex.puce.edu.ec\/web\/cev\/wp-content\/uploads\/sites\/12\/2024\/03\/docentes-recomendaciones.jpg\u00bb _builder_version=\u00bb4.24.2&#8243; _dynamic_attributes=\u00bburl,link_option_url\u00bb _module_preset=\u00bbdefault\u00bb header_font=\u00bbmontserrat-medium||||||||\u00bb header_text_align=\u00bbcenter\u00bb header_text_color=\u00bb#0c71c3&#8243; text_orientation=\u00bbcenter\u00bb link_option_url=\u00bb@ET-DC@eyJkeW5hbWljIjp0cnVlLCJjb250ZW50IjoicG9zdF9saW5rX3VybF9wYWdlIiwic2V0dGluZ3MiOnsicG9zdF9pZCI6Ijc1OCJ9fQ==@\u00bb hover_enabled=\u00bb0&#8243; global_colors_info=\u00bb{}\u00bb theme_builder_area=\u00bbpost_content\u00bb sticky_enabled=\u00bb0&#8243; title_text=\u00bbdocentes-recomendaciones\u00bb]<\/p>\n<p><span> Tenemos sugerencias pr\u00e1cticas para enriquecer tu experiencia en tus aulas virtuales\u00a0 y maximizar el aprendizaje de tus estudiantes<\/span><\/p>\n<p>[\/et_pb_blurb][\/et_pb_column][\/et_pb_row][\/et_pb_section]<\/p>\n","protected":false},"excerpt":{"rendered":"<p>DocentesEl curso de certificaci\u00f3n en ambientes virtuales fue una experiencia totalmente nueva, que me abri\u00f3 los ojos y la mente a un mundo que no lo hab\u00eda palpado directamente, pues al conocer una verdadera aula virtual, con su planificaci\u00f3n, sus recursos, sus actividades, sus tareas, sus cuestionarios, los cuales se hallan perfectamente organizados, observo que [&hellip;]<\/p>\n","protected":false},"author":13,"featured_media":0,"parent":0,"menu_order":0,"comment_status":"closed","ping_status":"closed","template":"","meta":{"_et_pb_use_builder":"on","_et_pb_old_content":"","_et_gb_content_width":"","inline_featured_image":false,"footnotes":""},"_links":{"self":[{"href":"https:\/\/puceapex.puce.edu.ec\/web\/cev\/wp-json\/wp\/v2\/pages\/582"}],"collection":[{"href":"https:\/\/puceapex.puce.edu.ec\/web\/cev\/wp-json\/wp\/v2\/pages"}],"about":[{"href":"https:\/\/puceapex.puce.edu.ec\/web\/cev\/wp-json\/wp\/v2\/types\/page"}],"author":[{"embeddable":true,"href":"https:\/\/puceapex.puce.edu.ec\/web\/cev\/wp-json\/wp\/v2\/users\/13"}],"replies":[{"embeddable":true,"href":"https:\/\/puceapex.puce.edu.ec\/web\/cev\/wp-json\/wp\/v2\/comments?post=582"}],"version-history":[{"count":99,"href":"https:\/\/puceapex.puce.edu.ec\/web\/cev\/wp-json\/wp\/v2\/pages\/582\/revisions"}],"predecessor-version":[{"id":19718,"href":"https:\/\/puceapex.puce.edu.ec\/web\/cev\/wp-json\/wp\/v2\/pages\/582\/revisions\/19718"}],"wp:attachment":[{"href":"https:\/\/puceapex.puce.edu.ec\/web\/cev\/wp-json\/wp\/v2\/media?parent=582"}],"curies":[{"name":"wp","href":"https:\/\/api.w.org\/{rel}","templated":true}]}}