{"id":2010,"date":"2020-07-09T21:21:29","date_gmt":"2020-07-09T21:21:29","guid":{"rendered":"https:\/\/puceapex.puce.edu.ec\/web\/cev\/?page_id=2010"},"modified":"2022-03-23T21:29:39","modified_gmt":"2022-03-23T21:29:39","slug":"quienes-somos","status":"publish","type":"page","link":"https:\/\/puceapex.puce.edu.ec\/web\/cev\/quienes-somos\/","title":{"rendered":"Qui\u00e9nes somos"},"content":{"rendered":"<p>[et_pb_section fb_built=\u00bb1&#8243; _builder_version=\u00bb4.4.8&#8243; background_color=\u00bb#0c71c3&#8243; use_background_color_gradient=\u00bbon\u00bb background_color_gradient_end=\u00bb#20acd2&#8243; background_color_gradient_direction=\u00bb90deg\u00bb background_color_gradient_overlays_image=\u00bbon\u00bb custom_margin=\u00bb2px||||false|false\u00bb da_disable_devices=\u00bboff|off|off\u00bb da_is_popup=\u00bboff\u00bb da_exit_intent=\u00bboff\u00bb da_has_close=\u00bbon\u00bb da_alt_close=\u00bboff\u00bb da_dark_close=\u00bboff\u00bb da_not_modal=\u00bbon\u00bb da_is_singular=\u00bboff\u00bb da_with_loader=\u00bboff\u00bb da_has_shadow=\u00bbon\u00bb][et_pb_row column_structure=\u00bb1_3,2_3&#8243; make_equal=\u00bbon\u00bb disabled_on=\u00bbon|on|on\u00bb _builder_version=\u00bb4.4.8&#8243; width=\u00bb55%\u00bb disabled=\u00bbon\u00bb][et_pb_column type=\u00bb1_3&#8243; module_class=\u00bbvertical-align\u00bb _builder_version=\u00bb4.4.8&#8243;][et_pb_text _builder_version=\u00bb4.4.8&#8243; text_font=\u00bb|800|||||||\u00bb text_text_color=\u00bb#ffffff\u00bb text_font_size=\u00bb32px\u00bb text_line_height=\u00bb32px\u00bb text_text_shadow_style=\u00bbpreset3&#8243;]<\/p>\n<p style=\"text-align: right\">Preguntas Frecuentes<\/p>\n<p>[\/et_pb_text][\/et_pb_column][et_pb_column type=\u00bb2_3&#8243; _builder_version=\u00bb4.4.8&#8243;][et_pb_text _builder_version=\u00bb4.4.8&#8243; text_text_color=\u00bb#ffffff\u00bb custom_padding=\u00bb|||15px|false|false\u00bb border_width_left=\u00bb4px\u00bb border_color_left=\u00bb#ffffff\u00bb]<\/p>\n<p>Your content goes here. Edit or remove this text inline or in the module Content settings. You can also style every aspect of this content in the module Design settings and even apply custom CSS to this text in the module Advanced settings.<\/p>\n<p>[\/et_pb_text][\/et_pb_column][\/et_pb_row][et_pb_row make_equal=\u00bbon\u00bb _builder_version=\u00bb4.4.8&#8243; width=\u00bb55%\u00bb][et_pb_column type=\u00bb4_4&#8243; module_class=\u00bbvertical-align\u00bb _builder_version=\u00bb4.4.8&#8243;][et_pb_text _builder_version=\u00bb4.4.8&#8243; text_font=\u00bb|800|||||||\u00bb text_text_color=\u00bb#ffffff\u00bb text_font_size=\u00bb32px\u00bb text_line_height=\u00bb32px\u00bb text_text_shadow_style=\u00bbpreset3&#8243;]<\/p>\n<p style=\"text-align: center;\">Qui\u00e9nes somos<\/p>\n<p>[\/et_pb_text][\/et_pb_column][\/et_pb_row][\/et_pb_section][et_pb_section fb_built=\u00bb1&#8243; _builder_version=\u00bb4.4.8&#8243; da_disable_devices=\u00bboff|off|off\u00bb da_is_popup=\u00bboff\u00bb da_exit_intent=\u00bboff\u00bb da_has_close=\u00bbon\u00bb da_alt_close=\u00bboff\u00bb da_dark_close=\u00bboff\u00bb da_not_modal=\u00bbon\u00bb da_is_singular=\u00bboff\u00bb da_with_loader=\u00bboff\u00bb da_has_shadow=\u00bbon\u00bb][et_pb_row make_equal=\u00bbon\u00bb _builder_version=\u00bb4.4.8&#8243; width=\u00bb70%\u00bb][et_pb_column type=\u00bb4_4&#8243; _builder_version=\u00bb4.4.8&#8243;][et_pb_text _builder_version=\u00bb4.4.8&#8243;]El Centro de Educaci\u00f3n Virtual (CEV) es la unidad operativa de la PUCE, encargada de la implementaci\u00f3n, la administraci\u00f3n acad\u00e9mica y de la infraestructura propia, el seguimiento y la evaluaci\u00f3n de la modalidad de aprendizaje virtual.[\/et_pb_text][et_pb_text _builder_version=\u00bb4.4.8&#8243;]<\/p>\n<p><strong>Servicios que oferta el CEV:<\/strong><\/p>\n<ul>\n<li>Gestionar la operaci\u00f3n de programas de educaci\u00f3n en l\u00ednea.<\/li>\n<li>Gestionar el uso adecuado de los entornos virtuales de aprendizaje.<\/li>\n<li>Brindar capacitaci\u00f3n permanente a docentes y estudiantes con respecto al correcto uso y gesti\u00f3n de la plataforma y herramientas.<\/li>\n<li>Garantizar a los usuarios accesibilidad y usabilidad de los entornos virtuales de aprendizaje.<\/li>\n<\/ul>\n<p>[\/et_pb_text][\/et_pb_column][\/et_pb_row][et_pb_row _builder_version=\u00bb4.9.10&#8243; hover_enabled=\u00bb0&#8243; locked=\u00bboff\u00bb disabled_on=\u00bbon|on|on\u00bb disabled=\u00bbon\u00bb sticky_enabled=\u00bb0&#8243;][et_pb_column type=\u00bb4_4&#8243; _builder_version=\u00bb4.4.8&#8243;][et_pb_divider color=\u00bb#d2d2d2&#8243; _builder_version=\u00bb4.4.8&#8243;][\/et_pb_divider][et_pb_text _builder_version=\u00bb4.4.8&#8243;]<\/p>\n<h1 style=\"text-align: center; color: #1db1cb;\">Equipo<\/h1>\n<p>[\/et_pb_text][\/et_pb_column][\/et_pb_row][et_pb_row column_structure=\u00bb1_3,1_3,1_3&#8243; disabled_on=\u00bbon|on|on\u00bb _builder_version=\u00bb4.9.10&#8243; disabled=\u00bbon\u00bb][et_pb_column type=\u00bb1_3&#8243; _builder_version=\u00bb4.4.8&#8243;][et_pb_blurb title=\u00bbNancy Crespo \u00bb image=\u00bbhttps:\/\/puceapex.puce.edu.ec\/web\/cev\/wp-content\/uploads\/sites\/12\/2020\/07\/nancy.jpg\u00bb image_max_width=\u00bb140px\u00bb _builder_version=\u00bb4.9.4&#8243; text_orientation=\u00bbcenter\u00bb module_alignment=\u00bbcenter\u00bb min_height=\u00bb360px\u00bb custom_margin=\u00bb||||false|false\u00bb custom_padding=\u00bb||80px||false|false\u00bb border_color_all=\u00bb#d2d2d2&#8243; border_radii_image=\u00bbon|200px|200px|200px|200px\u00bb box_shadow_style_image=\u00bbpreset1&#8243; box_shadow_blur_image=\u00bb13px\u00bb box_shadow_spread_image=\u00bb-2px\u00bb child_filter_saturate__hover_enabled=\u00bbon|hover\u00bb child_filter_saturate__hover=\u00bb40%\u00bb]<\/p>\n<p>Directora del Centro de Educaci\u00f3n Virtual<\/p>\n<p><strong>Ext:<\/strong> 2505<\/p>\n<p>[\/et_pb_blurb][et_pb_blurb title=\u00bbFrancisco Maldonado\u00bb image=\u00bbhttps:\/\/puceapex.puce.edu.ec\/web\/cev\/wp-content\/uploads\/sites\/12\/2020\/11\/WhatsApp-Image-2020-11-17-at-08.40.56.jpeg\u00bb image_max_width=\u00bb140px\u00bb _builder_version=\u00bb4.9.10&#8243; text_orientation=\u00bbcenter\u00bb module_alignment=\u00bbcenter\u00bb min_height=\u00bb360px\u00bb custom_padding=\u00bb||80px||false|false\u00bb border_radii_image=\u00bbon|200px|200px|200px|200px\u00bb box_shadow_style_image=\u00bbpreset1&#8243; box_shadow_blur_image=\u00bb13px\u00bb box_shadow_spread_image=\u00bb-2px\u00bb child_filter_saturate__hover_enabled=\u00bbon|hover\u00bb child_filter_saturate__hover=\u00bb40%\u00bb]Dise\u00f1ador Instruccional<\/p>\n<p><strong>Ext:<\/strong> 2518[\/et_pb_blurb][et_pb_blurb title=\u00bbSof\u00eda Enderica\u00bb image=\u00bbhttps:\/\/puceapex.puce.edu.ec\/web\/cev\/wp-content\/uploads\/sites\/12\/2020\/11\/WhatsApp-Image-2020-11-17-at-09.17.04.jpeg\u00bb image_max_width=\u00bb140px\u00bb _builder_version=\u00bb4.9.10&#8243; text_orientation=\u00bbcenter\u00bb module_alignment=\u00bbcenter\u00bb min_height=\u00bb360px\u00bb border_radii_image=\u00bbon|200px|200px|200px|200px\u00bb box_shadow_style_image=\u00bbpreset1&#8243; box_shadow_blur_image=\u00bb13px\u00bb box_shadow_spread_image=\u00bb-2px\u00bb child_filter_saturate__hover_enabled=\u00bbon|hover\u00bb child_filter_saturate__hover=\u00bb40%\u00bb]Analista de planificaci\u00f3n<\/p>\n<p><strong>Ext:<\/strong> 1592[\/et_pb_blurb][et_pb_blurb title=\u00bbIrvin Villavicencio\u00bb image=\u00bbhttps:\/\/puceapex.puce.edu.ec\/web\/cev\/wp-content\/uploads\/sites\/12\/2021\/10\/irvin-villavicencio.jpg\u00bb image_max_width=\u00bb140px\u00bb _builder_version=\u00bb4.9.10&#8243; text_orientation=\u00bbcenter\u00bb module_alignment=\u00bbcenter\u00bb min_height=\u00bb360px\u00bb border_radii_image=\u00bbon|200px|200px|200px|200px\u00bb box_shadow_style_image=\u00bbpreset1&#8243; box_shadow_blur_image=\u00bb13px\u00bb box_shadow_spread_image=\u00bb-2px\u00bb child_filter_saturate__hover_enabled=\u00bbon|hover\u00bb child_filter_saturate__hover=\u00bb40%\u00bb]<\/p>\n<p>Dise\u00f1ador Multimedia<\/p>\n<p><b>\u00a0<\/b><\/p>\n<p>[\/et_pb_blurb][et_pb_blurb title=\u00bbAnthony Flores\u00bb image=\u00bbhttps:\/\/puceapex.puce.edu.ec\/web\/cev\/wp-content\/uploads\/sites\/12\/2021\/11\/Anthony-leandro-flores-perez.jpg\u00bb image_max_width=\u00bb140px\u00bb _builder_version=\u00bb4.9.10&#8243; text_orientation=\u00bbcenter\u00bb module_alignment=\u00bbcenter\u00bb min_height=\u00bb360px\u00bb border_radii_image=\u00bbon|200px|200px|200px|200px\u00bb box_shadow_style_image=\u00bbpreset1&#8243; box_shadow_blur_image=\u00bb13px\u00bb box_shadow_spread_image=\u00bb-2px\u00bb child_filter_saturate__hover_enabled=\u00bbon|hover\u00bb child_filter_saturate__hover=\u00bb40%\u00bb]<\/p>\n<p>Pasante<\/p>\n<p><b>\u00a0<\/b><\/p>\n<p>[\/et_pb_blurb][\/et_pb_column][et_pb_column type=\u00bb1_3&#8243; _builder_version=\u00bb4.4.8&#8243;][et_pb_blurb title=\u00bbLuis Jarr\u00edn\u00bb image=\u00bbhttps:\/\/puceapex.puce.edu.ec\/web\/cev\/wp-content\/uploads\/sites\/12\/2020\/07\/luis.jpg\u00bb image_max_width=\u00bb140px\u00bb _builder_version=\u00bb4.9.10&#8243; text_orientation=\u00bbcenter\u00bb module_alignment=\u00bbcenter\u00bb min_height=\u00bb360px\u00bb custom_padding=\u00bb||80px||false|false\u00bb border_radii_image=\u00bbon|200px|200px|200px|200px\u00bb box_shadow_style_image=\u00bbpreset1&#8243; box_shadow_blur_image=\u00bb13px\u00bb box_shadow_spread_image=\u00bb-2px\u00bb child_filter_saturate__hover_enabled=\u00bbon|hover\u00bb child_filter_saturate__hover=\u00bb40%\u00bb]<\/p>\n<p><span>Coordinador del Centro de Educaci\u00f3n Virtual<\/span><\/p>\n<p><strong>Ext:<\/strong> 2093<\/p>\n<p>[\/et_pb_blurb][et_pb_blurb title=\u00bbPatricia Proa\u00f1o\u00bb image=\u00bbhttps:\/\/puceapex.puce.edu.ec\/web\/cev\/wp-content\/uploads\/sites\/12\/2020\/07\/patricia.jpg\u00bb image_max_width=\u00bb140px\u00bb _builder_version=\u00bb4.9.4&#8243; text_orientation=\u00bbcenter\u00bb module_alignment=\u00bbcenter\u00bb min_height=\u00bb360px\u00bb custom_padding=\u00bb||80px||false|false\u00bb border_radii_image=\u00bbon|200px|200px|200px|200px\u00bb box_shadow_style_image=\u00bbpreset1&#8243; box_shadow_blur_image=\u00bb13px\u00bb box_shadow_spread_image=\u00bb-2px\u00bb child_filter_saturate__hover_enabled=\u00bbon|hover\u00bb child_filter_saturate__hover=\u00bb40%\u00bb]<\/p>\n<p>Dise\u00f1adora Instruccional<\/p>\n<p><strong>Ext:<\/strong> 2517<\/p>\n<p>[\/et_pb_blurb][et_pb_blurb title=\u00bbKatherine Ramos\u00bb image=\u00bbhttps:\/\/puceapex.puce.edu.ec\/web\/cev\/wp-content\/uploads\/sites\/12\/2020\/07\/katherine-ramos.jpg\u00bb image_max_width=\u00bb140px\u00bb _builder_version=\u00bb4.9.10&#8243; text_orientation=\u00bbcenter\u00bb module_alignment=\u00bbcenter\u00bb min_height=\u00bb360px\u00bb custom_padding=\u00bb||80px||false|false\u00bb border_radii_image=\u00bbon|200px|200px|200px|200px\u00bb box_shadow_style_image=\u00bbpreset1&#8243; box_shadow_blur_image=\u00bb13px\u00bb box_shadow_spread_image=\u00bb-2px\u00bb child_filter_hue_rotate__hover_enabled=\u00bbon|hover\u00bb child_filter_saturate__hover_enabled=\u00bbon|hover\u00bb child_filter_saturate__hover=\u00bb40%\u00bb]<\/p>\n<p>Dise\u00f1adora Multimedia<\/p>\n<p><b>\u00a0<\/b><\/p>\n<p>[\/et_pb_blurb][et_pb_blurb title=\u00bbM\u00f3nica Garc\u00eda\u00bb image=\u00bbhttps:\/\/puceapex.puce.edu.ec\/web\/cev\/wp-content\/uploads\/sites\/12\/2021\/06\/Monica-1.jpg\u00bb image_max_width=\u00bb140px\u00bb _builder_version=\u00bb4.9.10&#8243; text_orientation=\u00bbcenter\u00bb module_alignment=\u00bbcenter\u00bb min_height=\u00bb360px\u00bb border_radii_image=\u00bbon|200px|200px|200px|200px\u00bb box_shadow_style_image=\u00bbpreset1&#8243; box_shadow_blur_image=\u00bb13px\u00bb box_shadow_spread_image=\u00bb-2px\u00bb child_filter_saturate__hover_enabled=\u00bbon|hover\u00bb child_filter_saturate__hover=\u00bb40%\u00bb]Asistente administrativa<\/p>\n<p><strong>Ext:<\/strong> 2025[\/et_pb_blurb][et_pb_blurb title=\u00bbFrancisco Pacheco\u00bb image=\u00bbhttps:\/\/puceapex.puce.edu.ec\/web\/cev\/wp-content\/uploads\/sites\/12\/2020\/07\/frsncisco.jpg\u00bb image_max_width=\u00bb140px\u00bb disabled_on=\u00bbon|on|on\u00bb _builder_version=\u00bb4.9.4&#8243; text_orientation=\u00bbcenter\u00bb module_alignment=\u00bbcenter\u00bb min_height=\u00bb360px\u00bb custom_padding=\u00bb||75px|||\u00bb border_radii_image=\u00bbon|200px|200px|200px|200px\u00bb box_shadow_style_image=\u00bbpreset1&#8243; box_shadow_blur_image=\u00bb13px\u00bb box_shadow_spread_image=\u00bb-2px\u00bb disabled=\u00bbon\u00bb child_filter_saturate__hover_enabled=\u00bbon|hover\u00bb child_filter_saturate__hover=\u00bb40%\u00bb]<\/p>\n<p>T\u00e9cnico de aulas virtuales<\/p>\n<p><strong>Ext:<\/strong> 2519<\/p>\n<p><b><\/b><\/p>\n<p>[\/et_pb_blurb][et_pb_blurb title=\u00bbDennisse Achig\u00bb image=\u00bbhttps:\/\/puceapex.puce.edu.ec\/web\/cev\/wp-content\/uploads\/sites\/12\/2021\/11\/Dennisse-nicole-achig-jarrin.jpg\u00bb image_max_width=\u00bb140px\u00bb _builder_version=\u00bb4.9.10&#8243; text_orientation=\u00bbcenter\u00bb module_alignment=\u00bbcenter\u00bb min_height=\u00bb360px\u00bb border_radii_image=\u00bbon|200px|200px|200px|200px\u00bb box_shadow_style_image=\u00bbpreset1&#8243; box_shadow_blur_image=\u00bb13px\u00bb box_shadow_spread_image=\u00bb-2px\u00bb child_filter_saturate__hover_enabled=\u00bbon|hover\u00bb child_filter_saturate__hover=\u00bb40%\u00bb]<\/p>\n<p>Gestor estudiantil<\/p>\n<p><b>\u00a0<\/b><\/p>\n<p>[\/et_pb_blurb][\/et_pb_column][et_pb_column type=\u00bb1_3&#8243; _builder_version=\u00bb4.4.8&#8243;][et_pb_blurb title=\u00bb Alexander Urbina \u00bb image=\u00bbhttps:\/\/puceapex.puce.edu.ec\/web\/cev\/wp-content\/uploads\/sites\/12\/2020\/07\/alex.jpg\u00bb image_max_width=\u00bb140px\u00bb _builder_version=\u00bb4.9.10&#8243; text_orientation=\u00bbcenter\u00bb module_alignment=\u00bbcenter\u00bb min_height=\u00bb360px\u00bb custom_margin=\u00bb||||false|false\u00bb custom_padding=\u00bb||80px||false|false\u00bb border_color_all=\u00bb#d2d2d2&#8243; border_radii_image=\u00bbon|200px|200px|200px|200px\u00bb box_shadow_style_image=\u00bbpreset1&#8243; box_shadow_blur_image=\u00bb13px\u00bb box_shadow_spread_image=\u00bb-2px\u00bb child_filter_saturate__hover_enabled=\u00bbon|hover\u00bb child_filter_saturate__hover=\u00bb40%\u00bb]<\/p>\n<p><span>Coordinador de maestr\u00edas en l\u00ednea<\/span><\/p>\n<p><strong>Ext:<\/strong> 2511<\/p>\n<p>[\/et_pb_blurb][et_pb_blurb title=\u00bbFernando Spiritu\u00bb image=\u00bbhttps:\/\/puceapex.puce.edu.ec\/web\/cev\/wp-content\/uploads\/sites\/12\/2020\/11\/WhatsApp-Image-2020-11-17-at-08.40.54.jpeg\u00bb image_max_width=\u00bb140px\u00bb _builder_version=\u00bb4.9.10&#8243; text_orientation=\u00bbcenter\u00bb module_alignment=\u00bbcenter\u00bb min_height=\u00bb360px\u00bb custom_padding=\u00bb||80px||false|false\u00bb border_radii_image=\u00bbon|200px|200px|200px|200px\u00bb box_shadow_style_image=\u00bbpreset1&#8243; box_shadow_blur_image=\u00bb13px\u00bb box_shadow_spread_image=\u00bb-2px\u00bb child_filter_saturate__hover_enabled=\u00bbon|hover\u00bb child_filter_saturate__hover=\u00bb40%\u00bb]Dise\u00f1ador Instruccional<\/p>\n<p><strong>Ext:<\/strong> 2520[\/et_pb_blurb][et_pb_blurb title=\u00bbHans Y\u00e9pez \u00bb image=\u00bbhttps:\/\/puceapex.puce.edu.ec\/web\/cev\/wp-content\/uploads\/sites\/12\/2020\/07\/hans.jpg\u00bb image_max_width=\u00bb140px\u00bb _builder_version=\u00bb4.9.4&#8243; text_orientation=\u00bbcenter\u00bb module_alignment=\u00bbcenter\u00bb min_height=\u00bb360px\u00bb height=\u00bb360px\u00bb custom_padding=\u00bb|80px|||false|false\u00bb border_radii_image=\u00bbon|200px|200px|200px|200px\u00bb box_shadow_style_image=\u00bbpreset1&#8243; box_shadow_blur_image=\u00bb13px\u00bb box_shadow_spread_image=\u00bb-2px\u00bb child_filter_saturate__hover_enabled=\u00bbon|hover\u00bb child_filter_saturate__hover=\u00bb40%\u00bb]<\/p>\n<p>Analista de dise\u00f1o multimedia y comunicaci\u00f3n<\/p>\n<p>[\/et_pb_blurb][et_pb_blurb title=\u00bbEmma Castillo\u00bb image=\u00bbhttps:\/\/puceapex.puce.edu.ec\/web\/cev\/wp-content\/uploads\/sites\/12\/2021\/06\/emma-1.jpg\u00bb image_max_width=\u00bb140px\u00bb _builder_version=\u00bb4.9.10&#8243; text_orientation=\u00bbcenter\u00bb module_alignment=\u00bbcenter\u00bb min_height=\u00bb360px\u00bb border_radii_image=\u00bbon|200px|200px|200px|200px\u00bb box_shadow_style_image=\u00bbpreset1&#8243; box_shadow_blur_image=\u00bb13px\u00bb box_shadow_spread_image=\u00bb-2px\u00bb child_filter_saturate__hover_enabled=\u00bbon|hover\u00bb child_filter_saturate__hover=\u00bb40%\u00bb]<\/p>\n<p>Asistente de Gesti\u00f3n Acad\u00e9mica<b><\/b><\/p>\n<p>[\/et_pb_blurb][et_pb_blurb title=\u00bbJorge Enderica\u00bb image=\u00bbhttps:\/\/puceapex.puce.edu.ec\/web\/cev\/wp-content\/uploads\/sites\/12\/2021\/11\/jorge-eduardo-enderica-quintana.jpg\u00bb image_max_width=\u00bb140px\u00bb _builder_version=\u00bb4.9.10&#8243; text_orientation=\u00bbcenter\u00bb module_alignment=\u00bbcenter\u00bb min_height=\u00bb360px\u00bb border_radii_image=\u00bbon|200px|200px|200px|200px\u00bb box_shadow_style_image=\u00bbpreset1&#8243; box_shadow_blur_image=\u00bb13px\u00bb box_shadow_spread_image=\u00bb-2px\u00bb child_filter_saturate__hover_enabled=\u00bbon|hover\u00bb child_filter_saturate__hover=\u00bb40%\u00bb]<\/p>\n<p>Gestor estudiantil<\/p>\n<p><b>\u00a0<\/b><\/p>\n<p>[\/et_pb_blurb][\/et_pb_column][\/et_pb_row][\/et_pb_section]<\/p>\n","protected":false},"excerpt":{"rendered":"<p>Preguntas FrecuentesYour content goes here. Edit or remove this text inline or in the module Content settings. You can also style every aspect of this content in the module Design settings and even apply custom CSS to this text in the module Advanced settings.Qui\u00e9nes somosEl Centro de Educaci\u00f3n Virtual (CEV) es la unidad operativa de [&hellip;]<\/p>\n","protected":false},"author":13,"featured_media":0,"parent":0,"menu_order":0,"comment_status":"closed","ping_status":"closed","template":"","meta":{"_et_pb_use_builder":"on","_et_pb_old_content":"","_et_gb_content_width":"","inline_featured_image":false,"footnotes":""},"_links":{"self":[{"href":"https:\/\/puceapex.puce.edu.ec\/web\/cev\/wp-json\/wp\/v2\/pages\/2010"}],"collection":[{"href":"https:\/\/puceapex.puce.edu.ec\/web\/cev\/wp-json\/wp\/v2\/pages"}],"about":[{"href":"https:\/\/puceapex.puce.edu.ec\/web\/cev\/wp-json\/wp\/v2\/types\/page"}],"author":[{"embeddable":true,"href":"https:\/\/puceapex.puce.edu.ec\/web\/cev\/wp-json\/wp\/v2\/users\/13"}],"replies":[{"embeddable":true,"href":"https:\/\/puceapex.puce.edu.ec\/web\/cev\/wp-json\/wp\/v2\/comments?post=2010"}],"version-history":[{"count":32,"href":"https:\/\/puceapex.puce.edu.ec\/web\/cev\/wp-json\/wp\/v2\/pages\/2010\/revisions"}],"predecessor-version":[{"id":15397,"href":"https:\/\/puceapex.puce.edu.ec\/web\/cev\/wp-json\/wp\/v2\/pages\/2010\/revisions\/15397"}],"wp:attachment":[{"href":"https:\/\/puceapex.puce.edu.ec\/web\/cev\/wp-json\/wp\/v2\/media?parent=2010"}],"curies":[{"name":"wp","href":"https:\/\/api.w.org\/{rel}","templated":true}]}}