{"id":19702,"date":"2024-03-21T20:20:45","date_gmt":"2024-03-21T20:20:45","guid":{"rendered":"https:\/\/puceapex.puce.edu.ec\/web\/cev\/?page_id=19702"},"modified":"2024-03-22T15:58:09","modified_gmt":"2024-03-22T15:58:09","slug":"estudiantes-tutoriales","status":"publish","type":"page","link":"https:\/\/puceapex.puce.edu.ec\/web\/cev\/estudiantes-tutoriales\/","title":{"rendered":"Estudiantes Tutoriales"},"content":{"rendered":"<p>[et_pb_section fb_built=\u00bb1&#8243; admin_label=\u00bbSection\u00bb _builder_version=\u00bb4.24.2&#8243; _module_preset=\u00bbdefault\u00bb background_image=\u00bbhttps:\/\/puceapex.puce.edu.ec\/web\/cev\/wp-content\/uploads\/sites\/12\/2024\/03\/estudiantes-tutoriales-bg.jpg\u00bb parallax=\u00bbon\u00bb min_height=\u00bb710px\u00bb custom_padding=\u00bb||0px|||\u00bb hover_enabled=\u00bb0&#8243; custom_css_main_element=\u00bbdisplay:flex;||flex-direction:column;||\u00bb da_disable_devices=\u00bboff|off|off\u00bb global_colors_info=\u00bb{}\u00bb title_text=\u00bbestudiantes-tutoriales-bg\u00bb sticky_enabled=\u00bb0&#8243; da_is_popup=\u00bboff\u00bb da_exit_intent=\u00bboff\u00bb da_has_close=\u00bbon\u00bb da_alt_close=\u00bboff\u00bb da_dark_close=\u00bboff\u00bb da_not_modal=\u00bbon\u00bb da_is_singular=\u00bboff\u00bb da_with_loader=\u00bboff\u00bb da_has_shadow=\u00bbon\u00bb][et_pb_row _builder_version=\u00bb4.23.4&#8243; _module_preset=\u00bbdefault\u00bb global_colors_info=\u00bb{}\u00bb][et_pb_column type=\u00bb4_4&#8243; _builder_version=\u00bb4.23.4&#8243; _module_preset=\u00bbdefault\u00bb global_colors_info=\u00bb{}\u00bb][et_pb_text _builder_version=\u00bb4.23.4&#8243; _module_preset=\u00bbdefault\u00bb header_font=\u00bbmontserrat-bold||||||||\u00bb header_text_color=\u00bb#FFFFFF\u00bb header_font_size=\u00bb40px\u00bb custom_margin=\u00bb||21px|||\u00bb global_colors_info=\u00bb{}\u00bb]<\/p>\n<h1><span style=\"color: #0c71c3;\">\u00a1Potencia<\/span> tu experiencia<br \/>educativa con el <span style=\"color: #0c71c3;\">CEV!<\/span><\/h1>\n<p>[\/et_pb_text][et_pb_text _builder_version=\u00bb4.24.2&#8243; _module_preset=\u00bbdefault\u00bb text_font=\u00bbmontserrat-medium||||||||\u00bb text_text_color=\u00bb#FFFFFF\u00bb hover_enabled=\u00bb0&#8243; global_colors_info=\u00bb{}\u00bb sticky_enabled=\u00bb0&#8243;]\u00a1Explora las posibilidades de Moodle 4.1 en el Centro de Educaci\u00f3n Virtual! Domina su uso con nuestros tutoriales especializados, que te guiar\u00e1n en cada paso para sacar el m\u00e1ximo provecho de esta plataforma y mejorar tu experiencia de aprendizaje.[\/et_pb_text][et_pb_button button_url=\u00bbhttps:\/\/www.youtube.com\/playlist?list=PLcHD7Vk-wnZPcQ2AbdKuRpAn-ZHE-j95w\u00bb url_new_window=\u00bbon\u00bb button_text=\u00bbVer tutoriales\u00bb button_alignment_tablet=\u00bb\u00bb button_alignment_phone=\u00bbcenter\u00bb button_alignment_last_edited=\u00bbon|phone\u00bb _builder_version=\u00bb4.23.4&#8243; _module_preset=\u00bbdefault\u00bb custom_button=\u00bbon\u00bb button_text_color=\u00bb#FFFFFF\u00bb button_bg_color=\u00bb#0c71c3&#8243; button_border_color=\u00bb#0c71c3&#8243; global_colors_info=\u00bb{}\u00bb button_bg_color__hover_enabled=\u00bbon|hover\u00bb button_bg_color__hover=\u00bb\u00bb button_bg_enable_color__hover=\u00bboff\u00bb button_border_color__hover_enabled=\u00bbon|hover\u00bb button_border_color__hover=\u00bb#FFFFFF\u00bb][\/et_pb_button][\/et_pb_column][\/et_pb_row][et_pb_row column_structure=\u00bb1_4,1_4,1_4,1_4&#8243; use_custom_gutter=\u00bbon\u00bb gutter_width=\u00bb1&#8243; disabled_on=\u00bbon|on|on\u00bb _builder_version=\u00bb4.23.4&#8243; _module_preset=\u00bbdefault\u00bb custom_margin=\u00bb||0px||false|false\u00bb custom_padding=\u00bb0px||0px||true|false\u00bb disabled=\u00bbon\u00bb global_colors_info=\u00bb{}\u00bb][et_pb_column type=\u00bb1_4&#8243; _builder_version=\u00bb4.23.4&#8243; _module_preset=\u00bbdefault\u00bb global_colors_info=\u00bb{}\u00bb][et_pb_button button_url=\u00bb#tutoriales1&#8243; button_text=\u00bbT\u00edtulo de turoriales 1&#8243; button_alignment=\u00bbcenter\u00bb _builder_version=\u00bb4.23.4&#8243; _module_preset=\u00bbdefault\u00bb custom_button=\u00bbon\u00bb button_text_color=\u00bb#FFFFFF\u00bb button_border_width=\u00bb8px\u00bb button_border_color=\u00bbRGBA(255,255,255,0)\u00bb button_font=\u00bbmontserrat-medium||||||||\u00bb button_use_icon=\u00bboff\u00bb custom_padding=\u00bb||||false|false\u00bb custom_css_main_element=\u00bb  border-top:none!important;||  border-left: none!important;||  border-right: none!important;\u00bb global_colors_info=\u00bb{}\u00bb button_border_color__hover_enabled=\u00bbon|hover\u00bb button_border_color__hover=\u00bb#0C71C3&#8243; custom_padding__hover_enabled=\u00bboff|desktop\u00bb custom_padding__hover=\u00bb||20px||false|false\u00bb][\/et_pb_button][\/et_pb_column][et_pb_column type=\u00bb1_4&#8243; _builder_version=\u00bb4.23.4&#8243; _module_preset=\u00bbdefault\u00bb global_colors_info=\u00bb{}\u00bb][et_pb_button button_url=\u00bb#tutoriales2&#8243; button_text=\u00bbT\u00edtulo de turoriales 2&#8243; button_alignment=\u00bbcenter\u00bb _builder_version=\u00bb4.23.4&#8243; _module_preset=\u00bbdefault\u00bb custom_button=\u00bbon\u00bb button_text_color=\u00bb#FFFFFF\u00bb button_border_width=\u00bb8px\u00bb button_border_color=\u00bbRGBA(255,255,255,0)\u00bb button_font=\u00bbmontserrat-medium||||||||\u00bb button_use_icon=\u00bboff\u00bb custom_css_main_element=\u00bb  border-top:none!important;||  border-left: none!important;||  border-right: none!important;\u00bb global_colors_info=\u00bb{}\u00bb button_border_color__hover_enabled=\u00bbon|hover\u00bb button_border_color__hover=\u00bb#0C71C3&#8243;][\/et_pb_button][\/et_pb_column][et_pb_column type=\u00bb1_4&#8243; _builder_version=\u00bb4.23.4&#8243; _module_preset=\u00bbdefault\u00bb global_colors_info=\u00bb{}\u00bb][et_pb_button button_url=\u00bb#tutoriales2&#8243; button_text=\u00bbT\u00edtulo de turoriales 3&#8243; button_alignment=\u00bbcenter\u00bb _builder_version=\u00bb4.23.4&#8243; _module_preset=\u00bbdefault\u00bb custom_button=\u00bbon\u00bb button_text_color=\u00bb#FFFFFF\u00bb button_border_width=\u00bb8px\u00bb button_border_color=\u00bbRGBA(255,255,255,0)\u00bb button_font=\u00bbmontserrat-medium||||||||\u00bb button_use_icon=\u00bboff\u00bb custom_css_main_element=\u00bb  border-top:none!important;||  border-left: none!important;||  border-right: none!important;\u00bb global_colors_info=\u00bb{}\u00bb button_border_color__hover_enabled=\u00bbon|hover\u00bb button_border_color__hover=\u00bb#0C71C3&#8243;][\/et_pb_button][\/et_pb_column][et_pb_column type=\u00bb1_4&#8243; _builder_version=\u00bb4.23.4&#8243; _module_preset=\u00bbdefault\u00bb global_colors_info=\u00bb{}\u00bb][et_pb_button button_url=\u00bb#tutoriales2&#8243; button_text=\u00bbT\u00edtulo de turoriales 4&#8243; button_alignment=\u00bbcenter\u00bb _builder_version=\u00bb4.23.4&#8243; _module_preset=\u00bbdefault\u00bb custom_button=\u00bbon\u00bb button_text_color=\u00bb#FFFFFF\u00bb button_border_width=\u00bb8px\u00bb button_border_color=\u00bbRGBA(255,255,255,0)\u00bb button_font=\u00bbmontserrat-medium||||||||\u00bb button_use_icon=\u00bboff\u00bb custom_css_main_element=\u00bb  border-top:none!important;||  border-left: none!important;||  border-right: none!important;\u00bb global_colors_info=\u00bb{}\u00bb button_border_color__hover_enabled=\u00bbon|hover\u00bb button_border_color__hover=\u00bb#0C71C3&#8243;][\/et_pb_button][\/et_pb_column][\/et_pb_row][\/et_pb_section][et_pb_section fb_built=\u00bb1&#8243; admin_label=\u00bbSection\u00bb module_id=\u00bbtutoriales\u00bb _builder_version=\u00bb4.23.4&#8243; _module_preset=\u00bbdefault\u00bb da_popup_slug=\u00bbtutoriales\u00bb da_disable_devices=\u00bboff|off|off\u00bb global_colors_info=\u00bb{}\u00bb da_is_popup=\u00bboff\u00bb da_exit_intent=\u00bboff\u00bb da_has_close=\u00bbon\u00bb da_alt_close=\u00bboff\u00bb da_dark_close=\u00bboff\u00bb da_not_modal=\u00bbon\u00bb da_is_singular=\u00bboff\u00bb da_with_loader=\u00bboff\u00bb da_has_shadow=\u00bbon\u00bb][et_pb_row _builder_version=\u00bb4.23.4&#8243; _module_preset=\u00bbdefault\u00bb global_colors_info=\u00bb{}\u00bb][et_pb_column type=\u00bb4_4&#8243; _builder_version=\u00bb4.23.4&#8243; _module_preset=\u00bbdefault\u00bb global_colors_info=\u00bb{}\u00bb][et_pb_text _builder_version=\u00bb4.24.2&#8243; _module_preset=\u00bbdefault\u00bb text_font=\u00bbmontserrat-medium||||||||\u00bb header_font=\u00bbmontserrat-bold||||||||\u00bb header_text_color=\u00bb#0C71C3&#8243; hover_enabled=\u00bb0&#8243; global_colors_info=\u00bb{}\u00bb sticky_enabled=\u00bb0&#8243;]<\/p>\n<h1>Video tutoriales Moodle 4.1<\/h1>\n<p>Descubre en nuestro Centro de Educaci\u00f3n Virtual una amplia variedad de tutoriales dise\u00f1ados para sacar el m\u00e1ximo provecho de Moodle 4.1, desde sus nuevas herramientas hasta las caracter\u00edsticas m\u00e1s recientes. Aprende paso a paso el uso correcto de esta plataforma a trav\u00e9s de nuestras gu\u00edas especializadas, dise\u00f1adas para potenciar tu experiencia educativa y ayudarte a navegar la nueva interfaz de Moodle 4.1 y mucho m\u00e1s[\/et_pb_text][\/et_pb_column][\/et_pb_row][et_pb_row _builder_version=\u00bb4.23.4&#8243; _module_preset=\u00bbdefault\u00bb custom_padding=\u00bb||0px|||\u00bb global_colors_info=\u00bb{}\u00bb][et_pb_column type=\u00bb4_4&#8243; _builder_version=\u00bb4.23.4&#8243; _module_preset=\u00bbdefault\u00bb global_colors_info=\u00bb{}\u00bb][et_pb_text _builder_version=\u00bb4.23.4&#8243; _module_preset=\u00bbdefault\u00bb text_font=\u00bbmontserrat-medium||||||||\u00bb header_font=\u00bbmontserrat-bold||||||||\u00bb header_text_color=\u00bb#0C71C3&#8243; text_orientation_tablet=\u00bb\u00bb text_orientation_phone=\u00bbcenter\u00bb text_orientation_last_edited=\u00bbon|phone\u00bb global_colors_info=\u00bb{}\u00bb]<\/p>\n<h1>Videos por temas<\/h1>\n<p>[\/et_pb_text][\/et_pb_column][\/et_pb_row][et_pb_row column_structure=\u00bb1_3,1_3,1_3&#8243; _builder_version=\u00bb4.23.4&#8243; _module_preset=\u00bbdefault\u00bb global_colors_info=\u00bb{}\u00bb][et_pb_column type=\u00bb1_3&#8243; _builder_version=\u00bb4.23.4&#8243; _module_preset=\u00bbdefault\u00bb global_colors_info=\u00bb{}\u00bb][et_pb_blurb title=\u00bbNavegaci\u00f3n en la plataforma Moodle 4.1&#8243; url_new_window=\u00bbon\u00bb image=\u00bbhttps:\/\/puceapex.puce.edu.ec\/web\/cev\/wp-content\/uploads\/sites\/12\/2024\/03\/estudiantes-nav1.jpg\u00bb _builder_version=\u00bb4.24.2&#8243; _module_preset=\u00bbdefault\u00bb header_font=\u00bbmontserrat-medium||||||||\u00bb header_text_align=\u00bbcenter\u00bb header_text_color=\u00bb#0c71c3&#8243; image_icon_custom_margin=\u00bb0px||0px||true|false\u00bb image_icon_custom_padding=\u00bb0px||0px||true|false\u00bb link_option_url_new_window=\u00bbon\u00bb hover_enabled=\u00bb0&#8243; global_colors_info=\u00bb{}\u00bb url=\u00bbhttps:\/\/youtu.be\/bYiLFINY8sQ?feature=shared\u00bb link_option_url=\u00bbhttps:\/\/youtu.be\/bYiLFINY8sQ?feature=shared\u00bb sticky_enabled=\u00bb0&#8243; title_text=\u00bbestudiantes-nav1&#8243;][\/et_pb_blurb][\/et_pb_column][et_pb_column type=\u00bb1_3&#8243; _builder_version=\u00bb4.23.4&#8243; _module_preset=\u00bbdefault\u00bb global_colors_info=\u00bb{}\u00bb][et_pb_blurb title=\u00bbParticipar en foro como estudiante en Moodle 4 1&#8243; url_new_window=\u00bbon\u00bb image=\u00bbhttps:\/\/puceapex.puce.edu.ec\/web\/cev\/wp-content\/uploads\/sites\/12\/2024\/03\/estudiantes-participar.jpg\u00bb _builder_version=\u00bb4.24.2&#8243; _module_preset=\u00bbdefault\u00bb header_font=\u00bbmontserrat-medium||||||||\u00bb header_text_align=\u00bbcenter\u00bb header_text_color=\u00bb#0c71c3&#8243; image_icon_custom_margin=\u00bb0px||0px||true|false\u00bb image_icon_custom_padding=\u00bb0px||0px||true|false\u00bb link_option_url_new_window=\u00bbon\u00bb hover_enabled=\u00bb0&#8243; global_colors_info=\u00bb{}\u00bb sticky_enabled=\u00bb0&#8243; title_text=\u00bbestudiantes-participar\u00bb url=\u00bbhttps:\/\/youtu.be\/HVq5u9TB66M?feature=shared\u00bb link_option_url=\u00bbhttps:\/\/youtu.be\/HVq5u9TB66M?feature=shared\u00bb][\/et_pb_blurb][\/et_pb_column][et_pb_column type=\u00bb1_3&#8243; _builder_version=\u00bb4.23.4&#8243; _module_preset=\u00bbdefault\u00bb global_colors_info=\u00bb{}\u00bb][et_pb_blurb title=\u00bbConoce tu aula virtual Moodle 4 1, estudiantes\u00bb url_new_window=\u00bbon\u00bb image=\u00bbhttps:\/\/puceapex.puce.edu.ec\/web\/cev\/wp-content\/uploads\/sites\/12\/2024\/03\/estudiantes-Conoce-tu-aula-virtual-Moodle.jpg\u00bb _builder_version=\u00bb4.24.2&#8243; _module_preset=\u00bbdefault\u00bb header_font=\u00bbmontserrat-medium||||||||\u00bb header_text_align=\u00bbcenter\u00bb header_text_color=\u00bb#0c71c3&#8243; image_icon_custom_margin=\u00bb0px||0px||true|false\u00bb image_icon_custom_padding=\u00bb0px||0px||true|false\u00bb link_option_url_new_window=\u00bbon\u00bb hover_enabled=\u00bb0&#8243; global_colors_info=\u00bb{}\u00bb title_text=\u00bbestudiantes-Conoce-tu-aula-virtual-Moodle\u00bb sticky_enabled=\u00bb0&#8243;][\/et_pb_blurb][\/et_pb_column][\/et_pb_row][et_pb_row column_structure=\u00bb3_4,1_4&#8243; make_equal=\u00bbon\u00bb custom_padding_last_edited=\u00bboff|desktop\u00bb _builder_version=\u00bb4.24.2&#8243; _module_preset=\u00bbdefault\u00bb custom_padding=\u00bb||14px|||\u00bb custom_padding_tablet=\u00bb||||false|false\u00bb hover_enabled=\u00bb0&#8243; custom_css_main_element=\u00bbalign-items:center;\u00bb border_width_bottom=\u00bb1px\u00bb border_color_bottom=\u00bb#e0e0e0&#8243; global_colors_info=\u00bb{}\u00bb disabled_on=\u00bbon|on|on\u00bb disabled=\u00bbon\u00bb sticky_enabled=\u00bb0&#8243;][et_pb_column type=\u00bb3_4&#8243; _builder_version=\u00bb4.23.4&#8243; _module_preset=\u00bbdefault\u00bb global_colors_info=\u00bb{}\u00bb][et_pb_text _builder_version=\u00bb4.23.4&#8243; _module_preset=\u00bbdefault\u00bb text_font=\u00bbmontserrat-medium||||||||\u00bb custom_margin=\u00bb|||50px|false|false\u00bb custom_margin_tablet=\u00bb|||0px|false|false\u00bb custom_margin_phone=\u00bb|||0px|false|false\u00bb custom_margin_last_edited=\u00bbon|tablet\u00bb text_orientation_tablet=\u00bbcenter\u00bb text_orientation_phone=\u00bbcenter\u00bb text_orientation_last_edited=\u00bbon|tablet\u00bb module_alignment_tablet=\u00bbcenter\u00bb module_alignment_phone=\u00bbcenter\u00bb module_alignment_last_edited=\u00bbon|tablet\u00bb global_colors_info=\u00bb{}\u00bb]<\/p>\n<p>Agregar Archivo<\/p>\n<p>[\/et_pb_text][\/et_pb_column][et_pb_column type=\u00bb1_4&#8243; _builder_version=\u00bb4.23.4&#8243; _module_preset=\u00bbdefault\u00bb global_colors_info=\u00bb{}\u00bb][et_pb_button button_url=\u00bbhttps:\/\/youtu.be\/kVqV2bvplwA\u00bb url_new_window=\u00bbon\u00bb button_text=\u00bbVer\u00bb button_alignment=\u00bbcenter\u00bb button_alignment_last_edited=\u00bboff|tablet\u00bb _builder_version=\u00bb4.23.4&#8243; _module_preset=\u00bbdefault\u00bb custom_button=\u00bbon\u00bb button_text_size=\u00bb14px\u00bb button_text_color=\u00bb#00a0dd\u00bb button_bg_color=\u00bb#FFFFFF\u00bb button_border_width=\u00bb1px\u00bb button_border_color=\u00bb#00a0dd\u00bb button_border_radius=\u00bb30px\u00bb button_use_icon=\u00bboff\u00bb global_colors_info=\u00bb{}\u00bb button_bg_color__hover_enabled=\u00bbon|desktop\u00bb button_bg_color__hover=\u00bb#00a0dd\u00bb button_bg_enable_color__hover=\u00bbon\u00bb button_border_color__hover_enabled=\u00bbon|hover\u00bb button_border_color__hover=\u00bb#00a0dd\u00bb button_text_color__hover_enabled=\u00bbon|hover\u00bb button_text_color__hover=\u00bb#FFFFFF\u00bb][\/et_pb_button][\/et_pb_column][\/et_pb_row][\/et_pb_section][et_pb_section fb_built=\u00bb1&#8243; disabled_on=\u00bbon|on|on\u00bb admin_label=\u00bbSection\u00bb module_id=\u00bbtutoriales1&#8243; _builder_version=\u00bb4.23.4&#8243; _module_preset=\u00bbdefault\u00bb da_popup_slug=\u00bbtutoriales1&#8243; da_disable_devices=\u00bboff|off|off\u00bb disabled=\u00bbon\u00bb global_colors_info=\u00bb{}\u00bb da_is_popup=\u00bboff\u00bb da_exit_intent=\u00bboff\u00bb da_has_close=\u00bbon\u00bb da_alt_close=\u00bboff\u00bb da_dark_close=\u00bboff\u00bb da_not_modal=\u00bbon\u00bb da_is_singular=\u00bboff\u00bb da_with_loader=\u00bboff\u00bb da_has_shadow=\u00bbon\u00bb][et_pb_row _builder_version=\u00bb4.23.4&#8243; _module_preset=\u00bbdefault\u00bb global_colors_info=\u00bb{}\u00bb][et_pb_column type=\u00bb4_4&#8243; _builder_version=\u00bb4.23.4&#8243; _module_preset=\u00bbdefault\u00bb global_colors_info=\u00bb{}\u00bb][et_pb_text _builder_version=\u00bb4.23.4&#8243; _module_preset=\u00bbdefault\u00bb text_font=\u00bbmontserrat-medium||||||||\u00bb header_font=\u00bbmontserrat-bold||||||||\u00bb header_text_color=\u00bb#0C71C3&#8243; global_colors_info=\u00bb{}\u00bb]<\/p>\n<h1>T\u00edtulo Tutoriales 1 <\/h1>\n<p>Capaz alguna descripci\u00f3n de que trata el tutorial lorem ipsum lorem ipsum etc[\/et_pb_text][\/et_pb_column][\/et_pb_row][et_pb_row column_structure=\u00bb1_3,1_3,1_3&#8243; _builder_version=\u00bb4.23.4&#8243; _module_preset=\u00bbdefault\u00bb global_colors_info=\u00bb{}\u00bb][et_pb_column type=\u00bb1_3&#8243; _builder_version=\u00bb4.23.4&#8243; _module_preset=\u00bbdefault\u00bb global_colors_info=\u00bb{}\u00bb][et_pb_blurb title=\u00bbNombre del Tutorial\u00bb url_new_window=\u00bbon\u00bb image=\u00bbhttps:\/\/puceapex.puce.edu.ec\/web\/cev\/wp-content\/uploads\/sites\/12\/2022\/08\/22-2.png\u00bb _builder_version=\u00bb4.23.4&#8243; _module_preset=\u00bbdefault\u00bb header_font=\u00bbmontserrat-medium||||||||\u00bb header_text_align=\u00bbcenter\u00bb header_text_color=\u00bb#0c71c3&#8243; image_icon_custom_margin=\u00bb0px||0px||true|false\u00bb image_icon_custom_padding=\u00bb0px||0px||true|false\u00bb link_option_url_new_window=\u00bbon\u00bb global_colors_info=\u00bb{}\u00bb][\/et_pb_blurb][\/et_pb_column][et_pb_column type=\u00bb1_3&#8243; _builder_version=\u00bb4.23.4&#8243; _module_preset=\u00bbdefault\u00bb global_colors_info=\u00bb{}\u00bb][et_pb_blurb title=\u00bbNombre del Tutorial\u00bb url_new_window=\u00bbon\u00bb image=\u00bbhttps:\/\/puceapex.puce.edu.ec\/web\/cev\/wp-content\/uploads\/sites\/12\/2022\/08\/22-2.png\u00bb _builder_version=\u00bb4.23.4&#8243; _module_preset=\u00bbdefault\u00bb header_font=\u00bbmontserrat-medium||||||||\u00bb header_text_align=\u00bbcenter\u00bb header_text_color=\u00bb#0c71c3&#8243; image_icon_custom_margin=\u00bb0px||0px||true|false\u00bb image_icon_custom_padding=\u00bb0px||0px||true|false\u00bb link_option_url_new_window=\u00bbon\u00bb global_colors_info=\u00bb{}\u00bb][\/et_pb_blurb][\/et_pb_column][et_pb_column type=\u00bb1_3&#8243; _builder_version=\u00bb4.23.4&#8243; _module_preset=\u00bbdefault\u00bb global_colors_info=\u00bb{}\u00bb][et_pb_blurb title=\u00bbNombre del Tutorial\u00bb url_new_window=\u00bbon\u00bb image=\u00bbhttps:\/\/puceapex.puce.edu.ec\/web\/cev\/wp-content\/uploads\/sites\/12\/2022\/08\/22-2.png\u00bb _builder_version=\u00bb4.23.4&#8243; _module_preset=\u00bbdefault\u00bb header_font=\u00bbmontserrat-medium||||||||\u00bb header_text_align=\u00bbcenter\u00bb header_text_color=\u00bb#0c71c3&#8243; image_icon_custom_margin=\u00bb0px||0px||true|false\u00bb image_icon_custom_padding=\u00bb0px||0px||true|false\u00bb link_option_url_new_window=\u00bbon\u00bb global_colors_info=\u00bb{}\u00bb][\/et_pb_blurb][\/et_pb_column][\/et_pb_row][\/et_pb_section][et_pb_section fb_built=\u00bb1&#8243; disabled_on=\u00bbon|on|on\u00bb admin_label=\u00bbSection\u00bb module_id=\u00bbtutoriales2&#8243; _builder_version=\u00bb4.23.4&#8243; _module_preset=\u00bbdefault\u00bb background_color=\u00bb#e9f3fb\u00bb da_popup_slug=\u00bbtutoriales2&#8243; da_disable_devices=\u00bboff|off|off\u00bb disabled=\u00bbon\u00bb global_colors_info=\u00bb{}\u00bb da_is_popup=\u00bboff\u00bb da_exit_intent=\u00bboff\u00bb da_has_close=\u00bbon\u00bb da_alt_close=\u00bboff\u00bb da_dark_close=\u00bboff\u00bb da_not_modal=\u00bbon\u00bb da_is_singular=\u00bboff\u00bb da_with_loader=\u00bboff\u00bb da_has_shadow=\u00bbon\u00bb][et_pb_row _builder_version=\u00bb4.23.4&#8243; _module_preset=\u00bbdefault\u00bb global_colors_info=\u00bb{}\u00bb][et_pb_column type=\u00bb4_4&#8243; _builder_version=\u00bb4.23.4&#8243; _module_preset=\u00bbdefault\u00bb global_colors_info=\u00bb{}\u00bb][et_pb_text _builder_version=\u00bb4.23.4&#8243; _module_preset=\u00bbdefault\u00bb text_font=\u00bbmontserrat-medium||||||||\u00bb header_font=\u00bbmontserrat-bold||||||||\u00bb header_text_color=\u00bb#0C71C3&#8243; global_colors_info=\u00bb{}\u00bb]<\/p>\n<h1>T\u00edtulo Tutoriales 2<\/h1>\n<p>Capaz alguna descripci\u00f3n de que trata el tutorial lorem ipsum lorem ipsum etc<\/p>\n<p>[\/et_pb_text][\/et_pb_column][\/et_pb_row][et_pb_row column_structure=\u00bb1_3,1_3,1_3&#8243; _builder_version=\u00bb4.23.4&#8243; _module_preset=\u00bbdefault\u00bb global_colors_info=\u00bb{}\u00bb][et_pb_column type=\u00bb1_3&#8243; _builder_version=\u00bb4.23.4&#8243; _module_preset=\u00bbdefault\u00bb global_colors_info=\u00bb{}\u00bb][et_pb_blurb title=\u00bbNombre del Tutorial\u00bb url_new_window=\u00bbon\u00bb image=\u00bbhttps:\/\/puceapex.puce.edu.ec\/web\/cev\/wp-content\/uploads\/sites\/12\/2022\/08\/23-2.png\u00bb _builder_version=\u00bb4.23.4&#8243; _module_preset=\u00bbdefault\u00bb header_font=\u00bbmontserrat-medium||||||||\u00bb header_text_align=\u00bbcenter\u00bb header_text_color=\u00bb#0c71c3&#8243; image_icon_custom_margin=\u00bb0px||0px||true|false\u00bb image_icon_custom_padding=\u00bb0px||0px||true|false\u00bb link_option_url_new_window=\u00bbon\u00bb global_colors_info=\u00bb{}\u00bb][\/et_pb_blurb][\/et_pb_column][et_pb_column type=\u00bb1_3&#8243; _builder_version=\u00bb4.23.4&#8243; _module_preset=\u00bbdefault\u00bb global_colors_info=\u00bb{}\u00bb][et_pb_blurb title=\u00bbNombre del Tutorial\u00bb url_new_window=\u00bbon\u00bb image=\u00bbhttps:\/\/puceapex.puce.edu.ec\/web\/cev\/wp-content\/uploads\/sites\/12\/2022\/08\/23-2.png\u00bb _builder_version=\u00bb4.23.4&#8243; _module_preset=\u00bbdefault\u00bb header_font=\u00bbmontserrat-medium||||||||\u00bb header_text_align=\u00bbcenter\u00bb header_text_color=\u00bb#0c71c3&#8243; image_icon_custom_margin=\u00bb0px||0px||true|false\u00bb image_icon_custom_padding=\u00bb0px||0px||true|false\u00bb link_option_url_new_window=\u00bbon\u00bb global_colors_info=\u00bb{}\u00bb][\/et_pb_blurb][\/et_pb_column][et_pb_column type=\u00bb1_3&#8243; _builder_version=\u00bb4.23.4&#8243; _module_preset=\u00bbdefault\u00bb global_colors_info=\u00bb{}\u00bb][et_pb_blurb title=\u00bbNombre del Tutorial\u00bb url_new_window=\u00bbon\u00bb image=\u00bbhttps:\/\/puceapex.puce.edu.ec\/web\/cev\/wp-content\/uploads\/sites\/12\/2022\/08\/23-2.png\u00bb _builder_version=\u00bb4.23.4&#8243; _module_preset=\u00bbdefault\u00bb header_font=\u00bbmontserrat-medium||||||||\u00bb header_text_align=\u00bbcenter\u00bb header_text_color=\u00bb#0c71c3&#8243; image_icon_custom_margin=\u00bb0px||0px||true|false\u00bb image_icon_custom_padding=\u00bb0px||0px||true|false\u00bb link_option_url_new_window=\u00bbon\u00bb global_colors_info=\u00bb{}\u00bb][\/et_pb_blurb][\/et_pb_column][\/et_pb_row][\/et_pb_section]<\/p>\n","protected":false},"excerpt":{"rendered":"<p>\u00a1Potencia tu experienciaeducativa con el CEV!\u00a1Explora las posibilidades de Moodle 4.1 en el Centro de Educaci\u00f3n Virtual! Domina su uso con nuestros tutoriales especializados, que te guiar\u00e1n en cada paso para sacar el m\u00e1ximo provecho de esta plataforma y mejorar tu experiencia de aprendizaje.Video tutoriales Moodle 4.1 Descubre en nuestro Centro de Educaci\u00f3n Virtual una [&hellip;]<\/p>\n","protected":false},"author":13,"featured_media":0,"parent":0,"menu_order":0,"comment_status":"closed","ping_status":"closed","template":"","meta":{"_et_pb_use_builder":"on","_et_pb_old_content":"","_et_gb_content_width":"","inline_featured_image":false,"footnotes":""},"_links":{"self":[{"href":"https:\/\/puceapex.puce.edu.ec\/web\/cev\/wp-json\/wp\/v2\/pages\/19702"}],"collection":[{"href":"https:\/\/puceapex.puce.edu.ec\/web\/cev\/wp-json\/wp\/v2\/pages"}],"about":[{"href":"https:\/\/puceapex.puce.edu.ec\/web\/cev\/wp-json\/wp\/v2\/types\/page"}],"author":[{"embeddable":true,"href":"https:\/\/puceapex.puce.edu.ec\/web\/cev\/wp-json\/wp\/v2\/users\/13"}],"replies":[{"embeddable":true,"href":"https:\/\/puceapex.puce.edu.ec\/web\/cev\/wp-json\/wp\/v2\/comments?post=19702"}],"version-history":[{"count":3,"href":"https:\/\/puceapex.puce.edu.ec\/web\/cev\/wp-json\/wp\/v2\/pages\/19702\/revisions"}],"predecessor-version":[{"id":19729,"href":"https:\/\/puceapex.puce.edu.ec\/web\/cev\/wp-json\/wp\/v2\/pages\/19702\/revisions\/19729"}],"wp:attachment":[{"href":"https:\/\/puceapex.puce.edu.ec\/web\/cev\/wp-json\/wp\/v2\/media?parent=19702"}],"curies":[{"name":"wp","href":"https:\/\/api.w.org\/{rel}","templated":true}]}}