{"id":109,"date":"2020-06-03T00:16:23","date_gmt":"2020-06-03T00:16:23","guid":{"rendered":"https:\/\/puceapex.puce.edu.ec\/web\/cev\/?page_id=109"},"modified":"2022-08-11T19:31:34","modified_gmt":"2022-08-11T19:31:34","slug":"lineamientos-de-uso-de-aulas-virtuales","status":"publish","type":"page","link":"https:\/\/puceapex.puce.edu.ec\/web\/cev\/lineamientos-de-uso-de-aulas-virtuales\/","title":{"rendered":"Lineamientos de uso de aulas virtuales"},"content":{"rendered":"<p>[et_pb_section fb_built=\u00bb1&#8243; _builder_version=\u00bb4.16&#8243; background_enable_image=\u00bboff\u00bb min_height=\u00bb3652px\u00bb custom_padding=\u00bb|2px||||\u00bb custom_css_main_element=\u00bbheight:calc(100vh);\u00bb da_disable_devices=\u00bboff|off|off\u00bb global_colors_info=\u00bb{}\u00bb theme_builder_area=\u00bbpost_content\u00bb da_is_popup=\u00bboff\u00bb da_exit_intent=\u00bboff\u00bb da_has_close=\u00bbon\u00bb da_alt_close=\u00bboff\u00bb da_dark_close=\u00bboff\u00bb da_not_modal=\u00bbon\u00bb da_is_singular=\u00bboff\u00bb da_with_loader=\u00bboff\u00bb da_has_shadow=\u00bbon\u00bb][et_pb_row column_structure=\u00bb1_2,1_2&#8243; _builder_version=\u00bb4.16&#8243; width=\u00bb90%\u00bb max_width=\u00bb1280px\u00bb min_height=\u00bb248px\u00bb custom_margin=\u00bb0px||0px||false|false\u00bb custom_padding=\u00bb0px||26px||false|false\u00bb global_colors_info=\u00bb{}\u00bb theme_builder_area=\u00bbpost_content\u00bb][et_pb_column type=\u00bb1_2&#8243; _builder_version=\u00bb4.16&#8243; global_colors_info=\u00bb{}\u00bb theme_builder_area=\u00bbpost_content\u00bb][et_pb_text _builder_version=\u00bb4.16&#8243; global_colors_info=\u00bb{}\u00bb theme_builder_area=\u00bbpost_content\u00bb]<\/p>\n<h5><strong>Antecedentes<\/strong><\/h5>\n<p style=\"text-align: justify;\">El Centro de Educaci\u00f3n Virtual CEV tiene como objetivo brindar todos los procesos, infraestructura y servicios necesarios para apoyar el uso adecuado de tecnolog\u00eda educativa en todas las modalidades de estudio y \u00e1reas estrat\u00e9gica de la PUCE, en consecuencia, para brindar un servicio de calidad y acorde a los requerimientos institucionales es necesario establecer lineamientos que determinen el uso t\u00e9cnico y administrativo de las aulas virtuales.<\/p>\n<p>[\/et_pb_text][\/et_pb_column][et_pb_column type=\u00bb1_2&#8243; _builder_version=\u00bb4.16&#8243; global_colors_info=\u00bb{}\u00bb theme_builder_area=\u00bbpost_content\u00bb][et_pb_code _builder_version=\u00bb4.16&#8243; global_colors_info=\u00bb{}\u00bb theme_builder_area=\u00bbpost_content\u00bb]<iframe loading=\"lazy\" width=\"560\" height=\"315\" src=\"https:\/\/www.youtube.com\/embed\/pkecoCVFt3g\" frameborder=\"0\" allow=\"accelerometer; autoplay; encrypted-media; gyroscope; picture-in-picture\" allowfullscreen><\/iframe>[\/et_pb_code][\/et_pb_column][\/et_pb_row][et_pb_row _builder_version=\u00bb4.16&#8243; width=\u00bb90%\u00bb max_width=\u00bb1280px\u00bb custom_margin=\u00bb||||false|false\u00bb custom_padding=\u00bb0px|||||\u00bb global_colors_info=\u00bb{}\u00bb theme_builder_area=\u00bbpost_content\u00bb][et_pb_column type=\u00bb4_4&#8243; _builder_version=\u00bb4.16&#8243; global_colors_info=\u00bb{}\u00bb theme_builder_area=\u00bbpost_content\u00bb][et_pb_text _builder_version=\u00bb4.16&#8243; width=\u00bb100%\u00bb min_height=\u00bb303px\u00bb custom_margin=\u00bb|264px|31px|||\u00bb custom_padding=\u00bb|3px||||\u00bb global_colors_info=\u00bb{}\u00bb theme_builder_area=\u00bbpost_content\u00bb]<\/p>\n<p style=\"text-align: justify;\">\n<p style=\"text-align: justify;\">Actualmente la PUCE cuenta con un Entorno Virtual de Aprendizaje (EVA) que brinda apoyo a los procesos de aprendizaje, ense\u00f1anza y comunicaci\u00f3n entre el docente y el estudiante. El Campus Virtual de la PUCE funciona en la plataforma MOODLE, este recurso permite a los docentes gestionar de manera innovadora una serie de herramientas y recursos estructurados, que resultan valiosos para los estudiantes y brinda herramientas para un proceso de aprendizaje organizado que facilita el acceso a sus materiales de estudio y el an\u00e1lisis de sus progresos acad\u00e9micos. Es as\u00ed que la integraci\u00f3n de la tecnolog\u00eda educativa permite establecer una comunicaci\u00f3n e interacci\u00f3n multidireccional alumno-docente, efectiva, eficiente y permanente.<\/p>\n<p style=\"text-align: justify;\">Todos los recursos, actividades y procesos que se desarrollan en la plataforma Moodle-PUCE se hallan amparados en los principios y filosof\u00eda de la PUCE, por ello se tomar\u00e1n en consideraci\u00f3n siempre y de manera obligatoria los siguientes lineamientos.<\/p>\n<p style=\"text-align: justify;\"><span><strong><span style=\"color: #00c3db;\">Lineamientos generales<\/span><\/strong><\/span><\/p>\n<ol style=\"text-align: justify;\">\n<li>Todas las asignaturas de todas las modalidades educativas que se llevan a cabo en la PUCE: presencial, semipresencial y virtual (poseer\u00e1n) contar\u00e1n con aulas virtuales, como herramientas de apoyo para el desarrollo del proceso educativo.<\/li>\n<li><span>Todas las aulas virtuales de la PUCE, en medida de sus funciones y necesidades, deber\u00e1n presentar los siguientes m\u00ednimos en su estructura b\u00e1sica, la misma que se presentar\u00e1 como aula base, desde su creaci\u00f3n en la plataforma:<\/span><\/li>\n<\/ol>\n<ul style=\"text-align: justify;\">\n<li><strong>S\u00edlabo <\/strong>(hasta finalizar configuraciones con banner)<\/li>\n<li><strong>Datos y contacto del docente<\/strong> como nombres, mail, horarios de atenci\u00f3n, datos acad\u00e9micos, etc.<\/li>\n<li><strong>Recursos de aprendizaje<\/strong>: materiales, actividades y evaluaciones (organizados por m\u00f3dulos, temas, unidades, etc.), en concordancia con la distribuci\u00f3n de contenidos que se presente en el s\u00edlabo. La estructura b\u00e1sica recomendada se halla ya dise\u00f1ada en todas las aulas por default.<\/li>\n<li><strong>Videoconferencia,<\/strong> en caso de no poder realizar clases presenciales, esta actividad sincr\u00f3nica remplazar\u00e1 la hora de clase presencial y para su efecto se emplear\u00e1n herramientas y procesos designados por la PUCE, pudiendo ser estas con las herramientas Teams o Zoom.<\/li>\n<li><strong>Espacios de trabajo colaborativo<\/strong> entre estudiantes para fomentar las comunidades de aprendizaje, pudiendo ser estas foros acad\u00e9micos, actividades de trabajo en grupo o similares.<\/li>\n<li><strong>Material de apoyo<\/strong> para procesos de aprendizaje para estudiantes.<\/li>\n<li><strong>Libreta de calificaci\u00f3n<\/strong> con detalle de per\u00edodos y examen final.<\/li>\n<\/ul>\n<h5 style=\"text-align: justify;\"><strong>Seguridad<\/strong><\/h5>\n<ul style=\"text-align: justify;\">\n<li>El manejo de contrase\u00f1as y claves de acceso en general, su uso apropiado y medidas de seguridad son de exclusiva responsabilidad de cada usuario.<\/li>\n<li>En caso de presentarse irregularidades respecto al uso de accesos, debe comunicarse de manera inmediata al CEV o a la Direcci\u00f3n de Tecnolog\u00eda, por los canales habilitados para el efecto<\/li>\n<\/ul>\n<p style=\"text-align: justify;\"><strong style=\"color: #44c3da; font-size: 16px;\">Recursos y almacenamiento<\/strong><\/p>\n<p style=\"text-align: justify;\"><em style=\"font-size: 14px;\">Tama\u00f1o de archivos en las aulas virtuales:<\/em><\/p>\n<ul style=\"text-align: justify;\">\n<li>El tama\u00f1o m\u00e1ximo de cada archivo almacenado en el aula virtual ser\u00e1 de 50 Mb.<\/li>\n<li>En el caso de requerir archivos con pesos mayores a los 50 Mb se recomienda que los docentes expliquen a sus estudiantes, el uso compartido de archivos desde OneDrive, para que puedan llevar un mejor control con sus trabajos. Dichos archivos se compartir\u00e1n a trav\u00e9s de un enlace que ser\u00e1 cargado en la plataforma Moodle para evidencia y seguimiento del docente.<\/li>\n<li>En caso excepcional de necesitar almacenar archivos de mayor tama\u00f1o, solicitar apoyo al Centro de Educaci\u00f3n Virtual para analizar las posibles opciones.<\/li>\n<\/ul>\n<h5 style=\"text-align: justify;\"><strong>Permanencia de contenidos<\/strong><\/h5>\n<ul style=\"text-align: justify;\">\n<li>En los casos de grado, idiomas, cursos de admisi\u00f3n y cursos especializados, los contenidos (recursos, actividades, materiales, etc.) en aulas virtuales de las asignaturas quedar\u00e1n disponibles durante un semestre para que los docentes puedan revisar o retomar sus recursos para per\u00edodos acad\u00e9micos nuevos, posteriormente a esa fecha se dar\u00e1n de baja de la plataforma y se almacenar\u00e1n en otros espacios.<\/li>\n<li>En los casos de posgrado y semipresencial, los contenidos (recursos, actividades, materiales, etc.) en aulas virtuales de las asignaturas quedar\u00e1n disponibles durante el a\u00f1o acad\u00e9mico vigente para que los docentes puedan revisar o retomar recursos para per\u00edodos acad\u00e9micos nuevos, posteriormente a esa fecha se dar\u00e1n de baja de la plataforma y se almacenar\u00e1n en otros espacios.<\/li>\n<li>Posterior a estas fechas, si se requiere materiales de aulas dadas de baja se realizar\u00e1 una solicitud al CEV.<\/li>\n<li>En caso que el docente necesite recuperar recursos de 2 a\u00f1os anteriores a los tiempos especificados en los lineamientos, estos se podr\u00e1n realizar con un proceso particular.<\/li>\n<li>Es importante que el docente conozca que puede descargar en espacios personales sus recursos educativos empleados en sus aulas virtuales al finalizar cada semestre, para emplearlos en los pr\u00f3ximos semestres.<\/li>\n<li>Los lineamientos del presente documento regir\u00e1n a partir del segundo per\u00edodo acad\u00e9mico ordinario del a\u00f1o 2020.<\/li>\n<\/ul>\n<h5 style=\"text-align: justify;\"><strong>Videoconferencias<\/strong><\/h5>\n<ul style=\"text-align: justify;\">\n<li>Las videoconferencias se realizar\u00e1n mediante las herramientas Zoom o Microsoft Teams, las grabaciones podr\u00e1n ser compartidas con los estudiantes, utilizando diferentes medios como descargas directas, uso de Microsoft Stream, OneDrive o Canales personales de YouTube.<\/li>\n<li>El proceso de grabaci\u00f3n y descarga de los archivos de Zoom se realizar\u00e1 de manera local (equipos personales del docente).<\/li>\n<li>El proceso de grabaci\u00f3n y descarga de los archivos de Microsoft Teams, se realizar\u00e1 de manera autom\u00e1tica en un canal de Microsoft Stream.\u00a0<\/li>\n<\/ul>\n<h5 style=\"text-align: justify;\"><strong>Evaluaci\u00f3n docente y servicios<\/strong><\/h5>\n<ul style=\"text-align: justify;\">\n<li>Desde la propia base de datos de la plataforma Moodle se obtendr\u00e1n reportes sobre el proceso de ense\u00f1anza-aprendizaje que se desarrolla en la plataforma, estos datos ser\u00e1n enviados peri\u00f3dicamente a los coordinadores y decanos para la evaluaci\u00f3n respectiva.<\/li>\n<li>El aula virtual cuenta con informes para realizar el seguimiento al progreso acad\u00e9mico de los estudiantes, el docente debe hacer uso de estos informes para tomar acciones en su pr\u00e1ctica docente, a fin de retroalimentar de manera oportuna, acompa\u00f1ar al estudiante y reportar los casos de estudiantes con dificultades en el rendimiento acad\u00e9mico a los departamentos correspondientes.<\/li>\n<li>Las solicitudes de creaci\u00f3n de aulas virtuales para diferentes procesos deben realizarse m\u00ednimo con 48 horas de anticipaci\u00f3n, con conocimiento de los coordinadores acad\u00e9micos respectivos.<\/li>\n<\/ul>\n<h5 style=\"text-align: justify;\"><strong>Comunicaci\u00f3n<\/strong><\/h5>\n<p style=\"text-align: justify;\">El docente mantendr\u00e1 comunicaci\u00f3n permanente con el estudiante a trav\u00e9s del uso de las herramientas del aula virtual:<\/p>\n<ul style=\"text-align: justify;\">\n<li><strong>Foro de Anuncios:<\/strong> espacio gestionado por el docente para publicar informaci\u00f3n general que sea \u00fatil al estudiante sobre el proceso de ense\u00f1anza-aprendizaje en curso.<\/li>\n<li><strong>Mensajer\u00eda:<\/strong> a trav\u00e9s de esta herramienta el docente puede enviar mensajes de forma individual a sus estudiantes y recibir mensajes. Es obligaci\u00f3n del docente responder de manera oportuna a las inquietudes y solicitudes de sus estudiantes.<\/li>\n<li><strong>Correo interno de plataforma:<\/strong> a trav\u00e9s de esta herramienta el docente puede enviar y recibir mensajes con archivos adjuntos de sus estudiantes. Es obligaci\u00f3n del docente responder de manera oportuna a las inquietudes y solicitudes de sus estudiantes.<\/li>\n<\/ul>\n<h5 style=\"text-align: justify;\"><strong>Libreta de calificaciones<\/strong><\/h5>\n<p style=\"text-align: justify;\">La calificaci\u00f3n de las actividades de aprendizaje en el aula virtual es obligatoria y en coherencia con el Reglamento General de Estudiantes, se contemplar\u00e1n las siguientes directrices:<\/p>\n<ul style=\"text-align: justify;\">\n<li>El docente asigna la valoraci\u00f3n a las actividades de aprendizaje acorde a la reglamentaci\u00f3n.<\/li>\n<li>El docente debe asociar las actividades de aprendizaje que corresponde a cada nota sea (categor\u00eda) nota parcial o nota final.<\/li>\n<li>En el caso de salidas de campo y pr\u00e1cticas el docente debe configurar en la plataforma una actividad que le permita al estudiante entregar las evidencias del trabajo desarrollado para su calificaci\u00f3n.<\/li>\n<li>Las aulas virtuales de Teor\u00eda y Pr\u00e1ctica tendr\u00e1n las mismas categor\u00edas de calificaci\u00f3n (parcial y nota final)<\/li>\n<li>El docente podr\u00e1 crear categor\u00edas adicionales a las que constan en el calificador del aula virtual.<\/li>\n<\/ul>\n<h5 style=\"text-align: justify;\"><strong>Asignaturas virtuales<\/strong><\/h5>\n<ul style=\"text-align: justify;\">\n<li>En el caso de asignaturas virtuales, de conformidad con el Reglamento General de Estudiantes, todas las actividades ser\u00e1n evaluadas sobre 50 puntos, incluido el examen final.<\/li>\n<li>Las actividades en las asignaturas virtuales ser\u00e1n pre configuradas y asociadas a las categor\u00edas de calificaci\u00f3n (parcial, nota final) el docente no interviene en esta actividad.<\/li>\n<\/ul>\n<h5 style=\"text-align: justify;\"><strong>Restauraci\u00f3n de aulas<\/strong><\/h5>\n<ul style=\"text-align: justify;\">\n<li>Es responsabilidad del docente la gesti\u00f3n de las copias de seguridad de las asignaturas de sus aulas virtuales.<\/li>\n<li>La restauraci\u00f3n de las copias de seguridad en las aulas virtuales del siguiente semestre es gesti\u00f3n del docente.<\/li>\n<li>En las asignaturas en l\u00ednea el proceso de restauraci\u00f3n de las aulas virtuales ser\u00e1 autom\u00e1tico, sin intervenci\u00f3n del docente.<\/li>\n<li>\n<p>Las aulas virtuales a restaurar no deben sobrepasar los 250Mb de peso, de ser el caso se recomienda compartir videos y recursos desde la nube hacia el aula virtual y no colgarla directamente en la misma.<\/p>\n<\/li>\n<\/ul>\n<h5 style=\"text-align: justify;\"><strong>Derechos de uso<\/strong><\/h5>\n<ul style=\"text-align: justify;\">\n<li>Los derechos de dise\u00f1o, contenido y metodolog\u00eda de las maestr\u00edas en l\u00ednea, cursos de educaci\u00f3n continua derivados de maestr\u00edas y materias virtualizadas por el CEV son de propiedad y por tanto uso exclusivo de la Pontificia Universidad Cat\u00f3lica del Ecuador, queda prohibida su reproducci\u00f3n parcial o total.<\/li>\n<li>Es responsabilidad del docente velar por la legalidad y trasparencia de los derechos de autor del contenido de sus aulas.<\/li>\n<li>Todos los contenidos y acciones desarrollados en las aulas virtuales deben estar comprometidos con la filosof\u00eda de la PUCE.<\/li>\n<li>\n<p>Las aulas virtuales a restaurar no deben sobrepasar los 250Mb de peso, de ser el caso se recomienda compartir videos y recursos desde la nube hacia el aula virtual y no colgarla directamente en la misma.<\/p>\n<\/li>\n<\/ul>\n<h5 style=\"text-align: justify;\"><strong>Creaci\u00f3n de aulas regulares<\/strong><\/h5>\n<ul style=\"text-align: justify;\">\n<li>Todas las aulas se crear\u00e1n de acuerdo a la planificaci\u00f3n acad\u00e9mica y su creaci\u00f3n partir\u00e1 de los datos de Banner, las aulas que no tienen registro en banner o no tienen profesores asignados no se pueden crear, los coordinadores acad\u00e9micos son responsables de este proceso.<\/li>\n<\/ul>\n<h5 style=\"text-align: justify;\"><strong>Soporte y acciones en plataforma<\/strong><\/h5>\n<ul style=\"text-align: justify;\">\n<li>En caso de presentar inconvenientes con la plataforma, es necesario que se realice una captura de pantalla como evidencia del error para que pueda ser validado por los especialistas.<\/li>\n<li>Las auditorias de plataforma por inconvenientes con actividades y procesos se realizar\u00e1n \u00fanicamente bajo pedido del docente.<\/li>\n<li>El soporte funcional y did\u00e1ctico de las aulas virtuales es responsabilidad del Centro de Educaci\u00f3n Virtual, en el caso de que el docente o el estudiante necesiten ayuda pueden comunicarse a:<\/li>\n<\/ul>\n<p style=\"text-align: justify;\">Soporte aulas virtuales: <span><a href=\"mailto:soportevirtual@puce.edu.ec\">soportevirtual@puce.edu.ec<\/a><\/span><\/p>\n<p style=\"text-align: justify;\">El soporte apoyar\u00e1 a los usuarios en temas relacionados con:<\/p>\n<ul style=\"text-align: justify;\">\n<li>Ingreso a plataforma<\/li>\n<li>Contrase\u00f1as<\/li>\n<li>Reportes<\/li>\n<li>Administraci\u00f3n de aulas<\/li>\n<li>Ingreso y dep\u00f3sito de trabajos<\/li>\n<li>Dificultades con actividades y secciones fijas modulares<\/li>\n<li>Descarga de herramientas y recursos, entre otros.<\/li>\n<\/ul>\n<p style=\"text-align: justify;\"><span style=\"font-size: 14px;\">El CEV pone a disposici\u00f3n del docente recursos de apoyo para el uso funcional de sus aulas virtuales, es responsabilidad del docente acceder a estos recursos a trav\u00e9s del sitio web: <\/span><span style=\"font-size: 14px;\"><a href=\"https:\/\/puceapex.puce.edu.ec\/web\/cev\/\">https:\/\/puceapex.puce.edu.ec\/web\/cev\/<\/a><\/span><\/p>\n<p><strong><\/strong><\/p>\n<p>[\/et_pb_text][et_pb_text _builder_version=\u00bb4.16&#8243; global_colors_info=\u00bb{}\u00bb theme_builder_area=\u00bbpost_content\u00bb]<\/p>\n<p><span style=\"font-size: large\">Para m\u00e1s informaci\u00f3n cont\u00e1ctanos a <a href=\"mailto:soportevirtual@puce.edu.ec\">soportevirtual@puce.edu.ec<\/a><\/span><\/p>\n<p>[\/et_pb_text][\/et_pb_column][\/et_pb_row][\/et_pb_section]<\/p>\n","protected":false},"excerpt":{"rendered":"<p>Antecedentes El Centro de Educaci\u00f3n Virtual CEV tiene como objetivo brindar todos los procesos, infraestructura y servicios necesarios para apoyar el uso adecuado de tecnolog\u00eda educativa en todas las modalidades de estudio y \u00e1reas estrat\u00e9gica de la PUCE, en consecuencia, para brindar un servicio de calidad y acorde a los requerimientos institucionales es necesario establecer [&hellip;]<\/p>\n","protected":false},"author":13,"featured_media":0,"parent":0,"menu_order":0,"comment_status":"closed","ping_status":"closed","template":"","meta":{"_et_pb_use_builder":"on","_et_pb_old_content":"<!-- wp:divi\/placeholder \/-->","_et_gb_content_width":"","inline_featured_image":false,"footnotes":""},"_links":{"self":[{"href":"https:\/\/puceapex.puce.edu.ec\/web\/cev\/wp-json\/wp\/v2\/pages\/109"}],"collection":[{"href":"https:\/\/puceapex.puce.edu.ec\/web\/cev\/wp-json\/wp\/v2\/pages"}],"about":[{"href":"https:\/\/puceapex.puce.edu.ec\/web\/cev\/wp-json\/wp\/v2\/types\/page"}],"author":[{"embeddable":true,"href":"https:\/\/puceapex.puce.edu.ec\/web\/cev\/wp-json\/wp\/v2\/users\/13"}],"replies":[{"embeddable":true,"href":"https:\/\/puceapex.puce.edu.ec\/web\/cev\/wp-json\/wp\/v2\/comments?post=109"}],"version-history":[{"count":16,"href":"https:\/\/puceapex.puce.edu.ec\/web\/cev\/wp-json\/wp\/v2\/pages\/109\/revisions"}],"predecessor-version":[{"id":16536,"href":"https:\/\/puceapex.puce.edu.ec\/web\/cev\/wp-json\/wp\/v2\/pages\/109\/revisions\/16536"}],"wp:attachment":[{"href":"https:\/\/puceapex.puce.edu.ec\/web\/cev\/wp-json\/wp\/v2\/media?parent=109"}],"curies":[{"name":"wp","href":"https:\/\/api.w.org\/{rel}","templated":true}]}}