{"id":107,"date":"2020-06-03T00:02:52","date_gmt":"2020-06-03T00:02:52","guid":{"rendered":"https:\/\/puceapex.puce.edu.ec\/web\/cev\/?page_id=107"},"modified":"2020-07-14T23:15:11","modified_gmt":"2020-07-14T23:15:11","slug":"preguntas-frecuentes","status":"publish","type":"page","link":"https:\/\/puceapex.puce.edu.ec\/web\/cev\/preguntas-frecuentes\/","title":{"rendered":"Preguntas frecuentes"},"content":{"rendered":"<p>[et_pb_section fb_built=\u00bb1&#8243; _builder_version=\u00bb4.4.8&#8243; background_enable_image=\u00bboff\u00bb custom_padding=\u00bb|0px||||\u00bb custom_css_main_element=\u00bbheight:calc(100vh);\u00bb da_disable_devices=\u00bboff|off|off\u00bb da_is_popup=\u00bboff\u00bb da_exit_intent=\u00bboff\u00bb da_has_close=\u00bbon\u00bb da_alt_close=\u00bboff\u00bb da_dark_close=\u00bboff\u00bb da_not_modal=\u00bbon\u00bb da_is_singular=\u00bboff\u00bb da_with_loader=\u00bboff\u00bb da_has_shadow=\u00bbon\u00bb][et_pb_row _builder_version=\u00bb4.4.8&#8243; width=\u00bb100%\u00bb custom_margin=\u00bb||||false|false\u00bb custom_padding=\u00bb||49px|||\u00bb][et_pb_column type=\u00bb4_4&#8243; _builder_version=\u00bb4.4.7&#8243;][et_pb_text _builder_version=\u00bb4.4.8&#8243; width=\u00bb100%\u00bb min_height=\u00bb85px\u00bb custom_margin=\u00bb45px||-16px||false|false\u00bb custom_padding=\u00bb||18px||false|false\u00bb]<\/p>\n<p><span style=\"color: #e63057;font-size: large\"><strong>Preguntas frecuentes<\/strong><\/span>\u00a0<\/p>\n<p>[\/et_pb_text][et_pb_accordion _builder_version=\u00bb4.4.8&#8243; hover_enabled=\u00bb0&#8243;][et_pb_accordion_item title=\u00bb\u00bfEstos cursos son obligatorios para los docentes de la PUCE?\u00bb open=\u00bbon\u00bb open_toggle_text_color=\u00bb#e8475c\u00bb closed_toggle_text_color=\u00bb#00c3db\u00bb closed_toggle_background_color=\u00bb#ffffff\u00bb _builder_version=\u00bb4.4.8&#8243; body_font_size=\u00bb13px\u00bb hover_enabled=\u00bb0&#8243; border_radii=\u00bbon|10px|10px|10px|10px\u00bb toggle_text_color=\u00bb#00c3db\u00bb toggle_level=\u00bbh6&#8243; toggle_font=\u00bb|800|||||||\u00bb toggle_font_size=\u00bb15px\u00bb closed_toggle_font_size=\u00bb15px\u00bb]<\/p>\n<p><span>No. Si sientes que ya tienes todas las herramientas para crear un aula virtual acoplada a las necesidades de los estudiantes, <a href=\"https:\/\/puceapex.puce.edu.ec\/web\/cev\/solicita-tu-aula-base\/\" target=\"_self\" rel=\"noopener noreferrer\">inscr\u00edbete aqu\u00ed<\/a> para solicitar el aula base. Esta aula ser\u00e1 la que utilizar\u00e1s en el nuevo semestre para impartir tu materia.<\/span><\/p>\n<p>[\/et_pb_accordion_item][et_pb_accordion_item title=\u00bb\u00bfQu\u00e9 beneficios obtengo si sigo alguno de los cursos?\u00bb open_toggle_text_color=\u00bb#e8475c\u00bb closed_toggle_text_color=\u00bb#00c3db\u00bb closed_toggle_background_color=\u00bb#ffffff\u00bb _builder_version=\u00bb4.4.8&#8243; body_font_size=\u00bb13px\u00bb border_radii=\u00bbon|10px|10px|10px|10px\u00bb toggle_text_color=\u00bb#00c3db\u00bb toggle_level=\u00bbh4&#8243; toggle_font=\u00bb|800|||||||\u00bb toggle_font_size=\u00bb15px\u00bb closed_toggle_font_size=\u00bb15px\u00bb]<\/p>\n<p><span>Recibir\u00e1s acompa\u00f1amiento por especialistas durante la creaci\u00f3n de sus aulas virtuales. Tambi\u00e9n, aprender\u00e1s estrategias y herramientas virtuales para la docencia.<\/span><\/p>\n<p>[\/et_pb_accordion_item][et_pb_accordion_item title=\u00bb\u00bfTengo que crear mi aula virtual antes de iniciar el nuevo semestre?\u00bb open_toggle_text_color=\u00bb#e8475c\u00bb closed_toggle_text_color=\u00bb#00c3db\u00bb closed_toggle_background_color=\u00bb#ffffff\u00bb _builder_version=\u00bb4.4.8&#8243; body_font_size=\u00bb13px\u00bb border_radii=\u00bbon|10px|10px|10px|10px\u00bb toggle_text_color=\u00bb#00c3db\u00bb toggle_level=\u00bbh4&#8243; toggle_font=\u00bb|800|||||||\u00bb toggle_font_size=\u00bb15px\u00bb closed_toggle_font_size=\u00bb15px\u00bb]<\/p>\n<p><span>S\u00ed, el lineamiento de la PUCE especifica que todos los docentes deben tener su aula virtual desarrollada y cargada antes del inicio de clase del siguiente semestre. Esto es independiente de que siga los cursos que el Centro de Educaci\u00f3n Virtual ofrece.<\/span><\/p>\n<p>[\/et_pb_accordion_item][et_pb_accordion_item title=\u00bb\u00bfEstos cursos tienen alg\u00fan costo?\u00bb open_toggle_text_color=\u00bb#e8475c\u00bb closed_toggle_text_color=\u00bb#00c3db\u00bb closed_toggle_background_color=\u00bb#ffffff\u00bb _builder_version=\u00bb4.4.8&#8243; body_font_size=\u00bb13px\u00bb border_radii=\u00bbon|10px|10px|10px|10px\u00bb toggle_text_color=\u00bb#00c3db\u00bb toggle_level=\u00bbh4&#8243; toggle_font=\u00bb|800|||||||\u00bb toggle_font_size=\u00bb15px\u00bb closed_toggle_font_size=\u00bb15px\u00bb]<\/p>\n<p><span>No, la PUCE a traves del Centro de Educaci\u00f3n Virtual, brinda toda esta capacitaci\u00f3n de forma gratuita a todos los docentes de la universidad como apoyo a su labor.<\/span><\/p>\n<p>[\/et_pb_accordion_item][et_pb_accordion_item title=\u00bb\u00bfC\u00f3mo se aprueban los cursos?\u00bb open_toggle_text_color=\u00bb#e8475c\u00bb closed_toggle_text_color=\u00bb#00c3db\u00bb closed_toggle_background_color=\u00bb#ffffff\u00bb _builder_version=\u00bb4.4.8&#8243; body_font_size=\u00bb13px\u00bb border_radii=\u00bbon|10px|10px|10px|10px\u00bb toggle_text_color=\u00bb#00c3db\u00bb toggle_level=\u00bbh4&#8243; toggle_font=\u00bb|800|||||||\u00bb toggle_font_size=\u00bb15px\u00bb closed_toggle_font_size=\u00bb15px\u00bb]<\/p>\n<p><span>La parobaci\u00f3n del curso es por calificaci\u00f3n y no por asistencia. Los docentes deber\u00e1n alcanzar el puntaje requerido para obtener el certificado.<\/span><\/p>\n<p>[\/et_pb_accordion_item][et_pb_accordion_item title=\u00bb\u00bfPuedo tomar el curso si no soy docente de la PUCE?\u00bb open_toggle_text_color=\u00bb#e8475c\u00bb closed_toggle_text_color=\u00bb#00c3db\u00bb closed_toggle_background_color=\u00bb#ffffff\u00bb _builder_version=\u00bb4.4.8&#8243; body_font_size=\u00bb13px\u00bb border_radii=\u00bbon|10px|10px|10px|10px\u00bb toggle_text_color=\u00bb#00c3db\u00bb toggle_level=\u00bbh4&#8243; toggle_font=\u00bb|800|||||||\u00bb toggle_font_size=\u00bb15px\u00bb closed_toggle_font_size=\u00bb15px\u00bb]<\/p>\n<p>S\u00ed, la PUCE est\u00e1 ofertando una serie de cursos a los que todos podr\u00e1n tener acceso. Si te interesa obtener m\u00e1s informaci\u00f3n, escr\u00edbanos a: <a href=\"mailto:soportevirtual@puce.edu.ec\">soportevirtual@puce.edu.ec<\/a>.<\/p>\n<p>[\/et_pb_accordion_item][\/et_pb_accordion][et_pb_text _builder_version=\u00bb4.4.7&#8243;]<\/p>\n<p><span style=\"font-size: large\">M\u00e1s informaci\u00f3n cont\u00e1ctanos a <a href=\"mailto:soportevirtual@puce.edu.ec\">soportevirtual@puce.edu.ec<\/a><\/span><\/p>\n<p>[\/et_pb_text][et_pb_button button_url=\u00bb@ET-DC@eyJkeW5hbWljIjp0cnVlLCJjb250ZW50IjoicG9zdF9saW5rX3VybF9wYWdlIiwic2V0dGluZ3MiOnsicG9zdF9pZCI6Ijk1In19@\u00bb url_new_window=\u00bbon\u00bb button_text=\u00bbReg\u00edstrate\u00bb _builder_version=\u00bb4.4.8&#8243; _dynamic_attributes=\u00bbbutton_url\u00bb custom_button=\u00bbon\u00bb button_text_color=\u00bb#ffffff\u00bb button_bg_color=\u00bb#3d1152&#8243; button_border_width=\u00bb0px\u00bb button_border_radius=\u00bb30px\u00bb button_icon=\u00bb%%151%%\u00bb button_icon_color=\u00bb#ffffff\u00bb][\/et_pb_button][et_pb_code _builder_version=\u00bb4.4.8&#8243; width=\u00bb56%\u00bb width_tablet=\u00bb100%\u00bb width_phone=\u00bb\u00bb width_last_edited=\u00bbon|phone\u00bb]<iframe loading=\"lazy\" width=\"560\" height=\"315\" src=\"https:\/\/www.youtube.com\/embed\/_ABAZ8QRKBw\" frameborder=\"0\" allow=\"accelerometer; autoplay; encrypted-media; gyroscope; picture-in-picture\" allowfullscreen><\/iframe>[\/et_pb_code][\/et_pb_column][\/et_pb_row][\/et_pb_section]<\/p>\n","protected":false},"excerpt":{"rendered":"<p>Preguntas frecuentes\u00a0No. Si sientes que ya tienes todas las herramientas para crear un aula virtual acoplada a las necesidades de los estudiantes, inscr\u00edbete aqu\u00ed para solicitar el aula base. Esta aula ser\u00e1 la que utilizar\u00e1s en el nuevo semestre para impartir tu materia.Recibir\u00e1s acompa\u00f1amiento por especialistas durante la creaci\u00f3n de sus aulas virtuales. Tambi\u00e9n, aprender\u00e1s [&hellip;]<\/p>\n","protected":false},"author":13,"featured_media":0,"parent":0,"menu_order":0,"comment_status":"closed","ping_status":"closed","template":"","meta":{"_et_pb_use_builder":"on","_et_pb_old_content":"<!-- wp:divi\/placeholder \/-->","_et_gb_content_width":"","inline_featured_image":false,"footnotes":""},"_links":{"self":[{"href":"https:\/\/puceapex.puce.edu.ec\/web\/cev\/wp-json\/wp\/v2\/pages\/107"}],"collection":[{"href":"https:\/\/puceapex.puce.edu.ec\/web\/cev\/wp-json\/wp\/v2\/pages"}],"about":[{"href":"https:\/\/puceapex.puce.edu.ec\/web\/cev\/wp-json\/wp\/v2\/types\/page"}],"author":[{"embeddable":true,"href":"https:\/\/puceapex.puce.edu.ec\/web\/cev\/wp-json\/wp\/v2\/users\/13"}],"replies":[{"embeddable":true,"href":"https:\/\/puceapex.puce.edu.ec\/web\/cev\/wp-json\/wp\/v2\/comments?post=107"}],"version-history":[{"count":13,"href":"https:\/\/puceapex.puce.edu.ec\/web\/cev\/wp-json\/wp\/v2\/pages\/107\/revisions"}],"predecessor-version":[{"id":2389,"href":"https:\/\/puceapex.puce.edu.ec\/web\/cev\/wp-json\/wp\/v2\/pages\/107\/revisions\/2389"}],"wp:attachment":[{"href":"https:\/\/puceapex.puce.edu.ec\/web\/cev\/wp-json\/wp\/v2\/media?parent=107"}],"curies":[{"name":"wp","href":"https:\/\/api.w.org\/{rel}","templated":true}]}}