{"id":106,"date":"2020-12-15T22:04:06","date_gmt":"2020-12-15T22:04:06","guid":{"rendered":"https:\/\/puceapex.puce.edu.ec\/web\/ceish\/?page_id=106"},"modified":"2023-10-26T21:00:55","modified_gmt":"2023-10-26T21:00:55","slug":"costos","status":"publish","type":"page","link":"https:\/\/puceapex.puce.edu.ec\/web\/ceish\/costos\/","title":{"rendered":"Costos"},"content":{"rendered":"<p>[et_pb_section fb_built=\u00bb1&#8243; custom_padding_last_edited=\u00bbon|tablet\u00bb admin_label=\u00bbOur Guides\u00bb _builder_version=\u00bb4.16&#8243; custom_padding=\u00bb110px||110px|\u00bb custom_padding_tablet=\u00bb60px||60px|\u00bb custom_padding_phone=\u00bb\u00bb da_disable_devices=\u00bboff|off|off\u00bb global_colors_info=\u00bb{}\u00bb da_is_popup=\u00bboff\u00bb da_exit_intent=\u00bboff\u00bb da_has_close=\u00bbon\u00bb da_alt_close=\u00bboff\u00bb da_dark_close=\u00bboff\u00bb da_not_modal=\u00bbon\u00bb da_is_singular=\u00bboff\u00bb da_with_loader=\u00bboff\u00bb da_has_shadow=\u00bbon\u00bb][et_pb_row custom_padding_last_edited=\u00bbon|tablet\u00bb admin_label=\u00bbOur Guides Title\u00bb _builder_version=\u00bb4.17.4&#8243; background_size=\u00bbinitial\u00bb background_position=\u00bbtop_left\u00bb background_repeat=\u00bbrepeat\u00bb custom_padding=\u00bb30px|0px|80px|0px|false|false\u00bb custom_padding_tablet=\u00bb0px||0px|\u00bb custom_padding_phone=\u00bb\u00bb hover_enabled=\u00bb0&#8243; global_colors_info=\u00bb{}\u00bb sticky_enabled=\u00bb0&#8243;][et_pb_column type=\u00bb4_4&#8243; _builder_version=\u00bb4.16&#8243; custom_padding=\u00bb|||\u00bb global_colors_info=\u00bb{}\u00bb custom_padding__hover=\u00bb|||\u00bb][et_pb_text admin_label=\u00bbTeam Title\u00bb _builder_version=\u00bb4.16&#8243; text_font=\u00bb||||\u00bb text_text_color=\u00bb#1a1a1a\u00bb header_font=\u00bbOswald|on||on|\u00bb header_text_align=\u00bbcenter\u00bb header_font_size=\u00bb60px\u00bb header_line_height=\u00bb1.3em\u00bb background_size=\u00bbinitial\u00bb background_position=\u00bbtop_left\u00bb background_repeat=\u00bbrepeat\u00bb module_alignment=\u00bbcenter\u00bb custom_margin=\u00bb|||\u00bb custom_padding=\u00bb|||\u00bb animation_style=\u00bbslide\u00bb animation_direction=\u00bbtop\u00bb animation_intensity_slide=\u00bb10%\u00bb locked=\u00bboff\u00bb global_colors_info=\u00bb{}\u00bb]<\/p>\n<h1>Costos<\/h1>\n<p>[\/et_pb_text][et_pb_divider color=\u00bb#00bfd8&#8243; divider_position=\u00bbcenter\u00bb divider_weight=\u00bb3px\u00bb disabled_on=\u00bboff|off|off\u00bb _builder_version=\u00bb4.16&#8243; max_width=\u00bb150px\u00bb module_alignment=\u00bbcenter\u00bb height=\u00bbfalse\u00bb custom_margin=\u00bb30px|||\u00bb animation_style=\u00bbslide\u00bb animation_direction=\u00bbtop\u00bb animation_delay=\u00bb100ms\u00bb animation_intensity_slide=\u00bb10%\u00bb locked=\u00bboff\u00bb global_colors_info=\u00bb{}\u00bb][\/et_pb_divider][et_pb_text _builder_version=\u00bb4.17.4&#8243; _module_preset=\u00bbdefault\u00bb hover_enabled=\u00bb0&#8243; sticky_enabled=\u00bb0&#8243; text_font=\u00bbRoboto||||||||\u00bb text_font_size=\u00bb16px\u00bb]Los servicios del CEISH-PUCE tendr\u00e1n costo.<\/p>\n<p>El pago de los valores se realizar\u00e1 al inicio del proceso y no interferir\u00e1 en el tiempo y la decisi\u00f3n que tome el comit\u00e9. [\/et_pb_text][\/et_pb_column][\/et_pb_row][et_pb_row column_structure=\u00bb1_2,1_2&#8243; admin_label=\u00bbGuides Grid\u00bb _builder_version=\u00bb4.16&#8243; custom_padding=\u00bb40px|0px|40px|0px\u00bb global_colors_info=\u00bb{}\u00bb][et_pb_column type=\u00bb1_2&#8243; _builder_version=\u00bb4.16&#8243; custom_padding=\u00bb|||\u00bb global_colors_info=\u00bb{}\u00bb custom_padding__hover=\u00bb|||\u00bb][et_pb_blurb use_icon=\u00bbon\u00bb font_icon=\u00bb&#xe0ed;||divi||400&#8243; icon_color=\u00bb#00bfd8&#8243; icon_placement=\u00bbleft\u00bb image_icon_width=\u00bb60px\u00bb _builder_version=\u00bb4.17.4&#8243; header_font=\u00bbOswald|on||on|\u00bb header_font_size=\u00bb24px\u00bb body_font=\u00bbRoboto||||\u00bb body_text_color=\u00bbrgba(0,0,0,0.6)\u00bb body_font_size=\u00bb16px\u00bb text_orientation=\u00bbjustified\u00bb animation_style=\u00bbzoom\u00bb animation_intensity_zoom=\u00bb10%\u00bb hover_enabled=\u00bb0&#8243; icon_font_size=\u00bb60px\u00bb locked=\u00bboff\u00bb global_colors_info=\u00bb{}\u00bb title=\u00bbEstudios, observacionales y de intervenci\u00f3n. \u00bb header_line_height=\u00bb1.2em\u00bb header_text_align=\u00bbleft\u00bb body_text_align=\u00bbleft\u00bb sticky_enabled=\u00bb0&#8243;]Incluyen estudios sin riesgo cuya evaluaci\u00f3n es exenta.<\/p>\n<p><b>Consideraciones Costo<\/b><\/p>\n<ul>\n<li>Estudiantes, docentes e investigadores PUCE sede Quito Subvencionado por la PUCE sede Quito <b style=\"color:#00a0dd;\">(10% SBU)<\/b><\/li>\n<li>Estudiantes, docentes e investigadores PUCE otras sedes <b style=\"color:#00a0dd;\">10% SBU=45 USD<\/b><\/li>\n<li>Alumni \u2013 PUCE y estudiantes otras universidades nacionales <b style=\"color:#00a0dd;\">20% del SBU= 90 USD<\/b><\/li>\n<li>Docentes e investigadores de otras universidades nacionales <b style=\"color:#00a0dd;\">40% del SBU= 180 USD<\/b><\/li>\n<li>Estudiantes universidades internacionales <b style=\"color:#00a0dd;\">60% del SBU= 270 USD<\/b><\/li>\n<li>Docentes e investigadores de universidades internacionales <b style=\"color:#00a0dd;\">80% del SBU= 360 USD<\/b><\/li>\n<li>Investigadores sin filiaci\u00f3n con la academia o privados <b style=\"color:#00a0dd;\">1.6 SBU= 720 USD<\/b><\/li>\n<li>Investigadores con apoyo de farmac\u00e9uticas, grupos de investigaci\u00f3n y otros <b style=\"color:#00a0dd;\">2 SBU= 900 USD<\/b><\/li>\n<\/ul>\n<p> [\/et_pb_blurb][\/et_pb_column][et_pb_column type=\u00bb1_2&#8243; _builder_version=\u00bb4.16&#8243; custom_padding=\u00bb|||\u00bb global_colors_info=\u00bb{}\u00bb custom_padding__hover=\u00bb|||\u00bb][et_pb_blurb use_icon=\u00bbon\u00bb font_icon=\u00bb&#xe0ed;||divi||400&#8243; icon_color=\u00bb#00bfd8&#8243; icon_placement=\u00bbleft\u00bb image_icon_width=\u00bb60px\u00bb _builder_version=\u00bb4.17.4&#8243; header_font=\u00bbOswald|on||on|\u00bb header_font_size=\u00bb24px\u00bb body_font=\u00bbRoboto||||\u00bb body_text_color=\u00bbrgba(0,0,0,0.6)\u00bb body_font_size=\u00bb16px\u00bb text_orientation=\u00bbjustified\u00bb animation_style=\u00bbzoom\u00bb animation_intensity_zoom=\u00bb10%\u00bb hover_enabled=\u00bb0&#8243; icon_font_size=\u00bb60px\u00bb locked=\u00bboff\u00bb global_colors_info=\u00bb{}\u00bb title=\u00bbEnsayo Cl\u00ednico\u00bb header_line_height=\u00bb1.2em\u00bb header_text_align=\u00bbleft\u00bb body_text_align=\u00bbleft\u00bb sticky_enabled=\u00bb0&#8243;]<b>Consideraciones Costo<\/b><\/p>\n<ul>\n<li>Estudiantes, docentes e investigadores PUCE sede Quito Subvencionado por la PUCE sede Quito <b style=\"color:#00a0dd;\">(40% SBU)<\/b><\/li>\n<li>Estudiantes, docentes e investigadores PUCE otras sedes <b style=\"color:#00a0dd;\">40% SBU = 180 USD<\/b><\/li>\n<li>Estudiantes otras universidades nacionales <b style=\"color:#00a0dd;\">80% del SBU= 360 USD<\/b><\/li>\n<li>Docentes e investigadores de otras universidades nacionales <b style=\"color:#00a0dd;\">1.6 SBU= 720 USD<\/b><\/li>\n<li>Estudiantes universidades internacionales <b style=\"color:#00a0dd;\">2 SBU= 900 USD<\/b><\/li>\n<li>Docentes e investigadores de universidades internacionales <b style=\"color:#00a0dd;\">5.5 SBU= 2475 USD<\/b><\/li>\n<li>Investigadores sin filiaci\u00f3n con la academia o privados <b style=\"color:#00a0dd;\">7 SBU= 3150 USD<\/b><\/li>\n<li>Investigadores con apoyo de farmac\u00e9uticas, grupos de investigaci\u00f3n y otros <b style=\"color:#00a0dd;\">10 SBU= 4500 USD<\/b><\/li>\n<\/ul>\n<p> [\/et_pb_blurb][\/et_pb_column][\/et_pb_row][et_pb_row _builder_version=\u00bb4.17.4&#8243; _module_preset=\u00bbdefault\u00bb locked=\u00bboff\u00bb global_colors_info=\u00bb{}\u00bb][et_pb_column type=\u00bb4_4&#8243; _builder_version=\u00bb4.17.4&#8243; _module_preset=\u00bbdefault\u00bb global_colors_info=\u00bb{}\u00bb][et_pb_text _builder_version=\u00bb4.17.4&#8243; _module_preset=\u00bbdefault\u00bb hover_enabled=\u00bb0&#8243; global_colors_info=\u00bb{}\u00bb text_font=\u00bbRoboto||||||||\u00bb text_font_size=\u00bb16px\u00bb sticky_enabled=\u00bb0&#8243;]* Se realizar\u00e1n los ajustes correspondientes de acuerdo con los valores del Salario B\u00e1sico Unificado (SBU) vigente para cada a\u00f1o.  <\/p>\n<p><b><a href=\"https:\/\/puceapex.puce.edu.ec\/web\/ceish\/wp-content\/uploads\/sites\/19\/2023\/10\/CEISH-Valores-evaluacion.pdf\" target=\"_blank\" rel=\"noopener\">CEISH Valores evaluaci\u00f3n<\/a><\/b>[\/et_pb_text][\/et_pb_column][\/et_pb_row][\/et_pb_section]<\/p>\n","protected":false},"excerpt":{"rendered":"<p>CostosLos servicios del CEISH-PUCE tendr\u00e1n costo. El pago de los valores se realizar\u00e1 al inicio del proceso y no interferir\u00e1 en el tiempo y la decisi\u00f3n que tome el comit\u00e9. Incluyen estudios sin riesgo cuya evaluaci\u00f3n es exenta. Consideraciones Costo Estudiantes, docentes e investigadores PUCE sede Quito Subvencionado por la PUCE sede Quito (10% SBU) [&hellip;]<\/p>\n","protected":false},"author":7,"featured_media":0,"parent":0,"menu_order":0,"comment_status":"closed","ping_status":"closed","template":"","meta":{"_et_pb_use_builder":"on","_et_pb_old_content":"","_et_gb_content_width":"","inline_featured_image":false,"footnotes":""},"_links":{"self":[{"href":"https:\/\/puceapex.puce.edu.ec\/web\/ceish\/wp-json\/wp\/v2\/pages\/106"}],"collection":[{"href":"https:\/\/puceapex.puce.edu.ec\/web\/ceish\/wp-json\/wp\/v2\/pages"}],"about":[{"href":"https:\/\/puceapex.puce.edu.ec\/web\/ceish\/wp-json\/wp\/v2\/types\/page"}],"author":[{"embeddable":true,"href":"https:\/\/puceapex.puce.edu.ec\/web\/ceish\/wp-json\/wp\/v2\/users\/7"}],"replies":[{"embeddable":true,"href":"https:\/\/puceapex.puce.edu.ec\/web\/ceish\/wp-json\/wp\/v2\/comments?post=106"}],"version-history":[{"count":6,"href":"https:\/\/puceapex.puce.edu.ec\/web\/ceish\/wp-json\/wp\/v2\/pages\/106\/revisions"}],"predecessor-version":[{"id":460,"href":"https:\/\/puceapex.puce.edu.ec\/web\/ceish\/wp-json\/wp\/v2\/pages\/106\/revisions\/460"}],"wp:attachment":[{"href":"https:\/\/puceapex.puce.edu.ec\/web\/ceish\/wp-json\/wp\/v2\/media?parent=106"}],"curies":[{"name":"wp","href":"https:\/\/api.w.org\/{rel}","templated":true}]}}